{"id":21217,"date":"2026-05-09T01:40:49","date_gmt":"2026-05-08T22:40:49","guid":{"rendered":"https:\/\/tursaytravel.com\/?post_type=product&#038;p=21217"},"modified":"2026-05-11T16:30:58","modified_gmt":"2026-05-11T13:30:58","slug":"wycieczka-combo-alanya-city-boat","status":"publish","type":"product","link":"https:\/\/tursaytravel.com\/pl\/wycieczka-combo-alanya-city-boat\/","title":{"rendered":"Wycieczka Combo Alanya City &#038; Boat"},"content":{"rendered":"<h2>Wycieczka Combo Alanya City &#038; Boat<\/h2>\n<p>Jest to ca\u0142odniowy program wycieczki, podczas kt\u00f3rego mo\u017cna do\u015bwiadczy\u0107 wyj\u0105tkowego historycznego pi\u0119kna Alanyi oraz cieszy\u0107 si\u0119 zabawn\u0105 i t\u0119tni\u0105c\u0105 \u017cyciem atmosfer\u0105 rejsu po Morzu \u015ar\u00f3dziemnym. Podczas tej wyj\u0105tkowej wycieczki mo\u017cna po\u0142\u0105czy\u0107 odkrywanie kultury z wypoczynkiem nad morzem i s\u0142o\u0144cem. Przez ca\u0142y dzie\u0144 czekaj\u0105 niezapomniane chwile, panoramiczne widoki, zabytki oraz pi\u0119kno natury. Dodatkowo piracki rejs statkiem zapewnia dodatkow\u0105 rozrywk\u0119 dzi\u0119ki muzyce, animacjom i imprezie pianowej. Ta wycieczka \u0142\u0105czy zwiedzanie, morze i rozrywk\u0119 w jednym programie i jest idealnym sposobem na sp\u0119dzenie dnia w Alanyi.    <\/p>\n<h2>Szczeg\u00f3\u0142y informacji o wycieczce:<\/h2>\n<ul>\n<li>Odbi\u00f3r z hoteli oko\u0142o 08:30.<\/li>\n<li>Przystanek fotograficzny i widok panoramiczny na tarasie I Love Alanya.<\/li>\n<li>Zwiedzanie Antycznego Miasta Alanyi (wewn\u0119trzna twierdza): Ehmedek, Bedesten i historyczny meczet S\u00fcleymaniye.<\/li>\n<li>1\u20131,5 godziny czasu wolnego na Pla\u017cy Kleopatry.<br \/>Opcjonalnie: Jaskinia Damlata\u015f, kolejka linowa, p\u0142ywanie i opalanie. (Jaskinia i kolejka linowa dodatkowo p\u0142atne.) <\/li>\n<li>Obiad w restauracji (grillowany kurczak, sa\u0142atka, makaron).<br \/>\nObiad w cenie wycieczki, napoje dodatkowo p\u0142atne.<\/li>\n<li>Po obiedzie przejazd do portu w Alanyi.<\/li>\n<li>1\u20131,5 godziny rejs pirack\u0105 \u0142odzi\u0105.<\/li>\n<li>Podczas rejsu: stocznia, Jaskinia Pirat\u00f3w, Jaskinia Zakochanych, Jaskinia Fosforowa, przerwa na k\u0105piel na Pla\u017cy Kleopatry, animacje, muzyka i piana party.<\/li>\n<li>Po zako\u0144czeniu wycieczki zostaniecie odwiezieni z powrotem do hoteli oko\u0142o godziny 17:30.<\/li>\n<\/ul>\n<p>Mi\u0142ej zabawy! \ud83d\ude42<\/p>\n<h2>W cenie:<\/h2>\n<ul>\n<li>Ubezpieczenie<\/li>\n<li>Przewodnik<\/li>\n<li>Odbi\u00f3r z hotelu\/powr\u00f3t do hotelu<\/li>\n<li>Obiad<\/li>\n<li>Wycieczka \u0142odzi\u0105<\/li>\n<\/ul>\n<h2>Opcjonalnie z ceny wy\u0142\u0105czone:<\/h2>\n<ul>\n<li>Op\u0142ata za wst\u0119p do jaskini Damlata\u015f<\/li>\n<li>Op\u0142ata za wjazd kolejk\u0105 linow\u0105<\/li>\n<li>Napoje<\/li>\n<li>Wydatki osobiste<\/li>\n<\/ul>\n<h2>Wskaz\u00f3wki i dodatkowe informacje:<\/h2>\n<ul>\n<li>Godziny odbioru i powr\u00f3t mog\u0105 si\u0119 r\u00f3\u017cni\u0107 w zale\u017cno\u015bci od lokalizacji hotelu.<\/li>\n<li>Je\u015bli chcesz pop\u0142ywa\u0107, zalecamy zabranie ze sob\u0105 stroju k\u0105pielowego i r\u0119cznika.<\/li>\n<\/ul>\n<h2>Informacje og\u00f3lne:<\/h2>\n<ul>\n<li>Dni wycieczek: Poniedzia\u0142ek, Czwartek, Sobota<\/li>\n<li>Miejsce spotkania: Hotel.<\/li>\n<li>Godzina spotkania: 08:30<\/li>\n<li>Miejsce powr\u00f3tu: Hotel.<\/li>\n<li>Godzina powr\u00f3tu: 17:30<\/li>\n<li>Czas trwania wycieczki: 9 (transport wliczony)<\/li>\n<\/ul>\n","protected":false},"excerpt":{"rendered":"<h3>Cennik<\/h3>\n<table class=\"price-table\">\n<tbody>\n<tr>\n<td>Jedna osoba<\/td>\n<td>Doros\u0142y (&gt;12)<\/td>\n<td>15 \u20ac<\/td>\n<\/tr>\n<tr>\n<td>Jedna osoba<\/td>\n<td>Dziecko (7-11)<\/td>\n<td>10 \u20ac<\/td>\n<\/tr>\n<tr>\n<td>Jedna osoba<\/td>\n<td>Niemowl\u0119 (0-6)<\/td>\n<td>Bezp\u0142atny<\/td>\n<\/tr>\n<\/tbody>\n<\/table>\n","protected":false},"featured_media":21225,"comment_status":"open","ping_status":"closed","template":"","meta":{"_joinchat":[]},"product_brand":[],"product_cat":[60],"product_tag":[],"class_list":{"0":"post-21217","1":"product","2":"type-product","3":"status-publish","4":"has-post-thumbnail","6":"product_cat-wycieczki-w-alanyi","8":"first","9":"instock","10":"sold-individually","11":"shipping-taxable","12":"purchasable","13":"product-type-booking"},"booking_location":"","booking_location_type":"","booking_duration":1,"booking_duration_unit":"day","booking_buffer":0,"booking_cost":0,"booking_resources":[],"jetpack_sharing_enabled":true,"_links":{"self":[{"href":"https:\/\/tursaytravel.com\/pl\/wp-json\/wp\/v2\/product\/21217","targetHints":{"allow":["GET"]}}],"collection":[{"href":"https:\/\/tursaytravel.com\/pl\/wp-json\/wp\/v2\/product"}],"about":[{"href":"https:\/\/tursaytravel.com\/pl\/wp-json\/wp\/v2\/types\/product"}],"replies":[{"embeddable":true,"href":"https:\/\/tursaytravel.com\/pl\/wp-json\/wp\/v2\/comments?post=21217"}],"wp:featuredmedia":[{"embeddable":true,"href":"https:\/\/tursaytravel.com\/pl\/wp-json\/wp\/v2\/media\/21225"}],"wp:attachment":[{"href":"https:\/\/tursaytravel.com\/pl\/wp-json\/wp\/v2\/media?parent=21217"}],"wp:term":[{"taxonomy":"product_brand","embeddable":true,"href":"https:\/\/tursaytravel.com\/pl\/wp-json\/wp\/v2\/product_brand?post=21217"},{"taxonomy":"product_cat","embeddable":true,"href":"https:\/\/tursaytravel.com\/pl\/wp-json\/wp\/v2\/product_cat?post=21217"},{"taxonomy":"product_tag","embeddable":true,"href":"https:\/\/tursaytravel.com\/pl\/wp-json\/wp\/v2\/product_tag?post=21217"}],"curies":[{"name":"wp","href":"https:\/\/api.w.org\/{rel}","templated":true}]}}