{"id":20744,"date":"2026-05-04T21:45:24","date_gmt":"2026-05-04T18:45:24","guid":{"rendered":"https:\/\/tursaytravel.com\/?post_type=product&#038;p=20744"},"modified":"2026-05-09T01:44:22","modified_gmt":"2026-05-08T22:44:22","slug":"side-noca-rejs-po-zielonym-jeziorze-green-lake-z-alanyi","status":"publish","type":"product","link":"https:\/\/tursaytravel.com\/pl\/side-noca-rejs-po-zielonym-jeziorze-green-lake-z-alanyi\/","title":{"rendered":"Side noc\u0105 &#038; rejs po Zielonym Jeziorze (Green Lake) z Alanyi"},"content":{"rendered":"<h2>Side noc\u0105 &#038; rejs po Zielonym Jeziorze (Green Lake) z Alanyi<\/h2>\n<p>Starting from Alanya, this special tour combines nature and history in one day. You will enjoy a relaxing boat trip on the peaceful waters of Green Lake and in the evening explore the fascinating atmosphere of Side Ancient City. A full-day program awaits you with a sunset dinner by the lake and a visit to Manavgat Waterfall.  <\/p>\n<h2>Szczeg\u00f3\u0142y informacji o wycieczce:<\/h2>\n<ul>\n<li>Odbi\u00f3r z hotelu oko\u0142o 15:00 klimatyzowanym autobusem<\/li>\n<li>Spotkanie w restauracji G\u00f6lba\u015f\u0131 przy Zapora Manavgat<\/li>\n<li>Przyjazd do portu i rozpocz\u0119cie rejsu po Green Lake<\/li>\n<li>Animacje i przerwy na p\u0142ywanie podczas rejsu<\/li>\n<li>Powr\u00f3t do portu<\/li>\n<li>Kolacja w restauracji nad jeziorem o zachodzie s\u0142o\u0144ca<br \/>\n (Kolacja w cenie, napoje dodatkowo p\u0142atne)<\/li>\n<li>Wizyta przy Wodospad Manavgat i przerwa na zdj\u0119cia<br \/>\n (Wst\u0119p w cenie)<\/li>\n<li>Przejazd do Staro\u017cytne Miasto Side<\/li>\n<li>2 godziny czasu wolnego z przewodnikiem<\/li>\n<li>Powr\u00f3t do hoteli oko\u0142o 23:30<\/li>\n<\/ul>\n<p>Mi\u0142ej zabawy! \ud83d\ude42<\/p>\n<h3>W cenie:<\/h3>\n<ul>\n<li>Ubezpieczenie<\/li>\n<li>Przewodnik<\/li>\n<li>Odbi\u00f3r z hotelu\/powr\u00f3t do hotelu<\/li>\n<li>Boat Tour<\/li>\n<li>Kolacja<\/li>\n<li>Op\u0142ata za wst\u0119p do wodospadu Manavgat<\/li>\n<\/ul>\n<h3>Opcjonalnie z ceny wy\u0142\u0105czone:<\/h3>\n<ul>\n<li>Napoje<\/li>\n<li>Wydatki osobiste<\/li>\n<li>Zdj\u0119cie<\/li>\n<\/ul>\n<h2>Wskaz\u00f3wki i dodatkowe informacje:<\/h2>\n<ul>\n<li>Je\u015bli chcesz p\u0142ywa\u0107, zabierz str\u00f3j k\u0105pielowy i r\u0119cznik.<\/li>\n<li>Po rejsie statkiem mamy miejsce, w kt\u00f3rym mo\u017cesz si\u0119 przebra\u0107 i wysuszy\u0107 w\u0142osy. Mo\u017cesz r\u00f3wnie\u017c zabra\u0107 ze sob\u0105 zapasowe ubrania. <\/li>\n<li>Godziny odbioru i dowozu mog\u0105 si\u0119 r\u00f3\u017cni\u0107 w zale\u017cno\u015bci od lokalizacji Twojego hotelu.<\/li>\n<\/ul>\n<h2>Informacje og\u00f3lne:<\/h2>\n<ul>\n<li>Dni wycieczek: poniedzia\u0142ek, \u015broda, pi\u0105tek<\/li>\n<li>Miejsce spotkania: Hotel.<\/li>\n<li>Godzina spotkania: 15:00<\/li>\n<li>Miejsce powr\u00f3tu: Hotel.<\/li>\n<li>Godzina powr\u00f3tu: 23:30<\/li>\n<li>Czas trwania wycieczki: 9 (transport wliczony)<\/li>\n<\/ul>\n","protected":false},"excerpt":{"rendered":"<h3>Cennik<\/h3>\n<table class=\"price-table\">\n<tbody>\n<tr>\n<td>Jedna osoba<\/td>\n<td>Doros\u0142y (&gt;12)<\/td>\n<td>15 \u20ac<\/td>\n<\/tr>\n<tr>\n<td>Jedna osoba<\/td>\n<td>Dziecko (7-11)<\/td>\n<td>10 \u20ac<\/td>\n<\/tr>\n<tr>\n<td>Jedna osoba<\/td>\n<td>Niemowl\u0119 (0-6)<\/td>\n<td>Bezp\u0142atny<\/td>\n<\/tr>\n<\/tbody>\n<\/table>\n","protected":false},"featured_media":20757,"comment_status":"open","ping_status":"closed","template":"","meta":{"_joinchat":[]},"product_brand":[],"product_cat":[60],"product_tag":[],"class_list":{"0":"post-20744","1":"product","2":"type-product","3":"status-publish","4":"has-post-thumbnail","6":"product_cat-wycieczki-w-alanyi","8":"first","9":"instock","10":"sold-individually","11":"shipping-taxable","12":"purchasable","13":"product-type-booking"},"booking_location":"","booking_location_type":"","booking_duration":1,"booking_duration_unit":"day","booking_buffer":0,"booking_cost":0,"booking_resources":[],"jetpack_sharing_enabled":true,"_links":{"self":[{"href":"https:\/\/tursaytravel.com\/pl\/wp-json\/wp\/v2\/product\/20744","targetHints":{"allow":["GET"]}}],"collection":[{"href":"https:\/\/tursaytravel.com\/pl\/wp-json\/wp\/v2\/product"}],"about":[{"href":"https:\/\/tursaytravel.com\/pl\/wp-json\/wp\/v2\/types\/product"}],"replies":[{"embeddable":true,"href":"https:\/\/tursaytravel.com\/pl\/wp-json\/wp\/v2\/comments?post=20744"}],"wp:featuredmedia":[{"embeddable":true,"href":"https:\/\/tursaytravel.com\/pl\/wp-json\/wp\/v2\/media\/20757"}],"wp:attachment":[{"href":"https:\/\/tursaytravel.com\/pl\/wp-json\/wp\/v2\/media?parent=20744"}],"wp:term":[{"taxonomy":"product_brand","embeddable":true,"href":"https:\/\/tursaytravel.com\/pl\/wp-json\/wp\/v2\/product_brand?post=20744"},{"taxonomy":"product_cat","embeddable":true,"href":"https:\/\/tursaytravel.com\/pl\/wp-json\/wp\/v2\/product_cat?post=20744"},{"taxonomy":"product_tag","embeddable":true,"href":"https:\/\/tursaytravel.com\/pl\/wp-json\/wp\/v2\/product_tag?post=20744"}],"curies":[{"name":"wp","href":"https:\/\/api.w.org\/{rel}","templated":true}]}}