{"id":20659,"date":"2026-05-04T21:14:21","date_gmt":"2026-05-04T18:14:21","guid":{"rendered":"https:\/\/tursaytravel.com\/?post_type=product&#038;p=20659"},"modified":"2026-05-12T15:53:50","modified_gmt":"2026-05-12T12:53:50","slug":"wycieczka-combo-kanion-sapadere-i-rzeka-dim-z-alanyi","status":"publish","type":"product","link":"https:\/\/tursaytravel.com\/pl\/wycieczka-combo-kanion-sapadere-i-rzeka-dim-z-alanyi\/","title":{"rendered":"Wycieczka combo Kanion Sapadere i Rzeka Dim z Alanyi"},"content":{"rendered":"<h2>Wycieczka combo Kanion Sapadere i Rzeka Dim z Alanyi<\/h2>\n<p>Ta przyjemna wycieczka jest idealna dla tych, kt\u00f3rzy chc\u0105 odkry\u0107 naturalne pi\u0119kno Alanyi. Przespacerujesz si\u0119 orze\u017awiaj\u0105cymi wodami kanionu Sapadere i b\u0119dziesz podziwia\u0107 zapieraj\u0105ce dech w piersiach widoki w otoczeniu natury. Czeka Ci\u0119 relaksuj\u0105cy odpoczynek nad rzek\u0105 Dim z obiadem. Ca\u0142odniowy program, w kt\u00f3rym mo\u017cesz zar\u00f3wno odpocz\u0105\u0107, jak i zwiedzi\u0107 okolic\u0119!   <\/p>\n<h2>Szczeg\u00f3\u0142y informacji o wycieczce:<\/h2>\n<ul>\n<li>Odbi\u00f3r z hoteli oko\u0142o 08:00<\/li>\n<li>Wizyta na plantacji banan\u00f3w<\/li>\n<li>Przejazd do Kanion Sapadere<\/li>\n<li>Czas wolny (ok. 1 godziny) na spacer i k\u0105piel<\/li>\n<li>Wizyta w ogrodzie lawendowym i na lokalnym targu<\/li>\n<li>Zwiedzanie Jaskini Krasnoludk\u00f3w (wst\u0119p dodatkowo p\u0142atny)<\/li>\n<li>Przejazd do Staro\u017cytnego Mostu Rzymskiego<\/li>\n<li>K\u0105piel, spacer i przerwa na zdj\u0119cia<\/li>\n<li>Przejazd nad Rzeka Dim na obiad (ok. 1 godziny)<\/li>\n<li>Mo\u017cliwo\u015b\u0107 k\u0105pieli<\/li>\n<li>(Obiad w cenie, napoje dodatkowo p\u0142atne)<\/li>\n<li>Powr\u00f3t do hoteli oko\u0142o 16:30<\/li>\n<\/ul>\n<p>Mi\u0142ej zabawy! \ud83d\ude42<\/p>\n<h3>W cenie:<\/h3>\n<ul>\n<li>Ubezpieczenie<\/li>\n<li>Przewodnik<\/li>\n<li>Odbi\u00f3r z hotelu\/powr\u00f3t do hotelu<\/li>\n<li>Obiad<\/li>\n<li>Op\u0142ata za wst\u0119p do kanionu Sapadere<\/li>\n<\/ul>\n<h3>Opcjonalnie z ceny wy\u0142\u0105czone:<\/h3>\n<ul>\n<li>Napoje<\/li>\n<li>Wydatki osobiste<\/li>\n<li>Op\u0142ata za wst\u0119p do Jaskini Krasnolud\u00f3w<\/li>\n<\/ul>\n<h3>Wskaz\u00f3wki i dodatkowe informacje:<\/h3>\n<ul>\n<li>Je\u015bli chcesz pop\u0142ywa\u0107, zalecamy zabranie ze sob\u0105 stroju k\u0105pielowego i r\u0119cznika.<\/li>\n<li>Godziny odbioru i powr\u00f3t mog\u0105 si\u0119 r\u00f3\u017cni\u0107 w zale\u017cno\u015bci od lokalizacji hotelu.<\/li>\n<\/ul>\n<h2>Informacje og\u00f3lne:<\/h2>\n<ul>\n<li>Dni wycieczek: Codziennie<\/li>\n<li>Miejsce spotkania: Hotel.<\/li>\n<li>Godzina spotkania: 08:00<\/li>\n<li>Miejsce powr\u00f3tu: Hotel.<\/li>\n<li>Godzina powr\u00f3tu: 16:30<\/li>\n<li>Czas trwania wycieczki: 9 (transport wliczony)<\/li>\n<\/ul>\n","protected":false},"excerpt":{"rendered":"<h3>Cennik<\/h3>\n<table class=\"price-table\">\n<tbody>\n<tr>\n<td>Jedna osoba<\/td>\n<td>Doros\u0142y (&gt;12)<\/td>\n<td>15 \u20ac<\/td>\n<\/tr>\n<tr>\n<td>Jedna osoba<\/td>\n<td>Dziecko (7-11)<\/td>\n<td>10 \u20ac<\/td>\n<\/tr>\n<tr>\n<td>Jedna osoba<\/td>\n<td>Niemowl\u0119 (0-6)<\/td>\n<td>Bezp\u0142atny<\/td>\n<\/tr>\n<\/tbody>\n<\/table>\n","protected":false},"featured_media":20667,"comment_status":"open","ping_status":"closed","template":"","meta":{"_joinchat":[]},"product_brand":[],"product_cat":[60],"product_tag":[],"class_list":{"0":"post-20659","1":"product","2":"type-product","3":"status-publish","4":"has-post-thumbnail","6":"product_cat-wycieczki-w-alanyi","8":"first","9":"instock","10":"sold-individually","11":"shipping-taxable","12":"purchasable","13":"product-type-booking"},"booking_location":"","booking_location_type":"","booking_duration":1,"booking_duration_unit":"day","booking_buffer":0,"booking_cost":0,"booking_resources":[],"jetpack_sharing_enabled":true,"_links":{"self":[{"href":"https:\/\/tursaytravel.com\/pl\/wp-json\/wp\/v2\/product\/20659","targetHints":{"allow":["GET"]}}],"collection":[{"href":"https:\/\/tursaytravel.com\/pl\/wp-json\/wp\/v2\/product"}],"about":[{"href":"https:\/\/tursaytravel.com\/pl\/wp-json\/wp\/v2\/types\/product"}],"replies":[{"embeddable":true,"href":"https:\/\/tursaytravel.com\/pl\/wp-json\/wp\/v2\/comments?post=20659"}],"wp:featuredmedia":[{"embeddable":true,"href":"https:\/\/tursaytravel.com\/pl\/wp-json\/wp\/v2\/media\/20667"}],"wp:attachment":[{"href":"https:\/\/tursaytravel.com\/pl\/wp-json\/wp\/v2\/media?parent=20659"}],"wp:term":[{"taxonomy":"product_brand","embeddable":true,"href":"https:\/\/tursaytravel.com\/pl\/wp-json\/wp\/v2\/product_brand?post=20659"},{"taxonomy":"product_cat","embeddable":true,"href":"https:\/\/tursaytravel.com\/pl\/wp-json\/wp\/v2\/product_cat?post=20659"},{"taxonomy":"product_tag","embeddable":true,"href":"https:\/\/tursaytravel.com\/pl\/wp-json\/wp\/v2\/product_tag?post=20659"}],"curies":[{"name":"wp","href":"https:\/\/api.w.org\/{rel}","templated":true}]}}