{"id":19942,"date":"2026-04-20T01:02:09","date_gmt":"2026-04-19T22:02:09","guid":{"rendered":"https:\/\/tursaytravel.com\/?post_type=product&#038;p=19942"},"modified":"2026-04-20T01:19:23","modified_gmt":"2026-04-19T22:19:23","slug":"wycieczka-z-belek-do-zielonego-kanionu-wodospadu-manavgat-i-zoo","status":"publish","type":"product","link":"https:\/\/tursaytravel.com\/pl\/wycieczka-z-belek-do-zielonego-kanionu-wodospadu-manavgat-i-zoo\/","title":{"rendered":"Wycieczka z Belek do Zielonego Kanionu, Wodospadu Manavgat i Zoo"},"content":{"rendered":"<h2>Wycieczka z Belek do Zielonego Kanionu, Wodospadu Manavgat i Zoo<\/h2>\n<p>Przygotuj si\u0119 na wyj\u0105tkowy dzie\u0144 pe\u0142en natury, relaksu i niezapomnianych wra\u017ce\u0144! Podczas tej wycieczki odkryjesz pi\u0119kno Zielonego Kanionu podczas rejsu \u0142odzi\u0105, zjesz spokojny obiad nad jeziorem oraz odwiedzisz malowniczy wodospad Manavgat. Dodatkowo wizyta w zoo sprawi, \u017ce b\u0119dzie to idealna wycieczka \u0142\u0105cz\u0105ca odpoczynek i zwiedzanie.<\/p>\n<h2>Szczeg\u00f3\u0142y informacji o wycieczce:<\/h2>\n<ul>\n<li>Odbi\u00f3r z hoteli oko\u0142o godziny 08:30<\/li>\n<li>Przyjazd na miejsce zbi\u00f3rki i informacje od przewodnika<\/li>\n<li>Rozpocz\u0119cie wycieczki<\/li>\n<li>Wizyta w zoo (wst\u0119p wliczony) \u2013 45 minut czasu wolnego<\/li>\n<li>Przerwa w tradycyjnym miejscu z g\u00f6zleme (ok. 30 minut)<\/li>\n<li>Obiad w restauracji nad jeziorem Green Canyon<br \/>\n(Obiad w cenie, napoje dodatkowo p\u0142atne)<\/li>\n<li>Po obiedzie: rejs \u0142odzi\u0105 po Green Canyon (oryginalna trasa)<\/li>\n<li>Napoje bezalkoholowe na \u0142odzi w cenie<\/li>\n<li>Ostatni przystanek: wodospad Manavgat<br \/>\n(wst\u0119p wliczony)<\/li>\n<li>Powr\u00f3t<\/li>\n<li>Przyjazd do hoteli oko\u0142o godziny 18:00<\/li>\n<\/ul>\n<p>Mi\u0142ej zabawy! \ud83d\ude42<\/p>\n<h3>W cenie:<\/h3>\n<ul>\n<li>Ubezpieczenie<\/li>\n<li>Przewodnik (przewodnik po polsku: wtorek, czwartek, niedziela)<\/li>\n<li>Odbi\u00f3r z hotelu\/powr\u00f3t do hotelu<\/li>\n<li>Obiad<\/li>\n<li>Op\u0142ata za wst\u0119p do zoo<\/li>\n<li>Wycieczka \u0142odzi\u0105 po Zielonym Kanionie<\/li>\n<li>Napoje bezalkoholowe (tylko na pok\u0142adzie \u0142odzi)<\/li>\n<li>Op\u0142ata za wst\u0119p do wodospadu Manavgat<\/li>\n<\/ul>\n<h3>Opcjonalnie z ceny wy\u0142\u0105czone:<\/h3>\n<ul>\n<li>Zdj\u0119cie\/wideo<\/li>\n<li>Wydatki osobiste<\/li>\n<li>Napoje<\/li>\n<\/ul>\n<h2>Wskaz\u00f3wki i dodatkowe informacje:<\/h2>\n<ul>\n<li>Je\u015bli chcesz p\u0142ywa\u0107, zabierz ze sob\u0105 kostium k\u0105pielowy i r\u0119cznik.<\/li>\n<li>Godziny odbioru i powr\u00f3t mog\u0105 si\u0119 r\u00f3\u017cni\u0107 w zale\u017cno\u015bci od lokalizacji hotelu.<\/li>\n<\/ul>\n<h2>Informacje og\u00f3lne:<\/h2>\n<ul>\n<li>Dni wycieczek: Codziennie<\/li>\n<li>Miejsce spotkania: Hotel.<\/li>\n<li>Godzina spotkania: 08:30<\/li>\n<li>Miejsce powr\u00f3tu: Hotel.<\/li>\n<li>Godzina powr\u00f3tu: 18:00<\/li>\n<li>Czas trwania wycieczki: 10 (transport wliczony)<\/li>\n<\/ul>\n","protected":false},"excerpt":{"rendered":"<h3>Cennik<\/h3>\n<table class=\"price-table\">\n<tbody>\n<tr>\n<td>Jedna osoba<\/td>\n<td>Doros\u0142y (&gt;12)<\/td>\n<td>15 \u20ac<\/td>\n<\/tr>\n<tr>\n<td>Jedna osoba<\/td>\n<td>Dziecko (7-11)<\/td>\n<td>10 \u20ac<\/td>\n<\/tr>\n<tr>\n<td>Jedna osoba<\/td>\n<td>Niemowl\u0119 (0-6)<\/td>\n<td>Bezp\u0142atny<\/td>\n<\/tr>\n<\/tbody>\n<\/table>\n","protected":false},"featured_media":19950,"comment_status":"open","ping_status":"closed","template":"","meta":{"_joinchat":[]},"product_brand":[],"product_cat":[69],"product_tag":[],"class_list":{"0":"post-19942","1":"product","2":"type-product","3":"status-publish","4":"has-post-thumbnail","6":"product_cat-wycieczki-w-belek","8":"first","9":"instock","10":"sold-individually","11":"shipping-taxable","12":"purchasable","13":"product-type-booking"},"booking_location":"","booking_location_type":"","booking_duration":1,"booking_duration_unit":"day","booking_buffer":0,"booking_cost":0,"booking_resources":[],"jetpack_sharing_enabled":true,"_links":{"self":[{"href":"https:\/\/tursaytravel.com\/pl\/wp-json\/wp\/v2\/product\/19942","targetHints":{"allow":["GET"]}}],"collection":[{"href":"https:\/\/tursaytravel.com\/pl\/wp-json\/wp\/v2\/product"}],"about":[{"href":"https:\/\/tursaytravel.com\/pl\/wp-json\/wp\/v2\/types\/product"}],"replies":[{"embeddable":true,"href":"https:\/\/tursaytravel.com\/pl\/wp-json\/wp\/v2\/comments?post=19942"}],"wp:featuredmedia":[{"embeddable":true,"href":"https:\/\/tursaytravel.com\/pl\/wp-json\/wp\/v2\/media\/19950"}],"wp:attachment":[{"href":"https:\/\/tursaytravel.com\/pl\/wp-json\/wp\/v2\/media?parent=19942"}],"wp:term":[{"taxonomy":"product_brand","embeddable":true,"href":"https:\/\/tursaytravel.com\/pl\/wp-json\/wp\/v2\/product_brand?post=19942"},{"taxonomy":"product_cat","embeddable":true,"href":"https:\/\/tursaytravel.com\/pl\/wp-json\/wp\/v2\/product_cat?post=19942"},{"taxonomy":"product_tag","embeddable":true,"href":"https:\/\/tursaytravel.com\/pl\/wp-json\/wp\/v2\/product_tag?post=19942"}],"curies":[{"name":"wp","href":"https:\/\/api.w.org\/{rel}","templated":true}]}}