{"id":19861,"date":"2026-04-20T00:32:31","date_gmt":"2026-04-19T21:32:31","guid":{"rendered":"https:\/\/tursaytravel.com\/?post_type=product&#038;p=19861"},"modified":"2026-04-20T01:01:42","modified_gmt":"2026-04-19T22:01:42","slug":"wycieczka-nurkowania-w-belek","status":"publish","type":"product","link":"https:\/\/tursaytravel.com\/pl\/wycieczka-nurkowania-w-belek\/","title":{"rendered":"Wycieczka Nurkowania w Belek"},"content":{"rendered":"<h2>Wycieczka Nurkowania w Belek<\/h2>\n<p>Wycieczka nurkowa z Belek to bezpieczne i przyjemne do\u015bwiadczenie w krystalicznie czystych wodach Morza \u015ar\u00f3dziemnego. Odpowiednia r\u00f3wnie\u017c dla os\u00f3b bez wcze\u015bniejszego do\u015bwiadczenia.<\/p>\n<p>Przed nurkowaniem odbywa si\u0119 szczeg\u00f3\u0142owy instrukta\u017c na \u0142odzi, a ka\u017cde zej\u015bcie pod wod\u0119 jest nadzorowane przez instruktora. \u015arednia g\u0142\u0119boko\u015b\u0107 wynosi oko\u0142o 7 metr\u00f3w, co zapewnia komfort i bezpiecze\u0144stwo.<\/p>\n<p>Podczas wycieczki mo\u017cna nie tylko nurkowa\u0107, ale tak\u017ce p\u0142ywa\u0107, opala\u0107 si\u0119 i odpoczywa\u0107. Obiad jest wliczony w cen\u0119.<\/p>\n<h3>Szczeg\u00f3\u0142y informacji o wycieczce:<\/h3>\n<ul>\n<li>Odbi\u00f3r z hotelu oko\u0142o 08:00<\/li>\n<li>Transfer do mariny i instrukta\u017c<\/li>\n<li>2 nurkowania z instruktorem<\/li>\n<li>(\u015arednia g\u0142\u0119boko\u015b\u0107 7 metr\u00f3w)<\/li>\n<li>Po pierwszym nurkowaniu obiad<\/li>\n<li>(Kurczak lub ryba, makaron i sa\u0142atka)<\/li>\n<li>Obiad w cenie, napoje dodatkowo p\u0142atne<\/li>\n<li>Drugie nurkowanie po obiedzie<\/li>\n<li>Czas wolny na p\u0142ywanie i opalanie<\/li>\n<li>Zako\u0144czenie wycieczki<\/li>\n<li>Powr\u00f3t do hoteli oko\u0142o 16:30<\/li>\n<\/ul>\n<p>Mi\u0142ej zabawy! \ud83d\ude42<\/p>\n<h3>W cenie:<\/h3>\n<ul>\n<li>Ubezpieczenie<\/li>\n<li>Odbi\u00f3r z hotelu\/powr\u00f3t do hotelu<\/li>\n<li>Przewodnik,Instruktor<\/li>\n<li>Sprz\u0119t<\/li>\n<li>Obiad<\/li>\n<\/ul>\n<h3>Opcjonalnie z ceny wy\u0142\u0105czone:<\/h3>\n<ul>\n<li>Napoje<\/li>\n<li>Zdj\u0119cia i wideo pod wod\u0105<\/li>\n<\/ul>\n<h3>Wskaz\u00f3wki i dodatkowe informacje:<\/h3>\n<ul>\n<li>Je\u015bli nie umiesz p\u0142ywa\u0107, nie b\u0119dzie problemu, mo\u017cesz zanurkowa\u0107, poniewa\u017c jest tam profesjonalny instruktor.Instruktorzy ci pomog\u0105<\/li>\n<li>Godziny odbioru i powr\u00f3t mog\u0105 si\u0119 r\u00f3\u017cni\u0107 w zale\u017cno\u015bci od lokalizacji hotelu.<\/li>\n<\/ul>\n<h2>Informacje og\u00f3lne:<\/h2>\n<ul>\n<li>Dni wycieczek: Codziennie<\/li>\n<li>Miejsce spotkania: Hotel.<\/li>\n<li>Godzina spotkania: 08:00<\/li>\n<li>Miejsce powr\u00f3tu: Hotel.<\/li>\n<li>Godzina powr\u00f3tu: 16:30<\/li>\n<li>Czas trwania wycieczki: 9 (transport wliczony)<\/li>\n<\/ul>\n","protected":false},"excerpt":{"rendered":"<h3>Cennik<\/h3>\n<table class=\"price-table\">\n<tbody>\n<tr>\n<td>Jedna osoba<\/td>\n<td>Doros\u0142y (&gt;12)<\/td>\n<td>15 \u20ac<\/td>\n<\/tr>\n<tr>\n<td>Jedna osoba<\/td>\n<td>Dziecko (7-11)<\/td>\n<td>10 \u20ac<\/td>\n<\/tr>\n<tr>\n<td>Jedna osoba<\/td>\n<td>Niemowl\u0119 (0-6)<\/td>\n<td>Bezp\u0142atny<\/td>\n<\/tr>\n<\/tbody>\n<\/table>\n","protected":false},"featured_media":19869,"comment_status":"open","ping_status":"closed","template":"","meta":{"_joinchat":[]},"product_brand":[],"product_cat":[69],"product_tag":[],"class_list":{"0":"post-19861","1":"product","2":"type-product","3":"status-publish","4":"has-post-thumbnail","6":"product_cat-wycieczki-w-belek","8":"first","9":"instock","10":"sold-individually","11":"shipping-taxable","12":"purchasable","13":"product-type-booking"},"booking_location":"","booking_location_type":"","booking_duration":1,"booking_duration_unit":"day","booking_buffer":0,"booking_cost":0,"booking_resources":[],"jetpack_sharing_enabled":true,"_links":{"self":[{"href":"https:\/\/tursaytravel.com\/pl\/wp-json\/wp\/v2\/product\/19861","targetHints":{"allow":["GET"]}}],"collection":[{"href":"https:\/\/tursaytravel.com\/pl\/wp-json\/wp\/v2\/product"}],"about":[{"href":"https:\/\/tursaytravel.com\/pl\/wp-json\/wp\/v2\/types\/product"}],"replies":[{"embeddable":true,"href":"https:\/\/tursaytravel.com\/pl\/wp-json\/wp\/v2\/comments?post=19861"}],"wp:featuredmedia":[{"embeddable":true,"href":"https:\/\/tursaytravel.com\/pl\/wp-json\/wp\/v2\/media\/19869"}],"wp:attachment":[{"href":"https:\/\/tursaytravel.com\/pl\/wp-json\/wp\/v2\/media?parent=19861"}],"wp:term":[{"taxonomy":"product_brand","embeddable":true,"href":"https:\/\/tursaytravel.com\/pl\/wp-json\/wp\/v2\/product_brand?post=19861"},{"taxonomy":"product_cat","embeddable":true,"href":"https:\/\/tursaytravel.com\/pl\/wp-json\/wp\/v2\/product_cat?post=19861"},{"taxonomy":"product_tag","embeddable":true,"href":"https:\/\/tursaytravel.com\/pl\/wp-json\/wp\/v2\/product_tag?post=19861"}],"curies":[{"name":"wp","href":"https:\/\/api.w.org\/{rel}","templated":true}]}}