{"id":12947,"date":"2026-02-01T00:10:40","date_gmt":"2026-01-31T21:10:40","guid":{"rendered":"https:\/\/tursaytravel.com\/?post_type=product&#038;p=12947"},"modified":"2026-02-02T17:45:45","modified_gmt":"2026-02-02T14:45:45","slug":"wycieczka-lodzia-w-side","status":"publish","type":"product","link":"https:\/\/tursaytravel.com\/pl\/wycieczka-lodzia-w-side\/","title":{"rendered":"Wycieczka \u0142odzi\u0105 w Side"},"content":{"rendered":"<h2>Wycieczka \u0142odzi\u0105 w Side<\/h2>\n<p>Rejs statkiem w Side to przyjemna, jednodniowa wycieczka, kt\u00f3ra \u0142\u0105czy natur\u0119, morze i dobr\u0105 zabaw\u0119. Podczas rejsu pop\u0142yniesz od ch\u0142odnych w\u00f3d rzeki Manavgat do b\u0142\u0119kitnego Morza \u015ar\u00f3dziemnego. Czekaj\u0105 na Ciebie przerwy na p\u0142ywanie, smaczny obiad, muzyka i mi\u0142a atmosfera. Z pok\u0142adu statku zobaczysz r\u00f3wnie\u017c staro\u017cytne Side oraz \u015awi\u0105tyni\u0119 Apollina. To doskona\u0142y wyb\u00f3r dla os\u00f3b, kt\u00f3re chc\u0105 odpocz\u0105\u0107 i cieszy\u0107 si\u0119 wakacjami.    <\/p>\n<h2>Szczeg\u00f3\u0142y informacji o wycieczce:<\/h2>\n<ul>\n<li>Odbierzemy Ci\u0119 z hotelu rano oko\u0142o 09:00.<\/li>\n<li>Pojedziemy nad rzek\u0119 Manavgat.<\/li>\n<li>Wyp\u0142yni\u0119cie statkiem z rzeki Manavgat.<\/li>\n<li>Przerwa na p\u0142ywanie i obiad w uj\u015bciu rzeki Manavgat.<\/li>\n<li>Obiad jest wliczony w cen\u0119 wycieczki (kurczak z grilla, ry\u017c, sa\u0142atka).<br \/>\nNapoje bezalkoholowe s\u0105 r\u00f3wnie\u017c wliczone (woda, cola, fanta, woda mineralna, sprite).<\/li>\n<li>Po obiedzie rejs w kierunku Staro\u017cytnego Side.<br \/>\nW tym czasie zobaczymy \u015awi\u0105tyni\u0119 Apollina oraz Side (bez schodzenia ze statku).<\/li>\n<li>Przerwa na p\u0142ywanie w Zatoce \u017b\u00f3\u0142wi (oko\u0142o 30 minut).<\/li>\n<li>Podczas wycieczki odb\u0119dzie si\u0119 piana party oraz pokaz ta\u0144ca brzucha.<\/li>\n<li>Oko\u0142o 15:30 wycieczka si\u0119 zako\u0144czy i wr\u00f3cimy do hotelu.<\/li>\n<\/ul>\n<p>Baw si\u0119 ju\u017c\ud83d\ude42<\/p>\n<h3>W cenie:<\/h3>\n<ul>\n<li>Ubezpieczenie<\/li>\n<li>Przewodnik<\/li>\n<li>Odbi\u00f3r z hotelu\/powr\u00f3t do hotelu<\/li>\n<li>Obiad<\/li>\n<li>Napoje bezalkoholowe(woda, cola, fanta, woda mineralna, sprite)<\/li>\n<\/ul>\n<h3>Opcjonalnie z ceny wy\u0142\u0105czone:<\/h3>\n<ul>\n<li>Zdj\u0119cie<\/li>\n<li>Lody, Frytki<\/li>\n<li>Alkohol<\/li>\n<\/ul>\n<h2>Wskaz\u00f3wki i dodatkowe informacje:<\/h2>\n<ul>\n<li>Nale\u017cy zabra\u0107 ze sob\u0105 str\u00f3j k\u0105pielowy, krem \u200b\u200bz filtrem przeciws\u0142onecznym, okulary przeciws\u0142oneczne i r\u0119cznik.<\/li>\n<li>Godziny odbioru i powr\u00f3t mog\u0105 si\u0119 r\u00f3\u017cni\u0107 w zale\u017cno\u015bci od lokalizacji hotelu.<\/li>\n<\/ul>\n<h2>Informacje og\u00f3lne:<\/h2>\n<ul>\n<li>Dni wycieczek: \u015aroda, niedziela<\/li>\n<li>Miejsce spotkania: Hotel.<\/li>\n<li>Godzina spotkania: 09:00<\/li>\n<li>Miejsce powr\u00f3tu: Hotel.<\/li>\n<li>Godzina powr\u00f3tu: 16:00<\/li>\n<li>Czas trwania wycieczki: 7 (transport wliczony)<\/li>\n<\/ul>\n","protected":false},"excerpt":{"rendered":"<h3>Cennik<\/h3>\n<table class=\"price-table\">\n<tbody>\n<tr>\n<td>Jedna osoba<\/td>\n<td>Doros\u0142y (&gt;12)<\/td>\n<td>15 \u20ac<\/td>\n<\/tr>\n<tr>\n<td>Jedna osoba<\/td>\n<td>Dziecko (7-11)<\/td>\n<td>10 \u20ac<\/td>\n<\/tr>\n<tr>\n<td>Jedna osoba <\/td>\n<td>Niemowl\u0119 (0-6)<\/td>\n<td>Bezp\u0142atny<\/td>\n<\/tr>\n<\/tbody>\n<\/table>\n","protected":false},"featured_media":12953,"comment_status":"open","ping_status":"closed","template":"","meta":{"_joinchat":[]},"product_brand":[],"product_cat":[64],"product_tag":[],"class_list":{"0":"post-12947","1":"product","2":"type-product","3":"status-publish","4":"has-post-thumbnail","6":"product_cat-wycieczki-w-side","8":"first","9":"instock","10":"sold-individually","11":"shipping-taxable","12":"purchasable","13":"product-type-booking"},"booking_location":"","booking_location_type":"","booking_duration":1,"booking_duration_unit":"day","booking_buffer":0,"booking_cost":0,"booking_resources":[],"jetpack_sharing_enabled":true,"_links":{"self":[{"href":"https:\/\/tursaytravel.com\/pl\/wp-json\/wp\/v2\/product\/12947","targetHints":{"allow":["GET"]}}],"collection":[{"href":"https:\/\/tursaytravel.com\/pl\/wp-json\/wp\/v2\/product"}],"about":[{"href":"https:\/\/tursaytravel.com\/pl\/wp-json\/wp\/v2\/types\/product"}],"replies":[{"embeddable":true,"href":"https:\/\/tursaytravel.com\/pl\/wp-json\/wp\/v2\/comments?post=12947"}],"wp:featuredmedia":[{"embeddable":true,"href":"https:\/\/tursaytravel.com\/pl\/wp-json\/wp\/v2\/media\/12953"}],"wp:attachment":[{"href":"https:\/\/tursaytravel.com\/pl\/wp-json\/wp\/v2\/media?parent=12947"}],"wp:term":[{"taxonomy":"product_brand","embeddable":true,"href":"https:\/\/tursaytravel.com\/pl\/wp-json\/wp\/v2\/product_brand?post=12947"},{"taxonomy":"product_cat","embeddable":true,"href":"https:\/\/tursaytravel.com\/pl\/wp-json\/wp\/v2\/product_cat?post=12947"},{"taxonomy":"product_tag","embeddable":true,"href":"https:\/\/tursaytravel.com\/pl\/wp-json\/wp\/v2\/product_tag?post=12947"}],"curies":[{"name":"wp","href":"https:\/\/api.w.org\/{rel}","templated":true}]}}