{"id":4983,"date":"2024-05-23T02:29:54","date_gmt":"2024-05-22T23:29:54","guid":{"rendered":"https:\/\/tursaytravel.com\/o-nas\/"},"modified":"2025-03-20T13:05:18","modified_gmt":"2025-03-20T10:05:18","slug":"o-nas","status":"publish","type":"page","link":"https:\/\/tursaytravel.com\/pl\/o-nas\/","title":{"rendered":"O nas"},"content":{"rendered":"\n\n\t<section class=\"section dark has-parallax\" id=\"section_909480978\">\n\t\t<div class=\"section-bg fill\" data-parallax-container=\".section\" data-parallax-background data-parallax=\"-6\">\n\t\t\t<img loading=\"lazy\" decoding=\"async\" width=\"1920\" height=\"800\" src=\"https:\/\/tursaytravel.com\/wp-content\/uploads\/2024\/05\/Travel-Agency-in-Alanya-Tursay-Travel.webp\" class=\"bg attachment-original size-original\" alt=\"\">\t\t\t\t\t\t<div class=\"section-bg-overlay absolute fill\"><\/div>\n\t\t\t\n\n\t\t<\/div>\n\n\t\t\n\n\t\t<div class=\"section-content relative\">\n\t\t\t\n\n<div class=\"row align-center\"  id=\"row-1105125664\">\n\n\n\t<div id=\"col-1960888600\" class=\"col medium-7 small-12 large-7\"  >\n\t\t\t\t<div class=\"col-inner\"  >\n\t\t\t\n\t\t\t\n\n\t<div id=\"text-4070303150\" class=\"text\">\n\t\t\n\n<h6>kim jeste\u015bmy<\/h6>\n\t\t\n<style>\n#text-4070303150 {\n  text-align: center;\n}\n<\/style>\n\t<\/div>\n\t\n\t<div id=\"text-1069436995\" class=\"text\">\n\t\t\n\n<h1>O nas<\/h1>\n\t\t\n<style>\n#text-1069436995 {\n  font-size: 2.25rem;\n  text-align: center;\n}\n<\/style>\n\t<\/div>\n\t\n\n\t\t<\/div>\n\t\t\t\t\t<\/div>\n\n\t\n\n<\/div>\n\n\t\t<\/div>\n\n\t\t\n<style>\n#section_909480978 {\n  padding-top: 30px;\n  padding-bottom: 30px;\n  min-height: 500px;\n}\n#section_909480978 .section-bg-overlay {\n  background-color: rgba(0,0,0,.5);\n}\n#section_909480978 .section-bg img {\n  object-position: 53% 76%;\n}\n<\/style>\n\t<\/section>\n\t\n\n\t<section class=\"section\" id=\"section_200082287\">\n\t\t<div class=\"section-bg fill\" >\n\t\t\t\t\t\t\t\t\t\n\t\t\t\n\n\t\t<\/div>\n\n\t\t\n\n\t\t<div class=\"section-content relative\">\n\t\t\t\n\n<div class=\"row\" style=\"max-width:1200px\" id=\"row-74096667\">\n\n\n\t<div id=\"col-1166500132\" class=\"col small-12 large-12\"  >\n\t\t\t\t<div class=\"col-inner\"  >\n\t\t\t\n\t\t\t\n\n<div class=\"row row-small\" style=\"max-width:1200px\" id=\"row-1607589261\">\n\n\n\t<div id=\"col-992838888\" class=\"col medium-6 small-12 large-3\"  >\n\t\t\t\t<div class=\"col-inner text-center\" style=\"background-color:rgb(255, 255, 255);\" >\n\t\t\t\n\t<div class=\"is-border\"\n\t\tstyle=\"border-color:rgb(30, 174, 152);border-width:2px 2px 2px 2px;\">\n\t<\/div>\n\t\t\t\n\n\t<div class=\"img has-hover x md-x lg-x y md-y lg-y\" id=\"image_826806479\">\n\t\t\t\t\t\t\t\t<div class=\"img-inner dark\" >\n\t\t\t<img loading=\"lazy\" decoding=\"async\" width=\"512\" height=\"512\" src=\"https:\/\/tursaytravel.com\/wp-content\/uploads\/2024\/05\/1.webp\" class=\"attachment-original size-original\" alt=\"\" srcset=\"https:\/\/tursaytravel.com\/wp-content\/uploads\/2024\/05\/1.webp 512w, https:\/\/tursaytravel.com\/wp-content\/uploads\/2024\/05\/1-400x400.webp 400w, https:\/\/tursaytravel.com\/wp-content\/uploads\/2024\/05\/1-100x100.webp 100w, https:\/\/tursaytravel.com\/wp-content\/uploads\/2024\/05\/1-300x300.webp 300w, https:\/\/tursaytravel.com\/wp-content\/uploads\/2024\/05\/1-150x150.webp 150w\" sizes=\"auto, (max-width: 512px) 100vw, 512px\">\t\t\t\t\t\t\n\t\t\t\t\t<\/div>\n\t\t\t\t\t\t\t\t\n<style>\n#image_826806479 {\n  width: 25%;\n}\n@media (min-width:550px) {\n  #image_826806479 {\n    width: 18%;\n  }\n}\n@media (min-width:850px) {\n  #image_826806479 {\n    width: 35%;\n  }\n}\n<\/style>\n\t<\/div>\n\t\n\n\t<div id=\"text-917740693\" class=\"text\">\n\t\t\n\n<h2><span style=\"font-size: 190%;\"><span class=\"count-up\">25<\/span>+<\/span><\/h2>\n\t\t\n<style>\n#text-917740693 {\n  text-align: center;\n}\n<\/style>\n\t<\/div>\n\t\n\n\t\t<div class=\"icon-box featured-box icon-box-top text-left\"  >\n\t\t\t\t<div class=\"icon-box-text last-reset\">\n\t\t\t\t\t\t\t\t\t\n\n\t<div id=\"text-1961252129\" class=\"text\">\n\t\t\n\n<p>Unikalne Wycieczki<\/p>\n\t\t\n<style>\n#text-1961252129 {\n  text-align: center;\n}\n<\/style>\n\t<\/div>\n\t\n\n\t\t<\/div>\n\t<\/div>\n\t\n\t\n\n\t\t<\/div>\n\t\t\t\t\n<style>\n#col-992838888 > .col-inner {\n  padding: 30px 30px 30px 30px;\n}\n<\/style>\n\t<\/div>\n\n\t\n\n\t<div id=\"col-563553415\" class=\"col medium-6 small-12 large-3\"  >\n\t\t\t\t<div class=\"col-inner text-center\" style=\"background-color:rgb(255, 255, 255);\" >\n\t\t\t\n\t<div class=\"is-border\"\n\t\tstyle=\"border-color:rgb(30, 174, 152);border-width:2px 2px 2px 2px;\">\n\t<\/div>\n\t\t\t\n\n\t<div class=\"img has-hover x md-x lg-x y md-y lg-y\" id=\"image_838245062\">\n\t\t\t\t\t\t\t\t<div class=\"img-inner dark\" >\n\t\t\t<img loading=\"lazy\" decoding=\"async\" width=\"512\" height=\"512\" src=\"https:\/\/tursaytravel.com\/wp-content\/uploads\/2024\/05\/2.webp\" class=\"attachment-original size-original\" alt=\"\" srcset=\"https:\/\/tursaytravel.com\/wp-content\/uploads\/2024\/05\/2.webp 512w, https:\/\/tursaytravel.com\/wp-content\/uploads\/2024\/05\/2-400x400.webp 400w, https:\/\/tursaytravel.com\/wp-content\/uploads\/2024\/05\/2-100x100.webp 100w, https:\/\/tursaytravel.com\/wp-content\/uploads\/2024\/05\/2-300x300.webp 300w, https:\/\/tursaytravel.com\/wp-content\/uploads\/2024\/05\/2-150x150.webp 150w\" sizes=\"auto, (max-width: 512px) 100vw, 512px\">\t\t\t\t\t\t\n\t\t\t\t\t<\/div>\n\t\t\t\t\t\t\t\t\n<style>\n#image_838245062 {\n  width: 25%;\n}\n@media (min-width:550px) {\n  #image_838245062 {\n    width: 18%;\n  }\n}\n@media (min-width:850px) {\n  #image_838245062 {\n    width: 35%;\n  }\n}\n<\/style>\n\t<\/div>\n\t\n\n\t<div id=\"text-73246061\" class=\"text\">\n\t\t\n\n<h2><span style=\"font-size: 190%;\"><span class=\"count-up\">15<\/span>+<\/span><\/h2>\n\t\t\n<style>\n#text-73246061 {\n  text-align: center;\n}\n<\/style>\n\t<\/div>\n\t\n\n\t\t<div class=\"icon-box featured-box icon-box-top text-left\"  >\n\t\t\t\t<div class=\"icon-box-text last-reset\">\n\t\t\t\t\t\t\t\t\t\n\n\t<div id=\"text-1187002490\" class=\"text\">\n\t\t\n\n<p>Lata do\u015bwiadczenia<\/p>\n\n\t\t\n<style>\n#text-1187002490 {\n  text-align: center;\n}\n<\/style>\n\t<\/div>\n\t\n\n\t\t<\/div>\n\t<\/div>\n\t\n\t\n\n\t\t<\/div>\n\t\t\t\t\n<style>\n#col-563553415 > .col-inner {\n  padding: 30px 30px 30px 30px;\n}\n<\/style>\n\t<\/div>\n\n\t\n\n\t<div id=\"col-1435229758\" class=\"col medium-6 small-12 large-3\"  >\n\t\t\t\t<div class=\"col-inner text-center\" style=\"background-color:rgb(255, 255, 255);\" >\n\t\t\t\n\t<div class=\"is-border\"\n\t\tstyle=\"border-color:rgb(30, 174, 152);border-width:2px 2px 2px 2px;\">\n\t<\/div>\n\t\t\t\n\n\t<div class=\"img has-hover x md-x lg-x y md-y lg-y\" id=\"image_1354016788\">\n\t\t\t\t\t\t\t\t<div class=\"img-inner dark\" >\n\t\t\t<img loading=\"lazy\" decoding=\"async\" width=\"512\" height=\"512\" src=\"https:\/\/tursaytravel.com\/wp-content\/uploads\/2024\/05\/3.webp\" class=\"attachment-original size-original\" alt=\"\" srcset=\"https:\/\/tursaytravel.com\/wp-content\/uploads\/2024\/05\/3.webp 512w, https:\/\/tursaytravel.com\/wp-content\/uploads\/2024\/05\/3-400x400.webp 400w, https:\/\/tursaytravel.com\/wp-content\/uploads\/2024\/05\/3-100x100.webp 100w, https:\/\/tursaytravel.com\/wp-content\/uploads\/2024\/05\/3-300x300.webp 300w, https:\/\/tursaytravel.com\/wp-content\/uploads\/2024\/05\/3-150x150.webp 150w\" sizes=\"auto, (max-width: 512px) 100vw, 512px\">\t\t\t\t\t\t\n\t\t\t\t\t<\/div>\n\t\t\t\t\t\t\t\t\n<style>\n#image_1354016788 {\n  width: 25%;\n}\n@media (min-width:550px) {\n  #image_1354016788 {\n    width: 18%;\n  }\n}\n@media (min-width:850px) {\n  #image_1354016788 {\n    width: 35%;\n  }\n}\n<\/style>\n\t<\/div>\n\t\n\n\t<div id=\"text-1248304115\" class=\"text\">\n\t\t\n\n<h2><span style=\"font-size: 190%;\"><span class=\"count-up\">5000<\/span>+<\/span><\/h2>\n\t\t\n<style>\n#text-1248304115 {\n  text-align: center;\n}\n<\/style>\n\t<\/div>\n\t\n\n\t\t<div class=\"icon-box featured-box icon-box-top text-left\"  >\n\t\t\t\t<div class=\"icon-box-text last-reset\">\n\t\t\t\t\t\t\t\t\t\n\n\t<div id=\"text-1018488528\" class=\"text\">\n\t\t\n\n<p>Zrealizowane rezerwacje<\/p>\n\t\t\n<style>\n#text-1018488528 {\n  text-align: center;\n}\n<\/style>\n\t<\/div>\n\t\n\n\t\t<\/div>\n\t<\/div>\n\t\n\t\n\n\t\t<\/div>\n\t\t\t\t\n<style>\n#col-1435229758 > .col-inner {\n  padding: 30px 30px 30px 30px;\n}\n<\/style>\n\t<\/div>\n\n\t\n\n\t<div id=\"col-1238447019\" class=\"col medium-6 small-12 large-3\"  >\n\t\t\t\t<div class=\"col-inner text-center\" style=\"background-color:rgb(255, 255, 255);\" >\n\t\t\t\n\t<div class=\"is-border\"\n\t\tstyle=\"border-color:rgb(30, 174, 152);border-width:2px 2px 2px 2px;\">\n\t<\/div>\n\t\t\t\n\n\t<div class=\"img has-hover x md-x lg-x y md-y lg-y\" id=\"image_623915386\">\n\t\t\t\t\t\t\t\t<div class=\"img-inner dark\" >\n\t\t\t<img loading=\"lazy\" decoding=\"async\" width=\"512\" height=\"512\" src=\"https:\/\/tursaytravel.com\/wp-content\/uploads\/2024\/05\/4.webp\" class=\"attachment-original size-original\" alt=\"\" srcset=\"https:\/\/tursaytravel.com\/wp-content\/uploads\/2024\/05\/4.webp 512w, https:\/\/tursaytravel.com\/wp-content\/uploads\/2024\/05\/4-400x400.webp 400w, https:\/\/tursaytravel.com\/wp-content\/uploads\/2024\/05\/4-100x100.webp 100w, https:\/\/tursaytravel.com\/wp-content\/uploads\/2024\/05\/4-300x300.webp 300w, https:\/\/tursaytravel.com\/wp-content\/uploads\/2024\/05\/4-150x150.webp 150w\" sizes=\"auto, (max-width: 512px) 100vw, 512px\">\t\t\t\t\t\t\n\t\t\t\t\t<\/div>\n\t\t\t\t\t\t\t\t\n<style>\n#image_623915386 {\n  width: 25%;\n}\n@media (min-width:550px) {\n  #image_623915386 {\n    width: 18%;\n  }\n}\n@media (min-width:850px) {\n  #image_623915386 {\n    width: 35%;\n  }\n}\n<\/style>\n\t<\/div>\n\t\n\n\t<div id=\"text-438470174\" class=\"text\">\n\t\t\n\n<h2><span style=\"font-size: 190%;\"><span class=\"count-up\">7821<\/span>+<\/span><\/h2>\n\t\t\n<style>\n#text-438470174 {\n  text-align: center;\n}\n<\/style>\n\t<\/div>\n\t\n\n\t\t<div class=\"icon-box featured-box icon-box-top text-left\"  >\n\t\t\t\t<div class=\"icon-box-text last-reset\">\n\t\t\t\t\t\t\t\t\t\n\n\t<div id=\"text-2905703949\" class=\"text\">\n\t\t\n\n<p>Zadowoleni go\u015bcie<\/p>\n\t\t\n<style>\n#text-2905703949 {\n  text-align: center;\n}\n<\/style>\n\t<\/div>\n\t\n\n\t\t<\/div>\n\t<\/div>\n\t\n\t\n\n\t\t<\/div>\n\t\t\t\t\n<style>\n#col-1238447019 > .col-inner {\n  padding: 30px 30px 30px 30px;\n}\n<\/style>\n\t<\/div>\n\n\t\n\n<\/div>\n\n\t\t<\/div>\n\t\t\t\t\n<style>\n#col-1166500132 > .col-inner {\n  margin: -110px 0px 0px 0px;\n}\n<\/style>\n\t<\/div>\n\n\t\n\n<\/div>\n\n\t\t<\/div>\n\n\t\t\n<style>\n#section_200082287 {\n  padding-top: 0px;\n  padding-bottom: 0px;\n}\n@media (min-width:550px) {\n  #section_200082287 {\n    padding-top: 20px;\n    padding-bottom: 20px;\n  }\n}\n<\/style>\n\t<\/section>\n\t\n\n\t<section class=\"section\" id=\"section_1877523511\">\n\t\t<div class=\"section-bg fill\" >\n\t\t\t\t\t\t\t\t\t\n\t\t\t\n\n\t\t<\/div>\n\n\t\t\n\n\t\t<div class=\"section-content relative\">\n\t\t\t\n\n<div class=\"row\" style=\"max-width:1200px\" id=\"row-15034000\">\n\n\n\t<div id=\"col-1519398541\" class=\"col medium-12 small-12 large-6\"  data-animate=\"fadeInLeft\">\n\t\t\t\t<div class=\"col-inner\"  >\n\t\t\t\n\t\t\t\n\n\n  <div class=\"banner has-hover\" id=\"banner-1130347403\">\n          <div class=\"banner-inner fill\">\n        <div class=\"banner-bg fill\" >\n            <img loading=\"lazy\" decoding=\"async\" width=\"1500\" height=\"1125\" src=\"https:\/\/tursaytravel.com\/wp-content\/uploads\/2024\/05\/Our-Office-Tursay-Travel.webp\" class=\"bg attachment-original size-original\" alt=\"\">                                    \n                    <\/div>\n\t\t\n        <div class=\"banner-layers container\">\n            <div class=\"fill banner-link\"><\/div>            \n\n\n        <\/div>\n      <\/div>\n\n            \n<style>\n#banner-1130347403 {\n  padding-top: 250px;\n  background-color: rgb(255, 255, 255);\n}\n#banner-1130347403 .banner-bg img {\n  object-position: 40% 0%;\n}\n@media (min-width:550px) {\n  #banner-1130347403 {\n    padding-top: 482px;\n  }\n}\n<\/style>\n  <\/div>\n\n\n\n\t\t<\/div>\n\t\t\t\t\t<\/div>\n\n\t\n\n\t<div id=\"col-2140942262\" class=\"col medium-11 small-12 large-6\"  >\n\t\t\t\t<div class=\"col-inner\"  >\n\t\t\t\n\t\t\t\n\n<p>Od 1996 roku dzia\u0142amy w bran\u017cy turystycznej. Dzi\u0119ki naszemu do\u015bwiadczeniu si\u0119gaj\u0105cemu 1996 roku i naszej wiedzy specjalistycznej, od 2015 roku zapewniamy naszym klientom niezapomniane do\u015bwiadczenia podr\u00f3\u017cnicze poprzez nasz\u0105 w\u0142asn\u0105 agencj\u0119, Tursay Travel. Poprzez t\u0119 agencj\u0119 d\u0105\u017cymy do spe\u0142nienia oczekiwa\u0144 naszych klient\u00f3w na najwy\u017cszym poziomie, oferuj\u0105c wi\u0119ksz\u0105 elastyczno\u015b\u0107 i spersonalizowane us\u0142ugi.<\/p>\n<p>Nasz\u0105 misj\u0105 jest zawsze stawianie satysfakcji klienta na pierwszym miejscu, dostarczanie naszym klientom wyj\u0105tkowych i niezapomnianych do\u015bwiadcze\u0144 podr\u00f3\u017cniczych oraz sprawianie, aby ka\u017cda przygoda by\u0142a niezapomniana. Nasz zesp\u00f3\u0142 sk\u0142ada si\u0119 z do\u015bwiadczonych i wykwalifikowanych profesjonalist\u00f3w, kt\u00f3rzy podzielaj\u0105 pasj\u0119 do podr\u00f3\u017cy. Nasi specjalistyczni przewodnicy i personel pomocniczy pracuj\u0105 na ka\u017cdym etapie, aby zapewni\u0107 naszym klientom bezpieczne i przyjemne do\u015bwiadczenia.<\/p>\n<p>Je\u015bli kochasz podr\u00f3\u017ce i chcesz odkrywa\u0107 \u015bwiat pe\u0142en nowych przyg\u00f3d, do\u0142\u0105cz do nas i zamie\u0144 swoje wymarzone podr\u00f3\u017ce w rzeczywisto\u015b\u0107!<\/p>\n<a href=\"https:\/\/tursaytravel.com\/pl\/wycieczki\/\" class=\"button primary is-bevel\" style=\"border-radius:15px;\">\n\t\t<span>Zarezerwuj swoj\u0105 wycieczk\u0119<\/span>\n\t<i class=\"icon-heart\" aria-hidden=\"true\"><\/i><\/a>\n\n\n\n\t\t<\/div>\n\t\t\t\t\n<style>\n#col-2140942262 > .col-inner {\n  padding: 0px 0px 0px 0;\n}\n@media (min-width:550px) {\n  #col-2140942262 > .col-inner {\n    padding: 0px 0px 0px 30px;\n  }\n}\n<\/style>\n\t<\/div>\n\n\t\n\n<\/div>\n\n\t\t<\/div>\n\n\t\t\n<style>\n#section_1877523511 {\n  padding-top: 0px;\n  padding-bottom: 0px;\n}\n<\/style>\n\t<\/section>\n\t\n\n\t<section class=\"section\" id=\"section_180910572\">\n\t\t<div class=\"section-bg fill\" >\n\t\t\t\t\t\t\t\t\t\n\t\t\t\n\n\t\t<\/div>\n\n\t\t\n\n\t\t<div class=\"section-content relative\">\n\t\t\t\n\n<div class=\"row\" style=\"max-width:1200px\" id=\"row-98378351\">\n\n\n\t<div id=\"col-1957627874\" class=\"col small-12 large-12\"  >\n\t\t\t\t<div class=\"col-inner\"  >\n\t\t\t\n\t\t\t\n\n\t<div id=\"text-2013704176\" class=\"text\">\n\t\t\n\n<h2><span data-text-color=\"primary\">Nasze biuro<\/span><\/h2>\n\t\t\n<style>\n#text-2013704176 {\n  font-size: 1.5rem;\n  text-align: center;\n}\n<\/style>\n\t<\/div>\n\t\n\n\n<iframe src=\"https:\/\/www.google.com\/maps\/embed?pb=!1m18!1m12!1m3!1d3205.455858063298!2d32.017221899999996!3d36.54312!2m3!1f0!2f0!3f0!3m2!1i1024!2i768!4f13.1!3m3!1m2!1s0x14dc9913cf131929%3A0x2195843fc6b474aa!2sTursay%20Travel!5e0!3m2!1str!2str!4v1716493447537!5m2!1str!2str\" width=\"1800\" height=\"400\" style=\"border:0;\" allowfullscreen=\"\" loading=\"lazy\" referrerpolicy=\"no-referrer-when-downgrade\"><\/iframe>\n\n\n\t\t<\/div>\n\t\t\t\t\t<\/div>\n\n\t\n\n<\/div>\n\n\t\t<\/div>\n\n\t\t\n<style>\n#section_180910572 {\n  padding-top: 30px;\n  padding-bottom: 30px;\n}\n<\/style>\n\t<\/section>\n\t\n\n","protected":false},"excerpt":{"rendered":"","protected":false},"author":1661,"featured_media":4990,"parent":0,"menu_order":0,"comment_status":"closed","ping_status":"closed","template":"page-blank.php","meta":{"_joinchat":[],"footnotes":""},"class_list":["post-4983","page","type-page","status-publish","has-post-thumbnail","hentry"],"jetpack_sharing_enabled":true,"_links":{"self":[{"href":"https:\/\/tursaytravel.com\/pl\/wp-json\/wp\/v2\/pages\/4983","targetHints":{"allow":["GET"]}}],"collection":[{"href":"https:\/\/tursaytravel.com\/pl\/wp-json\/wp\/v2\/pages"}],"about":[{"href":"https:\/\/tursaytravel.com\/pl\/wp-json\/wp\/v2\/types\/page"}],"author":[{"embeddable":true,"href":"https:\/\/tursaytravel.com\/pl\/wp-json\/wp\/v2\/users\/1661"}],"replies":[{"embeddable":true,"href":"https:\/\/tursaytravel.com\/pl\/wp-json\/wp\/v2\/comments?post=4983"}],"version-history":[{"count":0,"href":"https:\/\/tursaytravel.com\/pl\/wp-json\/wp\/v2\/pages\/4983\/revisions"}],"wp:featuredmedia":[{"embeddable":true,"href":"https:\/\/tursaytravel.com\/pl\/wp-json\/wp\/v2\/media\/4990"}],"wp:attachment":[{"href":"https:\/\/tursaytravel.com\/pl\/wp-json\/wp\/v2\/media?parent=4983"}],"curies":[{"name":"wp","href":"https:\/\/api.w.org\/{rel}","templated":true}]}}