{"id":6923,"date":"2025-04-23T02:44:09","date_gmt":"2025-04-22T23:44:09","guid":{"rendered":"https:\/\/tursaytravel.com\/?post_type=product&#038;p=6923"},"modified":"2026-04-17T15:15:27","modified_gmt":"2026-04-17T12:15:27","slug":"tazi-canyon-und-rafting-tour-von-alanya","status":"publish","type":"product","link":"https:\/\/tursaytravel.com\/de\/tazi-canyon-und-rafting-tour-von-alanya\/","title":{"rendered":"Taz\u0131 Canyon und Rafting Tour Von Alanya"},"content":{"rendered":"<h2>Taz\u0131 Canyon und Rafting Tour Von Alanya<\/h2>\n<p>Machen Sie sich bereit, die magischen Sch\u00f6nheiten der Natur mit der Taz\u0131-Canyon-Tour ab Alanya zu entdecken! Der Taz\u0131 Canyon bietet mit seiner H\u00f6he von \u00fcber 400 Metern eine spektakul\u00e4re Aussicht. Sie werden die einzigartigen Natursch\u00f6nheiten des K\u00f6pr\u00fcl\u00fc-Canyon-Nationalparks entdecken.<\/p>\n<p>Rafting in Alanya ist eine perfekte Option f\u00fcr alle, die ein gro\u00dfartiges Abenteuer in der Natur suchen. Es ist eine ideale Aktivit\u00e4t f\u00fcr diejenigen, die ein adrenalingeladenes Erlebnis erleben und gleichzeitig die Natursch\u00f6nheiten der Region genie\u00dfen m\u00f6chten.<\/p>\n<p>Nachdem Sie die faszinierende Natur des Taz\u0131-Canyons entdeckt haben, erleben Sie beim Rafting Abenteuer und Action \u2013 zwei wunderbare Touren in einer! Diese Tour, die sowohl Naturliebhaber als auch Abenteuerlustige begeistern wird, erwartet Sie in Alanya. <\/p>\n<h2>Einzelheiten zur Tour:<\/h2>\n<ul>\n<li>Wir holen Sie gegen 08:00 Uhr mit einem klimatisierten Bus von Ihrem Hotel ab. (Der Taz\u0131-Canyon ist etwa 130 km von Alanya entfernt.)<\/li>\n<li>Wir fahren zum K\u00f6pr\u00fcl\u00fc Canyon und wechseln dort in Cabrio-Fahrzeuge.<\/li>\n<li>Wir setzen unsere Reise durch die Natur mit Cabrios vom Taurusgebirge zum Taz\u0131 -Canyon fort. Dabei besichtigen wir den Canyon oberhalb des K\u00f6pr\u00fcl\u00fc -Canyons und die alte r\u00f6mische Br\u00fccke. <\/li>\n<li>Anschlie\u00dfend machen wir eine Fotopause im Taurus-Panorama.<\/li>\n<li>Danach fahren wir zum Taz\u0131-Canyon und haben Freizeit.<\/li>\n<li>Anschlie\u00dfend geht es zum Raftinggebiet.<\/li>\n<li>Unser Guide gibt Ihnen Informationen und Ausr\u00fcstung zum Rafting.<\/li>\n<li>Das Rafting-Gebiet ist etwa 14 km lang. Das erste Gebiet ist 8 km lang, das n\u00e4chste 6 km. <\/li>\n<li>Nach der ersten Strecke machen wir eine Mittagspause am Fluss. (Mittagessen ist in der Tour inbegriffen.) <\/li>\n<li>Am Ende der Tour kehren wir nach Alanya zur\u00fcck und bringen Sie gegen 18:30 Uhr zu Ihrem Hotel.<\/li>\n<\/ul>\n<p>Viel Spa\u00df vorab\ud83d\ude42<\/p>\n<h2>Im Preis inbegriffen:<\/h2>\n<ul>\n<li>Versicherung<\/li>\n<li>F\u00fchrung<\/li>\n<li>Abholung und R\u00fccktransfer<\/li>\n<li>Ausr\u00fcstung<\/li>\n<li>Mittagessen<\/li>\n<\/ul>\n<h2>Optional im Preis ausgeschlossen:<\/h2>\n<ul>\n<li>Getr\u00e4nke<\/li>\n<li>Foto und Video<\/li>\n<li>Pers\u00f6nliche Ausgaben<\/li>\n<\/ul>\n<h2>Hinweise und zus\u00e4tzliche Informationen:<\/h2>\n<ul>\n<li>Bitte bringen Sie ein Handtuch, Badeanzug, Shorts, Sonnencreme, Wasserschuhe (zum Rafting) und Wanderschuhe (f\u00fcr den Taz\u0131 Canyon) mit. Sollten Sie keine Wasserschuhe besitzen, k\u00f6nnen Sie diese bei unserem Guide im Rafting-Gebiet erwerben. (Extra)<\/li>\n<li>Schwangere Frauen k\u00f6nnen nicht an der Raftingtour teilnehmen.<\/li>\n<li>Teilnehmer m\u00fcssen \u00fcber 3 Jahre alt sein<\/li>\n<li>Abhol- und R\u00fcckgabezeiten k\u00f6nnen je nach Standort Ihres Hotels variieren.<\/li>\n<\/ul>\n<h2>Allgemeine Informationen:<\/h2>\n<ul>\n<li>Tourtage: Montag, Donnerstag, Samstag<\/li>\n<li>Abholpunkt: Hotel<\/li>\n<li>Abholzeit: 08:30<\/li>\n<li>Abgabepunkt: Hotel<\/li>\n<li>Abgabezeit: 18:00<\/li>\n<li>Tourzeit: 10 (Transport inbegriffen)<\/li>\n<\/ul>\n","protected":false},"excerpt":{"rendered":"<h3>Preisliste<\/h3>\n<table class=\"price-table\">\n<tbody>\n<tr>\n<td>Eine Person<\/td>\n<td>Erwachsene (&gt;11)<\/td>\n<td>35 \u20ac<\/td>\n<\/tr>\n<tr>\n<td>Eine Person<\/td>\n<td>Kind (5-10)<\/td>\n<td>20 \u20ac<\/td>\n<\/tr>\n<tr>\n<td>Eine Person<\/td>\n<td>S\u00e4ugling (0-4)<\/td>\n<td>Kostenlos<\/td>\n<\/tr>\n<\/tbody>\n<\/table>\n","protected":false},"featured_media":6931,"comment_status":"open","ping_status":"closed","template":"","meta":{"_joinchat":[]},"product_brand":[],"product_cat":[44],"product_tag":[],"class_list":{"0":"post-6923","1":"product","2":"type-product","3":"status-publish","4":"has-post-thumbnail","6":"product_cat-alanya-touren","8":"first","9":"instock","10":"sold-individually","11":"shipping-taxable","12":"purchasable","13":"product-type-booking"},"booking_location":"","booking_location_type":"","booking_duration":1,"booking_duration_unit":"day","booking_buffer":0,"booking_cost":0,"booking_resources":[],"jetpack_sharing_enabled":true,"_links":{"self":[{"href":"https:\/\/tursaytravel.com\/de\/wp-json\/wp\/v2\/product\/6923","targetHints":{"allow":["GET"]}}],"collection":[{"href":"https:\/\/tursaytravel.com\/de\/wp-json\/wp\/v2\/product"}],"about":[{"href":"https:\/\/tursaytravel.com\/de\/wp-json\/wp\/v2\/types\/product"}],"replies":[{"embeddable":true,"href":"https:\/\/tursaytravel.com\/de\/wp-json\/wp\/v2\/comments?post=6923"}],"wp:featuredmedia":[{"embeddable":true,"href":"https:\/\/tursaytravel.com\/de\/wp-json\/wp\/v2\/media\/6931"}],"wp:attachment":[{"href":"https:\/\/tursaytravel.com\/de\/wp-json\/wp\/v2\/media?parent=6923"}],"wp:term":[{"taxonomy":"product_brand","embeddable":true,"href":"https:\/\/tursaytravel.com\/de\/wp-json\/wp\/v2\/product_brand?post=6923"},{"taxonomy":"product_cat","embeddable":true,"href":"https:\/\/tursaytravel.com\/de\/wp-json\/wp\/v2\/product_cat?post=6923"},{"taxonomy":"product_tag","embeddable":true,"href":"https:\/\/tursaytravel.com\/de\/wp-json\/wp\/v2\/product_tag?post=6923"}],"curies":[{"name":"wp","href":"https:\/\/api.w.org\/{rel}","templated":true}]}}