{"id":6825,"date":"2025-04-23T01:39:40","date_gmt":"2025-04-22T22:39:40","guid":{"rendered":"https:\/\/tursaytravel.com\/?post_type=product&#038;p=6825"},"modified":"2026-01-31T21:13:52","modified_gmt":"2026-01-31T18:13:52","slug":"alanya-stadt-und-dim-fluss-tour","status":"publish","type":"product","link":"https:\/\/tursaytravel.com\/de\/alanya-stadt-und-dim-fluss-tour\/","title":{"rendered":"Alanya Stadt und Dim Fluss Tour"},"content":{"rendered":"<h2>Alanya Stadt und Dim Fluss Tour<\/h2>\n<p>Die Alanya Stadt und Dim Fluss Tour ist ein sehr angenehmer Tagesausflug f\u00fcr alle, die die Sch\u00f6nheiten des Mittelmeers entdecken m\u00f6chten. Der erste Teil der Tour findet im Stadtzentrum von Alanya statt, der zweite Teil f\u00fchrt durch die von Natur umgebene Region des Dim-Flusses. Verpassen Sie nicht diese gro\u00dfartige Tour in Alanya, die beides in einem vereint.  <\/p>\n<h2>Einzelheiten zur Tour:<\/h2>\n<ul>\n<li>Wir holen Sie gegen 09:00 Uhr mit einem klimatisierten Bus von Ihrem Hotel ab.<\/li>\n<li>Wir fahren nach Damlata\u015f, wo unser Reiseleiter Ihnen Informationen zur Tour gibt.<\/li>\n<li>Sp\u00e4ter haben Sie Freizeit.<\/li>\n<li>In Ihrer Freizeit k\u00f6nnen Sie am Damlata\u015f-Strand schwimmen, auf dem Markt einkaufen, die Damlata\u015f-H\u00f6hle und die Seilbahn besuchen. (Die Eintrittskarten f\u00fcr die H\u00f6hle und die Seilbahn sind nicht im Tourpreis enthalten.) <\/li>\n<li>Nach der Freizeit fahren wir zum Mittagessen in Richtung Dim-Fluss. (Mittagessen ist im Tourpreis enthalten.)<\/li>\n<li>Sie k\u00f6nnen im Dim-Fluss oder im Pool schwimmen.<\/li>\n<li>Nach dem Mittagessen besuchen wir einen gro\u00dfen tropischen Obstgarten. Wir werden auch Obstleckereien haben.<\/li>\n<li>Anschlie\u00dfend fahren wir zu I LOVE ALANYA, um das Panorama zu genie\u00dfen.<\/li>\n<li>Wir bringen Sie gegen 17:00 Uhr zu Ihrem Hotel.<\/li>\n<\/ul>\n<p>Viel Spa\u00df vorab\ud83d\ude42<\/p>\n<h2>Im Preis inbegriffen:<\/h2>\n<ul>\n<li>Versicherung<\/li>\n<li>F\u00fchrung<\/li>\n<li>Abholung und R\u00fccktransfer<\/li>\n<li>Mittagessen<\/li>\n<li>Obst zum probieren kostenlos<\/li>\n<\/ul>\n<h2>Optional im Preis ausgeschlossen:<\/h2>\n<ul>\n<li>Pers\u00f6nliche Ausgaben<\/li>\n<li>Getr\u00e4nke<\/li>\n<li>F\u00fcr die Damlata\u015f-H\u00f6hle und die Seilbahntickets wird eine Geb\u00fchr erhoben.<\/li>\n<\/ul>\n<h2>Hinweise und zus\u00e4tzliche Informationen:<\/h2>\n<ul>\n<li>Abhol- und R\u00fcckgabezeiten k\u00f6nnen je nach Standort Ihres Hotels variieren.<\/li>\n<li>Wenn Sie schwimmen m\u00f6chten, bringen Sie bitte ein Handtuch und einen Badeanzug mit.<\/li>\n<\/ul>\n<h2>Allgemeine Informationen:<\/h2>\n<ul>\n<li>Tourtage:Dienstag, Donnerstag, Freitag, Sonntag<\/li>\n<li>Abholpunkt: Hotel<\/li>\n<li>Abholzeit: 09:00<\/li>\n<li>Abgabepunkt: Hotel<\/li>\n<li>Abgabezeit: 17:00<\/li>\n<li>Tourzeit: 8 (Transport inbegriffen)<\/li>\n<\/ul>\n","protected":false},"excerpt":{"rendered":"<h3>Preisliste<\/h3>\n<table class=\"price-table\">\n<tbody>\n<tr>\n<td>Eine Person<\/td>\n<td>Erwachsene (&gt;10)<\/td>\n<td>25 \u20ac<\/td>\n<\/tr>\n<tr>\n<td>Eine Person<\/td>\n<td>Kind (5-9)<\/td>\n<td>15 \u20ac<\/td>\n<\/tr>\n<tr>\n<td>Eine Person<\/td>\n<td>S\u00e4ugling (0-4)<\/td>\n<td>Kostenlos<\/td>\n<\/tr>\n<\/tbody>\n<\/table>\n","protected":false},"featured_media":6833,"comment_status":"open","ping_status":"closed","template":"","meta":{"_joinchat":[]},"product_brand":[],"product_cat":[44],"product_tag":[],"class_list":{"0":"post-6825","1":"product","2":"type-product","3":"status-publish","4":"has-post-thumbnail","6":"product_cat-alanya-touren","8":"first","9":"instock","10":"sold-individually","11":"shipping-taxable","12":"purchasable","13":"product-type-booking"},"booking_location":"","booking_location_type":"","booking_duration":1,"booking_duration_unit":"day","booking_buffer":0,"booking_cost":0,"booking_resources":[],"jetpack_sharing_enabled":true,"_links":{"self":[{"href":"https:\/\/tursaytravel.com\/de\/wp-json\/wp\/v2\/product\/6825","targetHints":{"allow":["GET"]}}],"collection":[{"href":"https:\/\/tursaytravel.com\/de\/wp-json\/wp\/v2\/product"}],"about":[{"href":"https:\/\/tursaytravel.com\/de\/wp-json\/wp\/v2\/types\/product"}],"replies":[{"embeddable":true,"href":"https:\/\/tursaytravel.com\/de\/wp-json\/wp\/v2\/comments?post=6825"}],"wp:featuredmedia":[{"embeddable":true,"href":"https:\/\/tursaytravel.com\/de\/wp-json\/wp\/v2\/media\/6833"}],"wp:attachment":[{"href":"https:\/\/tursaytravel.com\/de\/wp-json\/wp\/v2\/media?parent=6825"}],"wp:term":[{"taxonomy":"product_brand","embeddable":true,"href":"https:\/\/tursaytravel.com\/de\/wp-json\/wp\/v2\/product_brand?post=6825"},{"taxonomy":"product_cat","embeddable":true,"href":"https:\/\/tursaytravel.com\/de\/wp-json\/wp\/v2\/product_cat?post=6825"},{"taxonomy":"product_tag","embeddable":true,"href":"https:\/\/tursaytravel.com\/de\/wp-json\/wp\/v2\/product_tag?post=6825"}],"curies":[{"name":"wp","href":"https:\/\/api.w.org\/{rel}","templated":true}]}}