{"id":6783,"date":"2025-04-23T00:32:39","date_gmt":"2025-04-22T21:32:39","guid":{"rendered":"https:\/\/tursaytravel.com\/?post_type=product&#038;p=6783"},"modified":"2025-09-05T16:04:04","modified_gmt":"2025-09-05T13:04:04","slug":"private-bootstour-in-alanya","status":"publish","type":"product","link":"https:\/\/tursaytravel.com\/de\/private-bootstour-in-alanya\/","title":{"rendered":"Private Bootstour in Alanya"},"content":{"rendered":"<h2>Private Bootstour in Alanya<\/h2>\n<p>Eine private Bootstour in Alanya bietet ein unvergessliches Erlebnis im Herzen des Mittelmeers. Alanya zieht jedes Jahr Tausende von Besuchern an, nicht nur mit seinen historischen Sch\u00f6nheiten und dem tiefblauen Meer, sondern auch mit seinen einzigartigen M\u00f6glichkeiten am Meer. Eine der sch\u00f6nsten und privilegiertesten Aktivit\u00e4ten sind zweifellos private Bootstouren. Wenn Sie abseits des Trubels, nur mit Ihren Lieben, das Meer und die Ruhe genie\u00dfen m\u00f6chten, k\u00f6nnen Sie mit unserer privaten Bootstour in Alanya einen wundersch\u00f6nen Tag im ruhigen Mittelmeer verbringen.   <\/p>\n<h2>Einzelheiten zur Tour:<\/h2>\n<h3>Wir bieten zwei Optionen f\u00fcr die Tourdauer:<\/h3>\n<ul>\n<li>10:00\/14:00 Uhr<\/li>\n<li>15:00\/19:00 Uhr<\/li>\n<\/ul>\n<p>W\u00e4hlen Sie Ihre Wunschzeit aus zwei Optionen.<\/p>\n<ul>\n<li>Nach der Abholung von Ihrem Hotel fahren wir zum Hafen von Alanya.<\/li>\n<li>Nachdem unser Boot den Hafen verlassen hat, machen wir eine erste Badepause an der Werft neben dem Roten Turm.<\/li>\n<li>Wir machen eine Mittagspause (mit H\u00fchnchen oder Fisch, Nudeln, Salat und Obst)<\/li>\n<li>Wir fahren zum Cleopatra-Strand und machen eine Badepause.<\/li>\n<li>Wir machen eine Mittagspause (mit H\u00fchnchen- oder Fischnudeln, Salat und Obst). <\/li>\n<li>Das Mittagessen ist im Tourpreis inbegriffen. Softdrinks sind den ganzen Tag \u00fcber kostenlos. <\/li>\n<li>Wir kehren vom offenen Meer zum Hafen zur\u00fcck.<\/li>\n<li>Wir bringen Sie zu Ihrem Hotel zur\u00fcck.<\/li>\n<\/ul>\n<p>Viel Spa\u00df vorab \ud83d\ude42<\/p>\n<h2>Im Preis inbegriffen:<\/h2>\n<ul>\n<li>Versicherung<\/li>\n<li>F\u00fchrung<\/li>\n<li>Abholung und R\u00fccktransfer<\/li>\n<li>Mittagessen, Obst<\/li>\n<li>Den ganzen Tag \u00fcber alkoholfreie Getr\u00e4nke<\/li>\n<\/ul>\n<h2>Optional im Preis ausgeschlossen:<\/h2>\n<ul>\n<li>Alkohol<\/li>\n<\/ul>\n<h2>Hinweise und zus\u00e4tzliche Informationen:<\/h2>\n<ul>\n<li>F\u00fcr Reservierungen kontaktieren Sie uns bitte per WhatsApp.<\/li>\n<li>Die maximale Teilnehmerzahl betr\u00e4gt 5 Personen. Der Preis betr\u00e4gt 350 Euro. Bei einer geringeren Teilnehmerzahl \u00e4ndert sich der Preis nicht. Der Gesamtpreis f\u00fcr 1 bis 5 Personen betr\u00e4gt 350 Euro.   <\/li>\n<li>Bei mehr Personen findet die Tour mit unserem etwas gr\u00f6\u00dferen Boot statt. Kontaktieren Sie uns bitte hierzu. <\/li>\n<li>Abhol- und R\u00fcckgabezeiten k\u00f6nnen je nach Standort Ihres Hotels variieren.<\/li>\n<li>Die Abhol- und Bringzeiten k\u00f6nnen je nach Hotelstandort variieren.<\/li>\n<li>Bitte bringen Sie Handtuch, Badekleidung, Sonnenbrille und Sonnencreme mit.<\/li>\n<\/ul>\n<h2>Allgemeine Informationen:<\/h2>\n<ul>\n<li>Tourtage: Bitte kontaktieren Sie uns per WhatsApp<\/li>\n<li>Abholpunkt: Hotel<\/li>\n<li>Abholzeit: 10:00\/15:00<\/li>\n<li>Abgabepunkt: Hotel<\/li>\n<li>Abgabezeit: 14:00\/19:00<\/li>\n<li>Tourzeit: 4 (Transport inbegriffen)<\/li>\n<\/ul>\n","protected":false},"excerpt":{"rendered":"<h3>Preisliste<\/h3>\n<p><span style=\"font-size: 120%;\"><span style=\"color: #000000;\">350 Euro f\u00fcr bis zu 5 Personen<\/span><\/span><\/p>\n<p><span style=\"font-size: 120%;\"><strong><span style=\"color: #000000;\">Bitte kontaktieren Sie uns \u00fcber WhatsApp f\u00fcr Details und Tourtage.<\/span><\/strong><\/span><\/p>\n","protected":false},"featured_media":6804,"comment_status":"open","ping_status":"closed","template":"","meta":{"_joinchat":[]},"product_brand":[],"product_cat":[44],"product_tag":[],"class_list":{"0":"post-6783","1":"product","2":"type-product","3":"status-publish","4":"has-post-thumbnail","6":"product_cat-alanya-touren","8":"first","9":"instock","10":"sold-individually","11":"shipping-taxable","12":"purchasable","13":"product-type-booking"},"booking_location":"","booking_location_type":"","booking_duration":1,"booking_duration_unit":"day","booking_buffer":0,"booking_cost":350,"booking_resources":[],"jetpack_sharing_enabled":true,"_links":{"self":[{"href":"https:\/\/tursaytravel.com\/de\/wp-json\/wp\/v2\/product\/6783","targetHints":{"allow":["GET"]}}],"collection":[{"href":"https:\/\/tursaytravel.com\/de\/wp-json\/wp\/v2\/product"}],"about":[{"href":"https:\/\/tursaytravel.com\/de\/wp-json\/wp\/v2\/types\/product"}],"replies":[{"embeddable":true,"href":"https:\/\/tursaytravel.com\/de\/wp-json\/wp\/v2\/comments?post=6783"}],"wp:featuredmedia":[{"embeddable":true,"href":"https:\/\/tursaytravel.com\/de\/wp-json\/wp\/v2\/media\/6804"}],"wp:attachment":[{"href":"https:\/\/tursaytravel.com\/de\/wp-json\/wp\/v2\/media?parent=6783"}],"wp:term":[{"taxonomy":"product_brand","embeddable":true,"href":"https:\/\/tursaytravel.com\/de\/wp-json\/wp\/v2\/product_brand?post=6783"},{"taxonomy":"product_cat","embeddable":true,"href":"https:\/\/tursaytravel.com\/de\/wp-json\/wp\/v2\/product_cat?post=6783"},{"taxonomy":"product_tag","embeddable":true,"href":"https:\/\/tursaytravel.com\/de\/wp-json\/wp\/v2\/product_tag?post=6783"}],"curies":[{"name":"wp","href":"https:\/\/api.w.org\/{rel}","templated":true}]}}