{"id":6348,"date":"2025-04-22T21:49:00","date_gmt":"2025-04-22T18:49:00","guid":{"rendered":"https:\/\/tursaytravel.com\/?post_type=product&#038;p=6348"},"modified":"2026-01-31T21:54:05","modified_gmt":"2026-01-31T18:54:05","slug":"kappadokien-3-tages-tour-von-alanya","status":"publish","type":"product","link":"https:\/\/tursaytravel.com\/de\/kappadokien-3-tages-tour-von-alanya\/","title":{"rendered":"Kappadokien 3-Tages-Tour von Alanya"},"content":{"rendered":"<h2>Kappadokien 3-Tages-Tour von Alanya<\/h2>\n<p>Eine Kappadokien-Tour ab Alanya ist eine gro\u00dfartige Option f\u00fcr alle, die Natursch\u00f6nheiten, historische Orte und kulturelle Reicht\u00fcmer entdecken m\u00f6chten. Es ist als 2 N\u00e4chte und 3 Tage organisiert. <\/p>\n<p>Kappadokien liegt nord\u00f6stlich von Alanya und ist etwa 500 km entfernt. Im Reisepreis ist die Unterbringung in einem 3-Sterne-Hotel enthalten.  Kappadokien ist ber\u00fchmt f\u00fcr seine unterirdischen St\u00e4dte, T\u00e4ler, H\u00f6hlen und Feenkamine. Nat\u00fcrliche Felsformationen entstehen durch Millionen Jahre andauernde Erosion. Die Region ist ein mystischer Ort, an dem Geschichte auf Natur trifft. Eine Kappadokien-Tour ab Alanya ist ein wunderbares Erlebnis f\u00fcr alle, die Natursch\u00f6nheiten und historische Reicht\u00fcmer entdecken m\u00f6chten.   <\/p>\n<h2>Einzelheiten zur Tour:<\/h2>\n<h3>Erster Tag<\/h3>\n<ul>\n<li>Abholung von Ihrem Hotel um 4:30 Uhr.<\/li>\n<li>Fotopause und Fr\u00fchst\u00fcck im Taurusgebirge (Fr\u00fchst\u00fcck nicht im Tourpreis enthalten) <\/li>\n<li>Besichtigung des Mevlana-Mausoleums in Konya.<\/li>\n<li>Besichtigung der Sultanhan\u0131-Karawanserei.<\/li>\n<li>Mittagspause in Aksaray (Mittagessen nicht im Tourpreis enthalten).<\/li>\n<li>Besichtigung der unterirdischen Stadt Tatlarin und der Kirche. (Extra. Ungef\u00e4hr 2 Euro)<\/li>\n<li>Abendessen im Hotel (im Tourpreis enthalten).<\/li>\n<\/ul>\n<h3>Zweiter Tag:<\/h3>\n<ul>\n<li>Am fr\u00fchen Morgen gehen wir zur Ballonparade, um den Panoramablick und die fliegenden Ballons zu bewundern. (optionales Extra) <\/li>\n<li>Fr\u00fchst\u00fcck im Hotel (inklusive)<\/li>\n<li>Devrent-Tal (2 km Wanderung)<\/li>\n<li>Wir werden die T\u00f6pferwerkstatt besuchen.<\/li>\n<li>Wanderung in \u00c7avu\u015fin und Besichtigung der Johanneskirche<\/li>\n<li>Mittagessen in Avanos (Mittagessen nicht im Tourpreis enthalten)<\/li>\n<li>Wanderung im Avanos K\u0131z\u0131l\u0131rmak (Roter Fluss)<\/li>\n<li>Wir werden das Tal der Liebe besuchen<\/li>\n<li>Panoramapause im G\u00f6reme-Tal<\/li>\n<li>Panoramapause an der Burg Uchisar<\/li>\n<li>Panoramapause im Pigeon-Tal<\/li>\n<li>Entspannung im Hotel und Abendessen.<\/li>\n<\/ul>\n<h3>Dritter Tag:<\/h3>\n<ul>\n<li>Fr\u00fchst\u00fcck im Hotel (inklusive)<\/li>\n<li>Abreise vom Hotel.<\/li>\n<li>Wir besuchen die Onix-Fabrik.<\/li>\n<li>Wir besuchen den \u00f6rtlichen K\u00fcrbisladen von Cappadocia.<\/li>\n<li>Pause unterwegs bei der Karawanserei Tepesidelik.<\/li>\n<li>Mittagessen in Konya. (Mittagessen nicht im Tourpreis enthalten.) <\/li>\n<li>R\u00fcckkehr nach Alanya<\/li>\n<li>Wir bringen Sie gegen 18:00 Uhr zu Ihrem Hotel.<\/li>\n<\/ul>\n<p>Viel Spa\u00df vorab\ud83d\ude42<\/p>\n<h2>Im Preis inbegriffen:<\/h2>\n<ul>\n<li>Versicherung<\/li>\n<li>F\u00fchrung<\/li>\n<li>Abholung und R\u00fccktransfer<\/li>\n<li>2 \u00dcbernachtungen in einem 3-Sterne-Hotel in \u00dcrg\u00fcp (Halbpension).<\/li>\n<li>2 Abendessen und 2 Fr\u00fchst\u00fccke im Hotel.<\/li>\n<\/ul>\n<h2>Optional im Preis ausgeschlossen:<\/h2>\n<ul>\n<li>Fr\u00fchst\u00fcck am ersten Tag und Mittagessen.<\/li>\n<li>Alle Getr\u00e4nke.<\/li>\n<li>Eintrittsgeb\u00fchr f\u00fcr die unterirdische Stadt Tatlarin und die Kirche (ca. 2 Euro)<\/li>\n<li>Pers\u00f6nliche Ausgaben<\/li>\n<li>T\u00fcrkische Nachtshow, Tanzende Derwische, Ballonfahrt und Ballonbeobachtung.<\/li>\n<li>Einzelzimmer im Hotel: 15 Euro pro Nacht. (Wenn Sie allein sind und ein Einzelzimmer w\u00fcnschen.) <\/li>\n<\/ul>\n<h2>Hinweise und zus\u00e4tzliche Informationen:<\/h2>\n<ul>\n<li>Reisepass oder Personalausweis. Nehmen Sie Ihre Kamera und Ihr Mobiltelefon mit.<\/li>\n<li>Sie k\u00f6nnen auch Ihre Jacke mitnehmen, da es in Kappadokien k\u00fchler sein kann.  <\/li>\n<li>Sie sollten bequeme Wanderschuhe mitnehmen.<\/li>\n<li>Abhol- und R\u00fcckgabezeiten k\u00f6nnen je nach Standort Ihres Hotels variieren.<\/li>\n<\/ul>\n<h2>Allgemeine Informationen:<\/h2>\n<ul>\n<li>Tourtage: Dienstag<\/li>\n<li>Abholpunkt: Hotel<\/li>\n<li>Abholzeit: 04:30<\/li>\n<li>Abgabepunkt: Hotel<\/li>\n<li>Abgabezeit: 18:00<\/li>\n<li>Tourzeit: 3 Tage<\/li>\n<\/ul>\n","protected":false},"excerpt":{"rendered":"<h3>Preisliste<\/h3>\n<table class=\"price-table\">\n<tbody>\n<tr>\n<td>Eine Person<\/td>\n<td>Erwachsene (&gt;11)<\/td>\n<td>130 \u20ac<\/td>\n<\/tr>\n<tr>\n<td>Eine Person<\/td>\n<td>Kind (6-10)<\/td>\n<td> 65 \u20ac<\/td>\n<\/tr>\n<tr>\n<td>Eine Person<\/td>\n<td>S\u00e4ugling (0-5)<\/td>\n<td>Kostenlos<\/td>\n<\/tr>\n<\/tbody>\n<\/table>\n","protected":false},"featured_media":6475,"comment_status":"open","ping_status":"closed","template":"","meta":{"_joinchat":[]},"product_brand":[],"product_cat":[44],"product_tag":[],"class_list":{"0":"post-6348","1":"product","2":"type-product","3":"status-publish","4":"has-post-thumbnail","6":"product_cat-alanya-touren","8":"first","9":"instock","10":"sold-individually","11":"shipping-taxable","12":"purchasable","13":"product-type-booking"},"booking_location":"","booking_location_type":"","booking_duration":1,"booking_duration_unit":"day","booking_buffer":0,"booking_cost":0,"booking_resources":[],"jetpack_sharing_enabled":true,"_links":{"self":[{"href":"https:\/\/tursaytravel.com\/de\/wp-json\/wp\/v2\/product\/6348","targetHints":{"allow":["GET"]}}],"collection":[{"href":"https:\/\/tursaytravel.com\/de\/wp-json\/wp\/v2\/product"}],"about":[{"href":"https:\/\/tursaytravel.com\/de\/wp-json\/wp\/v2\/types\/product"}],"replies":[{"embeddable":true,"href":"https:\/\/tursaytravel.com\/de\/wp-json\/wp\/v2\/comments?post=6348"}],"wp:featuredmedia":[{"embeddable":true,"href":"https:\/\/tursaytravel.com\/de\/wp-json\/wp\/v2\/media\/6475"}],"wp:attachment":[{"href":"https:\/\/tursaytravel.com\/de\/wp-json\/wp\/v2\/media?parent=6348"}],"wp:term":[{"taxonomy":"product_brand","embeddable":true,"href":"https:\/\/tursaytravel.com\/de\/wp-json\/wp\/v2\/product_brand?post=6348"},{"taxonomy":"product_cat","embeddable":true,"href":"https:\/\/tursaytravel.com\/de\/wp-json\/wp\/v2\/product_cat?post=6348"},{"taxonomy":"product_tag","embeddable":true,"href":"https:\/\/tursaytravel.com\/de\/wp-json\/wp\/v2\/product_tag?post=6348"}],"curies":[{"name":"wp","href":"https:\/\/api.w.org\/{rel}","templated":true}]}}