{"id":3313,"date":"2024-06-28T21:26:33","date_gmt":"2024-06-28T18:26:33","guid":{"rendered":"https:\/\/tursaytravel.com\/?post_type=product&#038;p=3313"},"modified":"2026-05-04T17:06:36","modified_gmt":"2026-05-04T14:06:36","slug":"alanya-catamaran-boot-tour","status":"publish","type":"product","link":"https:\/\/tursaytravel.com\/de\/alanya-catamaran-boot-tour\/","title":{"rendered":"Alanya Catamaran Boot Tour"},"content":{"rendered":"<h2>Alanya Catamaran Boot Tour<\/h2>\n<p>Die Katamaran-Bootstour ist eine t\u00e4gliche Unterhaltungstour. Diese Tour erwartet Sie in Alanya, wo Sie den weltber\u00fchmten Kleopatra-Strand, historische H\u00f6hlen und die sch\u00f6nsten Str\u00e4nde besichtigen sowie Schaumpartys und unterhaltsame Aktivit\u00e4ten genie\u00dfen k\u00f6nnen. <\/p>\n<h2>Einzelheiten zur Tour:<\/h2>\n<ul>\n<li>Wir holen Sie gegen 9:30 Uhr morgens von Ihrem Hotel ab.<\/li>\n<li>Ankunft im Hafen von Alanya.<\/li>\n<li>Unser Boot verl\u00e4sst den Hafen von Alanya gegen 10:30 Uhr.<\/li>\n<li>Wir machen eine erste Badepause in der Werft neben dem Roten Turm.<\/li>\n<li>Wir werden die Piratenh\u00f6hle, die Liebhaberh\u00f6hle und die Phosphorh\u00f6hle sehen.<\/li>\n<li>Wir fahren vom offenen Meer zum Strand von Ula\u015f.<\/li>\n<li>Mittagessen am Strand von Ula\u015f. Das Mittagessen ist in der Tour inbegriffen.<\/li>\n<li>Au\u00dferdem gibt es den ganzen Tag \u00fcber kostenlose Softdrinks, aber im Glas und zur Selbstbedienung (Wasser, Cola, Fanta).<\/li>\n<li>Es gibt eine Badepause in der Teufelsh\u00f6hle.(Sie k\u00f6nnen die H\u00f6hle betreten und schwimmen)<\/li>\n<li>Danach fahren wir zum Kleopatra-Strand, um eine Badepause einzulegen.<\/li>\n<li>W\u00e4hrend der Tour gibt es eine Schaumparty, Animationen, Musik und verschiedene Aktivit\u00e4ten.<\/li>\n<li>R\u00fcckkehr vom offenen Meer in den Hafen von Alanya.<\/li>\n<li>Wenn Sie Gl\u00fcck haben, k\u00f6nnen Sie Delfine sehen.<\/li>\n<li>Die Tour endet gegen 15:00 Uhr und wir bringen Sie gegen 15:45 Uhr zum Ihrem Hotel.<\/li>\n<\/ul>\n<p>Viel Spa\u00df schon jetzt\u263a\ufe0f<\/p>\n<h2>Im Preis inbegriffen:<\/h2>\n<ul>\n<li>Versicherung<\/li>\n<li>F\u00fchrung<\/li>\n<li>Abholung und R\u00fccktransfer<\/li>\n<li>Mittagessen (H\u00fchnchen, Pasta und Salat)<\/li>\n<li>Erfrischungsgetr\u00e4nke (den ganzen Tag kostenlos)<\/li>\n<\/ul>\n<h2>Optional im Preis ausgeschlossen:<\/h2>\n<ul>\n<li>Foto<\/li>\n<li>Eiscreme<\/li>\n<li>Alkohol<\/li>\n<\/ul>\n<h2>Hinweise und zus\u00e4tzliche Informationen:<\/h2>\n<ul>\n<li>Sie sollten einen Badeanzug, Sonnencreme, eine Sonnenbrille und ein Handtuch mitbringen.<\/li>\n<li>Abhol- und R\u00fcckgabezeiten k\u00f6nnen je nach Standort Ihres Hotels variieren.<\/li>\n<\/ul>\n<h2>Allgemeine Informationen:<\/h2>\n<ul>\n<li>Tourtage: T\u00e4glich<\/li>\n<li>Abholpunkt: Hotel<\/li>\n<li>Abholzeit: 09:30<\/li>\n<li>Abgabepunkt: Hotel<\/li>\n<li>Abgabezeit: 15:30<\/li>\n<li>Tourzeit: 6 (Transport inbegriffen)<\/li>\n<\/ul>\n","protected":false},"excerpt":{"rendered":"<h3>Preisliste<\/h3>\n<table class=\"price-table\">\n<tbody>\n<tr>\n<td>Eine Person<\/td>\n<td>Erwachsene (&gt;12)<\/td>\n<td>20 \u20ac<\/td>\n<\/tr>\n<tr>\n<td>Eine Person<\/td>\n<td>Kind (7-11)<\/td>\n<td>10 \u20ac<\/td>\n<\/tr>\n<tr>\n<td>Eine Person<\/td>\n<td>S\u00e4ugling(0-6)<\/td>\n<td>Kostenlos<\/td>\n<\/tr>\n<\/tbody>\n<\/table>\n","protected":false},"featured_media":3320,"comment_status":"open","ping_status":"closed","template":"","meta":{"_joinchat":[]},"product_brand":[],"product_cat":[44],"product_tag":[],"class_list":{"0":"post-3313","1":"product","2":"type-product","3":"status-publish","4":"has-post-thumbnail","6":"product_cat-alanya-touren","8":"first","9":"instock","10":"sold-individually","11":"shipping-taxable","12":"purchasable","13":"product-type-booking"},"booking_location":"","booking_location_type":"","booking_duration":1,"booking_duration_unit":"day","booking_buffer":0,"booking_cost":0,"booking_resources":[],"jetpack_sharing_enabled":true,"_links":{"self":[{"href":"https:\/\/tursaytravel.com\/de\/wp-json\/wp\/v2\/product\/3313","targetHints":{"allow":["GET"]}}],"collection":[{"href":"https:\/\/tursaytravel.com\/de\/wp-json\/wp\/v2\/product"}],"about":[{"href":"https:\/\/tursaytravel.com\/de\/wp-json\/wp\/v2\/types\/product"}],"replies":[{"embeddable":true,"href":"https:\/\/tursaytravel.com\/de\/wp-json\/wp\/v2\/comments?post=3313"}],"wp:featuredmedia":[{"embeddable":true,"href":"https:\/\/tursaytravel.com\/de\/wp-json\/wp\/v2\/media\/3320"}],"wp:attachment":[{"href":"https:\/\/tursaytravel.com\/de\/wp-json\/wp\/v2\/media?parent=3313"}],"wp:term":[{"taxonomy":"product_brand","embeddable":true,"href":"https:\/\/tursaytravel.com\/de\/wp-json\/wp\/v2\/product_brand?post=3313"},{"taxonomy":"product_cat","embeddable":true,"href":"https:\/\/tursaytravel.com\/de\/wp-json\/wp\/v2\/product_cat?post=3313"},{"taxonomy":"product_tag","embeddable":true,"href":"https:\/\/tursaytravel.com\/de\/wp-json\/wp\/v2\/product_tag?post=3313"}],"curies":[{"name":"wp","href":"https:\/\/api.w.org\/{rel}","templated":true}]}}