{"id":3221,"date":"2024-06-28T20:41:45","date_gmt":"2024-06-28T17:41:45","guid":{"rendered":"https:\/\/tursaytravel.com\/?post_type=product&#038;p=3221"},"modified":"2026-04-09T17:45:24","modified_gmt":"2026-04-09T14:45:24","slug":"gazipasa-delik-sea-und-king-bay-tour-von-alanya","status":"publish","type":"product","link":"https:\/\/tursaytravel.com\/de\/gazipasa-delik-sea-und-king-bay-tour-von-alanya\/","title":{"rendered":"Gazipa\u015fa Delik Sea und King Bay Tour Von Alanya"},"content":{"rendered":"<h2>Gazipa\u015fa Delik Sea und King Bay Tour Von Alanya<\/h2>\n<p>Delik Sea liegt im Bezirk Gazipa\u015fa der Provinz Antalya. Es liegt etwa 20 Kilometer \u00f6stlich von Gazipa\u015fa. Hole Deniz hat seinen Namen von einem gro\u00dfen Loch, das sich zwischen den Felsen gebildet hat. Diese nat\u00fcrliche Felsformation sieht aus wie eine mit Meerwasser gef\u00fcllte H\u00f6hle und bietet eine sehr beeindruckende Aussicht. Das Hole Sea entstand durch nat\u00fcrliche Erosion des Meeres und ist daher ziemlich einzigartig. Delik Deniz ist mit seiner herrlichen Aussicht ein beliebtes Ziel f\u00fcr Fotografen. Delik Deniz ist ein idealer Zufluchtsort f\u00fcr diejenigen, die eine ruhige und friedliche Zeit in Kontakt mit der Natur verbringen m\u00f6chten. Es bietet seinen Besuchern mit seiner nat\u00fcrlichen Struktur und einzigartigen Aussicht ein unvergessliches Erlebnis. (Delik Sea ist etwa 60 Kilometer von Alanya entfernt)<\/p>\n<h2> Einzelheiten zur Tour:<\/h2>\n<ul>\n<li>Wir holen Sie morgens gegen 09:15 Uhr von Ihrem Hotel ab.<\/li>\n<li>Wir treffen uns mit der Reisegruppe<\/li>\n<li>Wir werden die antike Stadt Syedra besuchen.<\/li>\n<li>Dann fahren wir zur Gazipa\u015fa Aytap Bucht (Schwimmpause)<\/li>\n<li>Nach dem Besuch der Aytap-Bucht machen wir eine Mittagspause. (Mittagessen ist in der Tour inbegriffen.) <\/li>\n<li>Nach dem Mittagessen besuchen wir die H\u00f6hle.<\/li>\n<li>Nach dem H\u00f6hlenbesuch besuchen wir die antike Stadt Antiochia, die K\u00f6nigsbucht und das Delik-Meer. Wir machen eine Badepause im Delik-Meer. <\/li>\n<li>Je nach Uhrzeit und Programm machen wir eine Badepause am Selinus Strand und besuchen auch den tropischen Obstgarten.<\/li>\n<li>Die Tour endet gegen 17:30 Uhr und wir bringen Sie zu Ihrem Hotel.<\/li>\n<\/ul>\n<p>Viel Spa\u00df vorab \ud83d\ude42<\/p>\n<h2>Im Preis inbegriffen:<\/h2>\n<ul>\n<li>Versicherung<\/li>\n<li>F\u00fchrung<\/li>\n<li>Abholung-Abgabe<\/li>\n<li>Mittagessen<\/li>\n<li>Eintrittsgeb\u00fchr f\u00fcr die H\u00f6hle<\/li>\n<\/ul>\n<h2>Optional im Preis ausgeschlossen:<\/h2>\n<ul>\n<li>Getr\u00e4nke<\/li>\n<li>Pers\u00f6nliche Ausgaben<\/li>\n<\/ul>\n<h2> Hinweise und zus\u00e4tzliche Informationen:<\/h2>\n<ul>\n<li>Sie sollten ein Handtuch, einen Badeanzug, Sonnencreme, eine Sonnenbrille, Meeresschuhe und Wanderschuhe mitbringen.<\/li>\n<li>Abhol- und R\u00fcckgabezeiten k\u00f6nnen je nach Standort Ihres Hotels variieren.<\/li>\n<\/ul>\n<h2>Allgemeine Informationen:<\/h2>\n<ul>\n<li>Tourtage: Dienstag,Donnerstag,Samstag<\/li>\n<li>Abholpunkt: Hotel<\/li>\n<li>Abholzeit: 09:15<\/li>\n<li>Abgabepunkt: Hotel<\/li>\n<li>Abgabezeit: 18:00<\/li>\n<li>Tourzeit: 9 (Transport inbegriffen)<\/li>\n<\/ul>\n","protected":false},"excerpt":{"rendered":"<h3>Preisliste<\/h3>\n<table class=\"price-table\">\n<tbody>\n<tr>\n<td>Eine Person<\/td>\n<td>Erwachsene (&gt;11)<\/td>\n<td>35 \u20ac<\/td>\n<\/tr>\n<tr>\n<td>Eine Person<\/td>\n<td>Kind (4-10)<\/td>\n<td>35 \u20ac<\/td>\n<\/tr>\n<tr>\n<td>Eine Person\n<\/td>\n<td>S\u00e4ugling (0-3)\n<\/td>\n<td>Kostenlos<\/td>\n<\/tr>\n<\/tbody>\n<\/table>\n","protected":false},"featured_media":3228,"comment_status":"open","ping_status":"closed","template":"","meta":{"_joinchat":[]},"product_brand":[],"product_cat":[44],"product_tag":[],"class_list":{"0":"post-3221","1":"product","2":"type-product","3":"status-publish","4":"has-post-thumbnail","6":"product_cat-alanya-touren","8":"first","9":"instock","10":"sold-individually","11":"shipping-taxable","12":"purchasable","13":"product-type-booking"},"booking_location":"","booking_location_type":"","booking_duration":1,"booking_duration_unit":"day","booking_buffer":0,"booking_cost":0,"booking_resources":[],"jetpack_sharing_enabled":true,"_links":{"self":[{"href":"https:\/\/tursaytravel.com\/de\/wp-json\/wp\/v2\/product\/3221","targetHints":{"allow":["GET"]}}],"collection":[{"href":"https:\/\/tursaytravel.com\/de\/wp-json\/wp\/v2\/product"}],"about":[{"href":"https:\/\/tursaytravel.com\/de\/wp-json\/wp\/v2\/types\/product"}],"replies":[{"embeddable":true,"href":"https:\/\/tursaytravel.com\/de\/wp-json\/wp\/v2\/comments?post=3221"}],"wp:featuredmedia":[{"embeddable":true,"href":"https:\/\/tursaytravel.com\/de\/wp-json\/wp\/v2\/media\/3228"}],"wp:attachment":[{"href":"https:\/\/tursaytravel.com\/de\/wp-json\/wp\/v2\/media?parent=3221"}],"wp:term":[{"taxonomy":"product_brand","embeddable":true,"href":"https:\/\/tursaytravel.com\/de\/wp-json\/wp\/v2\/product_brand?post=3221"},{"taxonomy":"product_cat","embeddable":true,"href":"https:\/\/tursaytravel.com\/de\/wp-json\/wp\/v2\/product_cat?post=3221"},{"taxonomy":"product_tag","embeddable":true,"href":"https:\/\/tursaytravel.com\/de\/wp-json\/wp\/v2\/product_tag?post=3221"}],"curies":[{"name":"wp","href":"https:\/\/api.w.org\/{rel}","templated":true}]}}