{"id":3145,"date":"2024-06-28T19:31:49","date_gmt":"2024-06-28T16:31:49","guid":{"rendered":"https:\/\/tursaytravel.com\/?post_type=product&#038;p=3145"},"modified":"2026-04-19T15:46:58","modified_gmt":"2026-04-19T12:46:58","slug":"adrasan-suluada-insel-bootstour-von-alanya","status":"publish","type":"product","link":"https:\/\/tursaytravel.com\/de\/adrasan-suluada-insel-bootstour-von-alanya\/","title":{"rendered":"Adrasan-Suluada Insel Bootstour von Alanya"},"content":{"rendered":"<h2>Adrasan-Suluada Insel Bootstour von Alanya<\/h2>\n<p>Adrasan Suluada Beach ist ein kleiner Inselstrand in der N\u00e4he der Stadt Adrasan in der t\u00fcrkischen Provinz Antalya. Dieser Strand ist besonders ber\u00fchmt f\u00fcr sein kristallklares Wasser und seinen wei\u00dfen Sand. Der Name \u201eSuluada\u201c kommt von den S\u00fc\u00dfwasserquellen rund um die Insel. Suluada Beach ist mit seiner nat\u00fcrlichen Sch\u00f6nheit und ruhigen Atmosph\u00e4re ein perfekter Zufluchtsort f\u00fcr Naturliebhaber und Meeresliebhaber. Sie k\u00f6nnen diese wundersch\u00f6ne Insel besuchen und im sauberen Wasser des Mittelmeers unvergessliche Erinnerungen schaffen.    <\/p>\n<h2>Einzelheiten zur Tour:<\/h2>\n<ul>\n<li>Wir holen Sie um ca. 04:30 Uhr von Ihrem Hotel ab.<\/li>\n<li>Wir fahren mit einem klimatisierten Bus zur Bucht von Adrasan.<\/li>\n<li>Unsere Bootstour findet zwischen 10:00 und 16:00 Uhr statt.<\/li>\n<li>W\u00e4hrend dieser Zeit:<\/li>\n<li>Wir besuchen den Strand von Suluada, die Wasserquelle von Suluada, die Liebesh\u00f6hle und den amerikanischen Strand.<\/li>\n<li>Au\u00dferdem gibt es unterhaltsame Aktivit\u00e4ten und Badepausen.<\/li>\n<li>Die Mittagspause machen wir am Strand von Suluada.<\/li>\n<li>Das Mittagessen ist in der Tour inbegriffen. (Fisch, Pasta, Salat) <\/li>\n<li>Nach dem Ende unserer Bootstour kehren wir nach Alanya zur\u00fcck.<\/li>\n<li>Wir setzen Sie um ca. 20:30 Uhr an Ihrem Hotel ab.<\/li>\n<\/ul>\n<p>Viel Spa\u00df vorab \ud83d\ude42<\/p>\n<h2>Im Preis inbegriffen:<\/h2>\n<ul>\n<li>Versicherung<\/li>\n<li>F\u00fchrung<\/li>\n<li>Abholung-Abgabe<\/li>\n<li>Mittagessen<\/li>\n<li>Tee und Kekse serviert<\/li>\n<li>Bio-Obstteller<\/li>\n<li>Bootstour<\/li>\n<\/ul>\n<h2>Optional im Preis ausgeschlossen:<\/h2>\n<ul>\n<li>Getr\u00e4nke<\/li>\n<li>Snacks<\/li>\n<\/ul>\n<h2>Hinweise und zus\u00e4tzliche Informationen:<\/h2>\n<ul>\n<li>Sie sollten ein Handtuch, einen Badeanzug, eine Sonnenbrille und Sonnencreme mitbringen.<\/li>\n<li>Abhol- und R\u00fcckgabezeiten k\u00f6nnen je nach Standort Ihres Hotels variieren.<\/li>\n<\/ul>\n<h2>Allgemeine Informationen:<\/h2>\n<ul>\n<li>Tourtage: Montag, Mittwoch, Samstag<\/li>\n<li>Abholpunkt: Hotel<\/li>\n<li>Abholzeit: 04:30<\/li>\n<li>Abgabepunkt: Hotel<\/li>\n<li>Abgabezeit: 20:30<\/li>\n<li>Tourzeit: 16 (Transport inbegriffen)<\/li>\n<\/ul>\n","protected":false},"excerpt":{"rendered":"<h3>Preisliste<\/h3>\n<table class=\"price-table\">\n<tbody>\n<tr>\n<td>Eine Person<\/td>\n<td>Erwachsene (&gt;7)<\/td>\n<td>40 \u20ac<\/td>\n<\/tr>\n<tr>\n<td>Eine Person<\/td>\n<td>Kind (4-6)<\/td>\n<td>30 \u20ac<\/td>\n<\/tr>\n<tr>\n<td>Eine Person\n<\/td>\n<td>S\u00e4ugling (0-3)\n<\/td>\n<td>Kostenlos<\/td>\n<\/tr>\n<\/tbody>\n<\/table>\n","protected":false},"featured_media":3152,"comment_status":"open","ping_status":"closed","template":"","meta":{"_joinchat":[]},"product_brand":[],"product_cat":[44],"product_tag":[],"class_list":{"0":"post-3145","1":"product","2":"type-product","3":"status-publish","4":"has-post-thumbnail","6":"product_cat-alanya-touren","8":"first","9":"instock","10":"sold-individually","11":"shipping-taxable","12":"purchasable","13":"product-type-booking"},"booking_location":"","booking_location_type":"","booking_duration":1,"booking_duration_unit":"day","booking_buffer":0,"booking_cost":0,"booking_resources":[],"jetpack_sharing_enabled":true,"_links":{"self":[{"href":"https:\/\/tursaytravel.com\/de\/wp-json\/wp\/v2\/product\/3145","targetHints":{"allow":["GET"]}}],"collection":[{"href":"https:\/\/tursaytravel.com\/de\/wp-json\/wp\/v2\/product"}],"about":[{"href":"https:\/\/tursaytravel.com\/de\/wp-json\/wp\/v2\/types\/product"}],"replies":[{"embeddable":true,"href":"https:\/\/tursaytravel.com\/de\/wp-json\/wp\/v2\/comments?post=3145"}],"wp:featuredmedia":[{"embeddable":true,"href":"https:\/\/tursaytravel.com\/de\/wp-json\/wp\/v2\/media\/3152"}],"wp:attachment":[{"href":"https:\/\/tursaytravel.com\/de\/wp-json\/wp\/v2\/media?parent=3145"}],"wp:term":[{"taxonomy":"product_brand","embeddable":true,"href":"https:\/\/tursaytravel.com\/de\/wp-json\/wp\/v2\/product_brand?post=3145"},{"taxonomy":"product_cat","embeddable":true,"href":"https:\/\/tursaytravel.com\/de\/wp-json\/wp\/v2\/product_cat?post=3145"},{"taxonomy":"product_tag","embeddable":true,"href":"https:\/\/tursaytravel.com\/de\/wp-json\/wp\/v2\/product_tag?post=3145"}],"curies":[{"name":"wp","href":"https:\/\/api.w.org\/{rel}","templated":true}]}}