{"id":2591,"date":"2024-05-22T21:21:55","date_gmt":"2024-05-22T18:21:55","guid":{"rendered":"https:\/\/tursaytravel.com\/salda-see-und-pamukkale-tour-von-alanya\/"},"modified":"2026-05-12T15:33:52","modified_gmt":"2026-05-12T12:33:52","slug":"salda-see-und-pamukkale-tour-von-alanya","status":"publish","type":"product","link":"https:\/\/tursaytravel.com\/de\/salda-see-und-pamukkale-tour-von-alanya\/","title":{"rendered":"Salda See Und Pamukkale Tour Von Alanya"},"content":{"rendered":"<h2>Salda See Und Pamukkale Tour Von Alanya<\/h2>\n<p>Pamukkale und Salda sind zwei einzigartige Reiseziele in der \u00c4g\u00e4isregion der T\u00fcrkei. Diese Natursch\u00f6nheiten faszinieren jedes Jahr Millionen von Besuchern. Pamukkale ist ber\u00fchmt f\u00fcr seine schneewei\u00dfen Travertinterrassen, die durch Thermalwasser geformt werden. Auf diesen Terrassen kann man spazieren gehen, einzigartige Ausblicke genie\u00dfen und historische und nat\u00fcrliche Sch\u00f6nheiten wie den Kleopatra-Pool entdecken.   <\/p>\n<p>Auch das Schwimmen im Thermalwasser von Pamukkale ist sehr gesundheitsf\u00f6rdernd. Der Salda-See ist mit seinem t\u00fcrkisfarbenen Wasser und den wei\u00dfen Str\u00e4nden von faszinierender Sch\u00f6nheit. Dieser an Magnesium reiche See verleiht dem Wasser seine t\u00fcrkisfarbene Farbe. Mit den Aktivit\u00e4ten, die Sie in Pamukkale und Salda unternehmen k\u00f6nnen, k\u00f6nnen Sie unvergessliche Erinnerungen schaffen.   <\/p>\n<h3>Einzelheiten zur Tour:<\/h3>\n<ul>\n<li>Wir holen Sie gegen 02:00 Uhr von Ihrem Hotel ab.<\/li>\n<li>Salda ist gegen 270 km von Alanya entfernt, Pamukkale ist gegen 380 km von Alanya entfernt.<\/li>\n<li>Fr\u00fchst\u00fcckspause in einem Restaurant in Antalya.<\/li>\n<li>Wir werden den Salda-See besuchen (ca. 45 Minuten)<\/li>\n<li>Ankunft Pamukkale<\/li>\n<li>Wir werden die Terrassen, die antike Stadt und das antike Theater in Pamukkale besichtigen und Zeit zur freien Verf\u00fcgung haben (diese dauern etwa drei Stunden).<\/li>\n<li>Wenn Sie m\u00f6chten, k\u00f6nnen Sie im Travertin von Pamukkale schwimmen<\/li>\n<li>Mittagspause in einem Restaurant in Pamukkale.<\/li>\n<li>R\u00fcckkehr nach Alanya<\/li>\n<li>Abendessen in einem Restaurant in Ac\u0131payam<\/li>\n<li>Wir bringen Sie gegen 23:00 Uhr in Ihrem Hotel.<\/li>\n<\/ul>\n<p>Viel Spa\u00df vorab \ud83d\ude42<\/p>\n<h3>Im Preis inbegriffen:<\/h3>\n<ul>\n<li>Versicherung<\/li>\n<li>F\u00fchrung<\/li>\n<li>Abholung und R\u00fccktransfer<\/li>\n<li>Fr\u00fchst\u00fcck Mittagessen Abendessen<\/li>\n<li>Pamukkale-Travertine, antike Stadt Hierapolis, antikes Theater und Eintrittsgelder f\u00fcr den Salda-See.<\/li>\n<\/ul>\n<h3>Optional im Preis ausgeschlossen:<\/h3>\n<ul>\n<li>Getr\u00e4nke<\/li>\n<li>Pers\u00f6nliche Ausgaben<\/li>\n<li>Geb\u00fchr f\u00fcr den Cleopatra-Pool.<\/li>\n<\/ul>\n<h3>Hinweise und zus\u00e4tzliche Informationen:<\/h3>\n<ul>\n<li>Wenn Sie schwimmen m\u00f6chten, bringen Sie einen Badeanzug und ein Handtuch mit.<\/li>\n<li>Abholzeiten k\u00f6nnen je nach Hotel variieren.<\/li>\n<\/ul>\n<h3>Allgemeine Informationen:<\/h3>\n<ul>\n<li>Tourtage:T\u00e4glich<\/li>\n<li>Abholpunkt: Hotel<\/li>\n<li>Abholzeit: 02:00<\/li>\n<li>Abgabepunkt: Hotel<\/li>\n<li>Abgabezeit: 23:00<\/li>\n<li>Tourzeit: 19 (Transport inbegriffen)<\/li>\n<\/ul>\n","protected":false},"excerpt":{"rendered":"<h3>Preisliste<\/h3>\n<table class=\"price-table\">\n<tbody>\n<tr>\n<td>Eine Person<\/td>\n<td>Erwachsene (&gt;9)<\/td>\n<td>70 \u20ac<\/td>\n<\/tr>\n<tr>\n<td>Eine Person<\/td>\n<td>Kind (4-8)<\/td>\n<td>40 \u20ac<\/td>\n<\/tr>\n<tr>\n<td>Eine Person\n<\/td>\n<td>S\u00e4ugling (0-3)\n<\/td>\n<td>Kostenlos<\/td>\n<\/tr>\n<\/tbody>\n<\/table>\n","protected":false},"featured_media":1962,"comment_status":"open","ping_status":"closed","template":"","meta":{"_joinchat":[]},"product_brand":[],"product_cat":[44],"product_tag":[],"class_list":{"0":"post-2591","1":"product","2":"type-product","3":"status-publish","4":"has-post-thumbnail","6":"product_cat-alanya-touren","8":"first","9":"instock","10":"sold-individually","11":"shipping-taxable","12":"purchasable","13":"product-type-booking"},"booking_location":"","booking_location_type":"","booking_duration":1,"booking_duration_unit":"day","booking_buffer":0,"booking_cost":0,"booking_resources":[],"jetpack_sharing_enabled":true,"_links":{"self":[{"href":"https:\/\/tursaytravel.com\/de\/wp-json\/wp\/v2\/product\/2591","targetHints":{"allow":["GET"]}}],"collection":[{"href":"https:\/\/tursaytravel.com\/de\/wp-json\/wp\/v2\/product"}],"about":[{"href":"https:\/\/tursaytravel.com\/de\/wp-json\/wp\/v2\/types\/product"}],"replies":[{"embeddable":true,"href":"https:\/\/tursaytravel.com\/de\/wp-json\/wp\/v2\/comments?post=2591"}],"wp:featuredmedia":[{"embeddable":true,"href":"https:\/\/tursaytravel.com\/de\/wp-json\/wp\/v2\/media\/1962"}],"wp:attachment":[{"href":"https:\/\/tursaytravel.com\/de\/wp-json\/wp\/v2\/media?parent=2591"}],"wp:term":[{"taxonomy":"product_brand","embeddable":true,"href":"https:\/\/tursaytravel.com\/de\/wp-json\/wp\/v2\/product_brand?post=2591"},{"taxonomy":"product_cat","embeddable":true,"href":"https:\/\/tursaytravel.com\/de\/wp-json\/wp\/v2\/product_cat?post=2591"},{"taxonomy":"product_tag","embeddable":true,"href":"https:\/\/tursaytravel.com\/de\/wp-json\/wp\/v2\/product_tag?post=2591"}],"curies":[{"name":"wp","href":"https:\/\/api.w.org\/{rel}","templated":true}]}}