{"id":2587,"date":"2024-05-22T21:39:51","date_gmt":"2024-05-22T18:39:51","guid":{"rendered":"https:\/\/tursaytravel.com\/tazi-canyon-tour-von-alanya\/"},"modified":"2026-05-04T17:39:53","modified_gmt":"2026-05-04T14:39:53","slug":"tazi-canyon-tour-von-alanya","status":"publish","type":"product","link":"https:\/\/tursaytravel.com\/de\/tazi-canyon-tour-von-alanya\/","title":{"rendered":"Taz\u0131 Canyon Tour Von Alanya"},"content":{"rendered":"<h2>Taz\u0131 Canyon Tour Von Alanya<\/h2>\n<p>Machen Sie sich bereit, die magischen Sch\u00f6nheiten der Natur mit der Taz\u0131-Canyon-Tour ab Alanya zu entdecken! Der Taz\u0131 Canyon bietet mit seiner H\u00f6he von \u00fcber 400 Metern eine spektakul\u00e4re Aussicht. Sie werden die einzigartigen Natursch\u00f6nheiten des K\u00f6pr\u00fcl\u00fc-Canyon-Nationalparks entdecken. Die Alanya Taz\u0131 Canyon Tour ist eine gro\u00dfartige M\u00f6glichkeit, die magischen Sch\u00f6nheiten der Natur zu entdecken und eine Reise voller Geschichte zu unternehmen.   <\/p>\n<h3>Einzelheiten zur Tour:<\/h3>\n<ul>\n<li>Taz\u0131 Canyon ist etwa 130 km von Alanya entfernt.<\/li>\n<li>Wir holen Sie gegen 08:00 Uhr mit einem klimatisierten Bus von Ihrem Hotel ab.<\/li>\n<li>Wir steigen in Cabrio-Busse und besuchen die historische r\u00f6mische Br\u00fccke im K\u00f6pr\u00fcl\u00fc-Canyon.<\/li>\n<li>Danach machen wir eine Pause im Taz\u0131 Canyon.<\/li>\n<li>Mittagspause am Fluss (H\u00fchnchen, Reis oder Makarna, Salat)<\/li>\n<li>Wir werden die antike Stadt Selge und die Man Rocks (Adam Kayalar) besuchen.<\/li>\n<li>R\u00fcckkehr nach Alanya.<\/li>\n<li>Wir bringen Sie gegen 18:30 Uhr in Ihrem Hotel.<\/li>\n<\/ul>\n<p>Viel Spa\u00df vorab \ud83d\ude42<\/p>\n<h3>Im Preis inbegriffen:<\/h3>\n<ul>\n<li>Versicherung<\/li>\n<li>F\u00fchrung<\/li>\n<li>Abholung und R\u00fccktransfer<\/li>\n<li>Mittagessen<\/li>\n<li>Man rockt (Adam Kayalar) Eintrittsgeld<\/li>\n<\/ul>\n<h3>Optional im Preis ausgeschlossen:<\/h3>\n<ul>\n<li>Getr\u00e4nke<\/li>\n<li>Canyon-Eingang<\/li>\n<li>Pers\u00f6nliche Ausgaben<\/li>\n<\/ul>\n<h3>Hinweise und zus\u00e4tzliche Informationen:<\/h3>\n<ul>\n<li>Wir achten stets auf Ihre Sicherheit. Unsere erfahrenen Reiseleiter werden Sie sicher begleiten und daf\u00fcr sorgen, dass Sie bei allen Aktivit\u00e4ten maximale Freude haben.<\/li>\n<li>Abhol- und R\u00fcckgabezeiten k\u00f6nnen je nach Standort Ihres Hotels variieren.<\/li>\n<\/ul>\n<h3>Allgemeine Informationen:<\/h3>\n<ul>\n<li>Tourtage: Montag, Donnerstag, Samstag<\/li>\n<li>Abholpunkt: Hotel<\/li>\n<li>Abholzeit: 08:30<\/li>\n<li>Abgabepunkt: Hotel<\/li>\n<li>Abgabezeit: 18:00<\/li>\n<li>Tourzeit: 10 (Transport inbegriffen)<\/li>\n<\/ul>\n","protected":false},"excerpt":{"rendered":"<h3>Preisliste<\/h3>\n<table class=\"price-table\">\n<tbody>\n<tr>\n<td>Eine Person<\/td>\n<td>Erwachsene (&gt;11)<\/td>\n<td>40 \u20ac<\/td>\n<\/tr>\n<tr>\n<td>Eine Person<\/td>\n<td>Kind (5-10)<\/td>\n<td>25 \u20ac<\/td>\n<\/tr>\n<tr>\n<td>Eine Person<\/td>\n<td>S\u00e4ugling (0-4)<\/td>\n<td>Kostenlos<\/td>\n<\/tr>\n<\/tbody>\n<\/table>\n","protected":false},"featured_media":1744,"comment_status":"open","ping_status":"closed","template":"","meta":{"_joinchat":[]},"product_brand":[],"product_cat":[44],"product_tag":[],"class_list":{"0":"post-2587","1":"product","2":"type-product","3":"status-publish","4":"has-post-thumbnail","6":"product_cat-alanya-touren","8":"first","9":"instock","10":"sold-individually","11":"shipping-taxable","12":"purchasable","13":"product-type-booking"},"booking_location":"","booking_location_type":"","booking_duration":1,"booking_duration_unit":"day","booking_buffer":0,"booking_cost":0,"booking_resources":[],"jetpack_sharing_enabled":true,"_links":{"self":[{"href":"https:\/\/tursaytravel.com\/de\/wp-json\/wp\/v2\/product\/2587","targetHints":{"allow":["GET"]}}],"collection":[{"href":"https:\/\/tursaytravel.com\/de\/wp-json\/wp\/v2\/product"}],"about":[{"href":"https:\/\/tursaytravel.com\/de\/wp-json\/wp\/v2\/types\/product"}],"replies":[{"embeddable":true,"href":"https:\/\/tursaytravel.com\/de\/wp-json\/wp\/v2\/comments?post=2587"}],"wp:featuredmedia":[{"embeddable":true,"href":"https:\/\/tursaytravel.com\/de\/wp-json\/wp\/v2\/media\/1744"}],"wp:attachment":[{"href":"https:\/\/tursaytravel.com\/de\/wp-json\/wp\/v2\/media?parent=2587"}],"wp:term":[{"taxonomy":"product_brand","embeddable":true,"href":"https:\/\/tursaytravel.com\/de\/wp-json\/wp\/v2\/product_brand?post=2587"},{"taxonomy":"product_cat","embeddable":true,"href":"https:\/\/tursaytravel.com\/de\/wp-json\/wp\/v2\/product_cat?post=2587"},{"taxonomy":"product_tag","embeddable":true,"href":"https:\/\/tursaytravel.com\/de\/wp-json\/wp\/v2\/product_tag?post=2587"}],"curies":[{"name":"wp","href":"https:\/\/api.w.org\/{rel}","templated":true}]}}