{"id":2583,"date":"2024-05-22T21:32:15","date_gmt":"2024-05-22T18:32:15","guid":{"rendered":"https:\/\/tursaytravel.com\/side-manavgat-hidden-heaven-tour-von-alanya\/"},"modified":"2026-01-31T22:29:13","modified_gmt":"2026-01-31T19:29:13","slug":"side-manavgat-hidden-paradies-tour-von-alanya","status":"publish","type":"product","link":"https:\/\/tursaytravel.com\/de\/side-manavgat-hidden-paradies-tour-von-alanya\/","title":{"rendered":"Side-Manavgat-Hidden Paradies Tour Von Alanya"},"content":{"rendered":"<h2>Side-Manavgat-Hidden Paradies Tour Von Alanya<\/h2>\n<p>Die Hidden Paradise Tour von Alanya nach Manavgat und Side ist eine Kulturreise, die Natursch\u00f6nheiten und historischen Reichtum vereint. W\u00e4hrend dieser Tour entdecken Sie die verborgenen Sch\u00e4tze von Alanya und haben die M\u00f6glichkeit, die lokale Kultur hautnah kennenzulernen. <\/p>\n<h3>Einzelheiten zur Tour:<\/h3>\n<ul>\n<li>Wir holen Sie gegen 08:30 Uhr morgens mit einem Cabriobus oder einem klimatisierten Bus von Ihrem Hotel ab.<\/li>\n<li>Side ist ca. 65 km von Alanya entfernt.<\/li>\n<li>Besuch der Manavgat Social Complex Moschee (die gr\u00f6\u00dfte Moschee in der Region Antalya mit einer Kapazit\u00e4t von 4000 Personen)<\/li>\n<li>Wir werden das antike Side besuchen (ca. 2 Stunden)<\/li>\n<li>In der antiken Stadt Side (Agora, S\u00e4ulenstra\u00dfe, Staatliche Agora, Basilika, Byzantinisches Krankenhaus und Informationen zum Amphitheater) wird es Wander- und Fotopausen mit dem Reisef\u00fchrer geben (ca. 1 Stunde)<\/li>\n<li>Wir geben eine Stunde Freizeit in Side (Side Bazaar in der Side Liman Street)<\/li>\n<li>Wir machen eine Mittagspause an den Wasserf\u00e4llen (gegrillte Forelle oder H\u00fchnerspie\u00dfe, Reis und Salat der Saison), eine Badepause an den Wasserf\u00e4llen und einen Spaziergang im Wald.<\/li>\n<li>R\u00fcckkehr nach Alanya<\/li>\n<li>Wir bringen Sie gegen 18:00 Uhr in Ihrem Hotel.<\/li>\n<\/ul>\n<p>Viel Spa\u00df vorab \ud83d\ude42<\/p>\n<h3>Im Preis inbegriffen<\/h3>\n<ul>\n<li>Versicherung<\/li>\n<li>F\u00fchrung<\/li>\n<li>Abholung und R\u00fccktransfer<\/li>\n<li>Mittagessen<\/li>\n<\/ul>\n<h3>Optional im Preis ausgeschlossen:<\/h3>\n<ul>\n<li>Getr\u00e4nke<\/li>\n<li>Pers\u00f6nliche Ausgaben<\/li>\n<\/ul>\n<h3>Hinweise und zus\u00e4tzliche Informationen:<\/h3>\n<ul>\n<li>Sie k\u00f6nnen Ihre Kamera mitbringen.<\/li>\n<li>Wenn Sie schwimmen m\u00f6chten, bringen Sie einen Badeanzug und ein Handtuch mit<\/li>\n<li>Abhol- und R\u00fcckgabezeiten k\u00f6nnen je nach Standort Ihres Hotels variieren.<\/li>\n<\/ul>\n<h3>Allgemeine Informationen:<\/h3>\n<ul>\n<li>Tourtage: Dienstag, Freitag, Sonntag<\/li>\n<li>Abholpunkt: Hotel<\/li>\n<li>Abholzeit: 08:30<\/li>\n<li>Abgabepunkt: Hotel<\/li>\n<li>Abgabezeit: 18:00<\/li>\n<li>Tourzeit: 9 (Transport inbegriffen)<\/li>\n<\/ul>\n","protected":false},"excerpt":{"rendered":"<h3>Preisliste<\/h3>\n<table class=\"price-table\">\n<tbody>\n<tr>\n<td>Eine Person<\/td>\n<td>Erwachsene (&gt;11)<\/td>\n<td>35 \u20ac<\/td>\n<\/tr>\n<tr>\n<td>Eine Person<\/td>\n<td>Kind (4-10)<\/td>\n<td>20 \u20ac<\/td>\n<\/tr>\n<tr>\n<td>Eine Person\n<\/td>\n<td>S\u00e4ugling (0-3)\n<\/td>\n<td>Kostenlos<\/td>\n<\/tr>\n<\/tbody>\n<\/table>\n","protected":false},"featured_media":5912,"comment_status":"open","ping_status":"closed","template":"","meta":{"_joinchat":[]},"product_brand":[],"product_cat":[44],"product_tag":[],"class_list":{"0":"post-2583","1":"product","2":"type-product","3":"status-publish","4":"has-post-thumbnail","6":"product_cat-alanya-touren","8":"first","9":"instock","10":"sold-individually","11":"shipping-taxable","12":"purchasable","13":"product-type-booking"},"booking_location":"","booking_location_type":"","booking_duration":1,"booking_duration_unit":"day","booking_buffer":0,"booking_cost":0,"booking_resources":[],"jetpack_sharing_enabled":true,"_links":{"self":[{"href":"https:\/\/tursaytravel.com\/de\/wp-json\/wp\/v2\/product\/2583","targetHints":{"allow":["GET"]}}],"collection":[{"href":"https:\/\/tursaytravel.com\/de\/wp-json\/wp\/v2\/product"}],"about":[{"href":"https:\/\/tursaytravel.com\/de\/wp-json\/wp\/v2\/types\/product"}],"replies":[{"embeddable":true,"href":"https:\/\/tursaytravel.com\/de\/wp-json\/wp\/v2\/comments?post=2583"}],"wp:featuredmedia":[{"embeddable":true,"href":"https:\/\/tursaytravel.com\/de\/wp-json\/wp\/v2\/media\/5912"}],"wp:attachment":[{"href":"https:\/\/tursaytravel.com\/de\/wp-json\/wp\/v2\/media?parent=2583"}],"wp:term":[{"taxonomy":"product_brand","embeddable":true,"href":"https:\/\/tursaytravel.com\/de\/wp-json\/wp\/v2\/product_brand?post=2583"},{"taxonomy":"product_cat","embeddable":true,"href":"https:\/\/tursaytravel.com\/de\/wp-json\/wp\/v2\/product_cat?post=2583"},{"taxonomy":"product_tag","embeddable":true,"href":"https:\/\/tursaytravel.com\/de\/wp-json\/wp\/v2\/product_tag?post=2583"}],"curies":[{"name":"wp","href":"https:\/\/api.w.org\/{rel}","templated":true}]}}