{"id":2578,"date":"2024-05-22T21:12:56","date_gmt":"2024-05-22T18:12:56","guid":{"rendered":"https:\/\/tursaytravel.com\/manavgat-boat-tour-von-alanya\/"},"modified":"2026-01-31T21:49:56","modified_gmt":"2026-01-31T18:49:56","slug":"manavgat-boat-tour-von-alanya","status":"publish","type":"product","link":"https:\/\/tursaytravel.com\/de\/manavgat-boat-tour-von-alanya\/","title":{"rendered":"Manavgat Boat Tour Von Alanya"},"content":{"rendered":"<h2>Manavgat Boat Tour Von Alanya<\/h2>\n<p>Die Manavgat-Bootstour bietet ein unvergessliches Erlebnis f\u00fcr diejenigen, die die Sch\u00f6nheiten der Natur entdecken m\u00f6chten. Der Wasserfall, der aus dem ruhigen Wasser des Manavgat-Flusses f\u00e4llt, ist ein Wunder nat\u00fcrlicher Sch\u00f6nheit. W\u00e4hrend Sie sich w\u00e4hrend der Bootstour durch das Gr\u00fcn bewegen, haben Sie die M\u00f6glichkeit, die Natursch\u00f6nheiten um Sie herum zu entdecken. Am Ende der Tour besuchen Sie den Manavgat-Markt. Hier finden Sie lokale Produkte, handgefertigte Souvenirs sowie frisches Obst und Gem\u00fcse.    <\/p>\n<h3>Einzelheiten zur Tour:<\/h3>\n<ul>\n<li>Wir holen Sie gegen 08:00 Uhr morgens von Ihrem Hotel ab.<\/li>\n<li>Manavgat ist 60 km von Alanya entfernt.<\/li>\n<li>Ankunft am Flusshafen Manavgat.<\/li>\n<li>Es wird eine 4-st\u00fcndige Bootstour auf dem Manavgat-Fluss sein.<\/li>\n<li>Wir werden eine Schwimmpause einlegen. Sie k\u00f6nnen sowohl im Meer als auch im Fluss schwimmen. <\/li>\n<li>Es gibt Mittagessen im Boot. Das Mittagessen beinhaltete die Tour, die Getr\u00e4nke jedoch nicht. <\/li>\n<li>Wir kehren zum Flusshafen zur\u00fcck.<\/li>\n<li>Danach besuchen wir den Manavgat-Wasserfall (der Eintrittspreis f\u00fcr den Wasserfall ist in der Tour enthalten).<\/li>\n<li>Wir besuchen den Manavgat-Basar und haben zwei Stunden Freizeit.<\/li>\n<li>Wir kommen zur\u00fcck und bringen Sie gegen 18:00 Uhr in Ihrem Hotel ab.<\/li>\n<\/ul>\n<p>Viel Spa\u00df vorab \ud83d\ude42<\/p>\n<h3>Im Preis inbegriffen:<\/h3>\n<ul>\n<li>Versicherung<\/li>\n<li>F\u00fchrung<\/li>\n<li>Abholung und R\u00fccktransfer<\/li>\n<li>Mittagessen<\/li>\n<li>Eintrittsgeb\u00fchr f\u00fcr den Manavgat-Wasserfall<\/li>\n<\/ul>\n<h3>Optional im Preis ausgeschlossen:<\/h3>\n<ul>\n<li>Getr\u00e4nke<\/li>\n<li>Fotos<\/li>\n<li>Pers\u00f6nliche Ausgaben<\/li>\n<\/ul>\n<h3>Hinweise und zus\u00e4tzliche Informationen:<\/h3>\n<ul>\n<li>Wir organisieren unsere Tour an diesen Tagen wegen des montags und donnerstags stattfindenden Basars in Manavgat.<\/li>\n<li>Wenn Sie schwimmen m\u00f6chten, bringen Sie Badeanzug, Sonnencreme und ein Handtuch mit.<\/li>\n<li>Abhol- und R\u00fcckgabezeiten k\u00f6nnen je nach Standort Ihres Hotels variieren.<\/li>\n<\/ul>\n<h3>Allgemeine Informationen:<\/h3>\n<ul>\n<li>Tourtage: Montag,Donnerstag<\/li>\n<li>Abholpunkt: Hotel<\/li>\n<li>Abholzeit: 08:00<\/li>\n<li>Abgabepunkt: Hotel<\/li>\n<li>Abgabezeit: 18:00<\/li>\n<li>Tourzeit: 10 (Transport inbegriffen)<\/li>\n<\/ul>\n","protected":false},"excerpt":{"rendered":"<h3>Preisliste<\/h3>\n<table class=\"price-table\">\n<tbody>\n<tr>\n<td>Eine Person<\/td>\n<td>Erwachsene (&gt;11)<\/td>\n<td>35 \u20ac<\/td>\n<\/tr>\n<tr>\n<td>Eine Person<\/td>\n<td>Kind (5-10)<\/td>\n<td>25 \u20ac<\/td>\n<\/tr>\n<tr>\n<td>Eine Person<\/td>\n<td>S\u00e4ugling (0-4)<\/td>\n<td>Kostenlos<\/td>\n<\/tr>\n<\/tbody>\n<\/table>\n","protected":false},"featured_media":1603,"comment_status":"open","ping_status":"closed","template":"","meta":{"_joinchat":[]},"product_brand":[],"product_cat":[44],"product_tag":[],"class_list":{"0":"post-2578","1":"product","2":"type-product","3":"status-publish","4":"has-post-thumbnail","6":"product_cat-alanya-touren","8":"first","9":"instock","10":"sold-individually","11":"shipping-taxable","12":"purchasable","13":"product-type-booking"},"booking_location":"","booking_location_type":"","booking_duration":1,"booking_duration_unit":"day","booking_buffer":0,"booking_cost":0,"booking_resources":[],"jetpack_sharing_enabled":true,"_links":{"self":[{"href":"https:\/\/tursaytravel.com\/de\/wp-json\/wp\/v2\/product\/2578","targetHints":{"allow":["GET"]}}],"collection":[{"href":"https:\/\/tursaytravel.com\/de\/wp-json\/wp\/v2\/product"}],"about":[{"href":"https:\/\/tursaytravel.com\/de\/wp-json\/wp\/v2\/types\/product"}],"replies":[{"embeddable":true,"href":"https:\/\/tursaytravel.com\/de\/wp-json\/wp\/v2\/comments?post=2578"}],"wp:featuredmedia":[{"embeddable":true,"href":"https:\/\/tursaytravel.com\/de\/wp-json\/wp\/v2\/media\/1603"}],"wp:attachment":[{"href":"https:\/\/tursaytravel.com\/de\/wp-json\/wp\/v2\/media?parent=2578"}],"wp:term":[{"taxonomy":"product_brand","embeddable":true,"href":"https:\/\/tursaytravel.com\/de\/wp-json\/wp\/v2\/product_brand?post=2578"},{"taxonomy":"product_cat","embeddable":true,"href":"https:\/\/tursaytravel.com\/de\/wp-json\/wp\/v2\/product_cat?post=2578"},{"taxonomy":"product_tag","embeddable":true,"href":"https:\/\/tursaytravel.com\/de\/wp-json\/wp\/v2\/product_tag?post=2578"}],"curies":[{"name":"wp","href":"https:\/\/api.w.org\/{rel}","templated":true}]}}