{"id":2574,"date":"2024-05-22T20:53:07","date_gmt":"2024-05-22T17:53:07","guid":{"rendered":"https:\/\/tursaytravel.com\/kappadokien-2-tages-tour-von-alanya\/"},"modified":"2026-05-04T14:42:13","modified_gmt":"2026-05-04T11:42:13","slug":"kappadokien-2-tages-tour-von-alanya","status":"publish","type":"product","link":"https:\/\/tursaytravel.com\/de\/kappadokien-2-tages-tour-von-alanya\/","title":{"rendered":"Kappadokien 2 Tages Tour Von Alanya"},"content":{"rendered":"<h2>Kappadokien 2 Tages Tour Von Alanya<\/h2>\n<p>Die Kappadokien-Tour ab Alanya ist eine gro\u00dfartige Option f\u00fcr diejenigen, die Natursch\u00f6nheiten, historische Orte und kulturelle Reicht\u00fcmer entdecken m\u00f6chten. Es wird von Alanya aus mit 2 \u00dcbernachtungen organisiert. <\/p>\n<p>Kappadokien liegt im Nordosten von Alanya und ist etwa 500 km entfernt. Die Unterbringung in einem 4-Sterne-Hotel ist in der Tour inbegriffen. Kappadokien ist ber\u00fchmt f\u00fcr seine unterirdischen St\u00e4dte, T\u00e4ler, H\u00f6hlen und Feenkamine. Nat\u00fcrliche Felsformationen sind durch Millionen von Jahren der Erosion entstanden. Die Region ist ein mystischer Ort, an dem Geschichte auf Natur trifft. . Eine Kappadokien-Tour ab Alanya ist ein gro\u00dfartiges Erlebnis f\u00fcr diejenigen, die Natursch\u00f6nheiten und historische Reicht\u00fcmer entdecken m\u00f6chten.     <\/p>\n<h3>Einzelheiten zur Tour:<\/h3>\n<h3>1. Tag:<\/h3>\n<ul>\n<li>Wir holen Sie gegen 03:00 Uhr von Ihrem Hotel ab.<\/li>\n<li>Fr\u00fchst\u00fcck und Pause im Restaurant in Akseki.<\/li>\n<li>Wir werden das Saratl\u0131-Museum der unterirdischen Stadt besuchen.<\/li>\n<li>Mittagessen im Restaurant in Kappadokien.<\/li>\n<li>Danach besuchen wir Dewrent Valley und das T\u00f6pfer- und Keramikzentrum Dewrent.<\/li>\n<li>Panoramapause auf der Burg U\u00e7hisar<\/li>\n<li>Besuch im Pigeon Valley.<\/li>\n<li>Panoramapause im G\u00f6reme-Tal<\/li>\n<li>Wir werden Lovers Valley besuchen.<\/li>\n<li>Ankunft und Unterbringung im Hotel<\/li>\n<li>Abendessen im Hotelrestaurant.<\/li>\n<li>Freie Zeit im Hotel (wenn Sie m\u00f6chten, k\u00f6nnen Sie der t\u00fcrkischen Nacht und der wirbelnden Derwischshow beiwohnen)<\/li>\n<\/ul>\n<h3>2. Tag:<\/h3>\n<ul>\n<li>Transfer zur Ballonparade im Morgengrauen. (extra)<\/li>\n<li>Fr\u00fchst\u00fcck im Hotel.<\/li>\n<li>Abfahrt vom Hotel.<\/li>\n<li>Besuch des Onyx- und Sultaniti-Zentrums.<\/li>\n<li>Besuch des Lederwarenzentrums<\/li>\n<li>Mittagessen in Konya<\/li>\n<li>Pause in Seydi\u015fehir<\/li>\n<li>R\u00fcckkehr nach Alanya.<\/li>\n<li>Wir bringen Sie gegen 18:30 Uhr in Ihrem Hotel.<\/li>\n<\/ul>\n<p>Viel Spa\u00df vorab \ud83d\ude42<\/p>\n<h3>Im Preis inbegriffen:<\/h3>\n<ul>\n<li>Versicherung<\/li>\n<li>F\u00fchrung<\/li>\n<li>Abholung und R\u00fccktransfer<\/li>\n<li>Fr\u00fchst\u00fcck und Abendessen im Hotel<\/li>\n<li>Eintrittsgeb\u00fchr f\u00fcr die unterirdische Stadt Saratl\u0131<\/li>\n<li>Unterkunft in einem 3-Sterne-Hotel<\/li>\n<\/ul>\n<h3>Optional im Preis ausgeschlossen:<\/h3>\n<ul>\n<li>Fr\u00fchst\u00fcck am ersten Tag. Ihr Fr\u00fchst\u00fcck k\u00f6nnen Sie als Paket von Ihrem Hotel mitnehmen. Sie k\u00f6nnen Ihr Fr\u00fchst\u00fcck als Paket von Ihrem Hotel mitnehmen.<\/li>\n<li>Mittagessen (zweimal)<\/li>\n<li>Getr\u00e4nke<\/li>\n<li>Pers\u00f6nliche Ausgaben<\/li>\n<li>Ballonfahrt, Ballonpanorama, t\u00fcrkischer Abend, Derwisch-Tanzvorf\u00fchrung<\/li>\n<li>Einzelzimmer im Hotel \u2013 25 Euro pro Nacht (wenn Sie eine Person sind und im Einzelzimmer \u00fcbernachten m\u00f6chten)<\/li>\n<\/ul>\n<h3>Hinweise und zus\u00e4tzliche Informationen:<\/h3>\n<ul>\n<li>Reisepass oder Personalausweis. Nehmen Sie Ihre Kamera und Ihr Mobiltelefon mit.<\/li>\n<li>Sie k\u00f6nnen Ihre Jacke auch mitnehmen. Denn in Kappadokien kann es k\u00fchler sein.  <\/li>\n<li>Abhol- und R\u00fcckgabezeiten k\u00f6nnen je nach Standort Ihres Hotels variieren.<\/li>\n<\/ul>\n<h3>Allgemeine Informationen:<\/h3>\n<ul>\n<li>Tourtage: Montag, Donnerstag, Samstag<\/li>\n<li>Abholpunkt: Hotel<\/li>\n<li>Abholzeit: 03:00<\/li>\n<li>Abgabepunkt: Hotel<\/li>\n<li>Abgabezeit: 18:30<\/li>\n<li>Tourzeit: 2 Tage<\/li>\n<\/ul>\n","protected":false},"excerpt":{"rendered":"<h3>Preisliste<\/h3>\n<table class=\"price-table\">\n<tbody>\n<tr>\n<td>Eine Person<\/td>\n<td>Erwachsene (&gt;9)<\/td>\n<td>60 \u20ac<\/td>\n<\/tr>\n<tr>\n<td>Eine Person<\/td>\n<td>Kind (4-8)<\/td>\n<td>40 \u20ac<\/td>\n<\/tr>\n<tr>\n<td>Eine Person\n<\/td>\n<td>S\u00e4ugling (0-3)\n<\/td>\n<td>Kostenlos<\/td>\n<\/tr>\n<\/tbody>\n<\/table>\n","protected":false},"featured_media":1491,"comment_status":"open","ping_status":"closed","template":"","meta":{"_joinchat":[]},"product_brand":[],"product_cat":[44],"product_tag":[],"class_list":{"0":"post-2574","1":"product","2":"type-product","3":"status-publish","4":"has-post-thumbnail","6":"product_cat-alanya-touren","8":"first","9":"instock","10":"sold-individually","11":"shipping-taxable","12":"purchasable","13":"product-type-booking"},"booking_location":"","booking_location_type":"","booking_duration":1,"booking_duration_unit":"day","booking_buffer":0,"booking_cost":0,"booking_resources":[],"jetpack_sharing_enabled":true,"_links":{"self":[{"href":"https:\/\/tursaytravel.com\/de\/wp-json\/wp\/v2\/product\/2574","targetHints":{"allow":["GET"]}}],"collection":[{"href":"https:\/\/tursaytravel.com\/de\/wp-json\/wp\/v2\/product"}],"about":[{"href":"https:\/\/tursaytravel.com\/de\/wp-json\/wp\/v2\/types\/product"}],"replies":[{"embeddable":true,"href":"https:\/\/tursaytravel.com\/de\/wp-json\/wp\/v2\/comments?post=2574"}],"wp:featuredmedia":[{"embeddable":true,"href":"https:\/\/tursaytravel.com\/de\/wp-json\/wp\/v2\/media\/1491"}],"wp:attachment":[{"href":"https:\/\/tursaytravel.com\/de\/wp-json\/wp\/v2\/media?parent=2574"}],"wp:term":[{"taxonomy":"product_brand","embeddable":true,"href":"https:\/\/tursaytravel.com\/de\/wp-json\/wp\/v2\/product_brand?post=2574"},{"taxonomy":"product_cat","embeddable":true,"href":"https:\/\/tursaytravel.com\/de\/wp-json\/wp\/v2\/product_cat?post=2574"},{"taxonomy":"product_tag","embeddable":true,"href":"https:\/\/tursaytravel.com\/de\/wp-json\/wp\/v2\/product_tag?post=2574"}],"curies":[{"name":"wp","href":"https:\/\/api.w.org\/{rel}","templated":true}]}}