{"id":2570,"date":"2024-05-22T22:33:07","date_gmt":"2024-05-22T19:33:07","guid":{"rendered":"https:\/\/tursaytravel.com\/die-land-der-legenden-tour-von-alanya\/"},"modified":"2026-01-31T21:20:13","modified_gmt":"2026-01-31T18:20:13","slug":"die-land-der-legenden-tour-von-alanya","status":"publish","type":"product","link":"https:\/\/tursaytravel.com\/de\/die-land-der-legenden-tour-von-alanya\/","title":{"rendered":"Die Land Der Legenden Tour Von Alanya"},"content":{"rendered":"<h2>Die Land Der Legenden Tour Von Alanya<\/h2>\n<p>Der Themenpark Land of Legends bietet ein tolles Erlebnis und Unterhaltung auf dem H\u00f6hepunkt der Spannung. Eine Tour von Alanya zu diesem einzigartigen Themenpark ist voller grenzenloser Spa\u00df und unvergesslicher Erinnerungen. Mit seiner von M\u00e4rchen inspirierten Architektur entfaltet es eine faszinierende Wirkung. Sie k\u00f6nnen auch einen Tag voller mehr als 50 Aktivit\u00e4ten wie Delfinshow, Seel\u00f6wenshow und 5D-Kino verbringen. Jeder, der Adrenalin und Unterhaltung liebt, w\u00e4hrend er seinen Urlaub in Alanya verbringt, sollte unbedingt den Themenpark The Land of Legends besuchen.    <\/p>\n<h3>Einzelheiten zur Tour:<\/h3>\n<ul>\n<li>Das Land der Legenden ist eines der gr\u00f6\u00dften Themen der Welt.<\/li>\n<li>Es liegt in der Region Belek in der N\u00e4he von Antalya. Etwa 120 km von Alanya entfernt.<\/li>\n<li>Wir holen Sie gegen 08:00 Uhr morgens von Ihrem Hotel ab.<\/li>\n<li>Ankunft im Land der Legenden.<\/li>\n<li>Wir werden eine Delfin- und Seel\u00f6wenshow sehen.<\/li>\n<li>Es werden lustige Aktivit\u00e4ten sein.<\/li>\n<li>Dort gibt es Rutschen, einen Aquapark und Pools.<\/li>\n<li>Wenn Sie m\u00f6chten, k\u00f6nnen Sie schwimmen.<\/li>\n<li>R\u00fcckkehr nach Alanya.<\/li>\n<li>Wir werden Sie gegen 19:00 Uhr in Ihrem Hotel absetzen<\/li>\n<\/ul>\n<p>Viel Spa\u00df vorab \ud83d\ude42<\/p>\n<h3>Im Preis inbegriffen:<\/h3>\n<ul>\n<li>Versicherung<\/li>\n<li>F\u00fchrung<\/li>\n<li>Abholung und R\u00fccktransfer<\/li>\n<li>Delfin- und Seel\u00f6wenshow<\/li>\n<li>Aktivit\u00e4ten<\/li>\n<\/ul>\n<h3>Optional im Preis ausgeschlossen:<\/h3>\n<ul>\n<li>Pers\u00f6nliche Ausgaben<\/li>\n<li>Essen, Getr\u00e4nke<\/li>\n<li>Schwimmen Sie mit Delfinen<\/li>\n<\/ul>\n<h3>Hinweise und zus\u00e4tzliche Informationen:<\/h3>\n<ul>\n<li>Wenn Sie schwimmen m\u00f6chten, bringen Sie Badeanzug und Handtuch mit.<\/li>\n<li>Abhol- und R\u00fcckgabezeiten k\u00f6nnen je nach Standort Ihres Hotels variieren.<\/li>\n<\/ul>\n<h3>Allgemeine Informationen:<\/h3>\n<ul>\n<li>Tourtage: T\u00e4glich<\/li>\n<li>Abholpunkt: Hotel<\/li>\n<li>Abholzeit: 08:00<\/li>\n<li>Abgabepunkt: Hotel<\/li>\n<li>Abgabezeit: 19:00<\/li>\n<li>Tourzeit: 11 (Transport inbegriffen)<\/li>\n<\/ul>\n","protected":false},"excerpt":{"rendered":"<h3>Preisliste<\/h3>\n<table class=\"price-table\">\n<tbody>\n<tr>\n<td>Eine Person<\/td>\n<td>Erwachsene (&gt;12)<\/td>\n<td>60 \u20ac<\/td>\n<\/tr>\n<tr>\n<td>Eine Person<\/td>\n<td>Kind (4-11)<\/td>\n<td>50 \u20ac<\/td>\n<\/tr>\n<tr>\n<td>Eine Person\n<\/td>\n<td>S\u00e4ugling (0-3)\n<\/td>\n<td>Kostenlos<\/td>\n<\/tr>\n<\/tbody>\n<\/table>\n","protected":false},"featured_media":1880,"comment_status":"open","ping_status":"closed","template":"","meta":{"_joinchat":[]},"product_brand":[],"product_cat":[44],"product_tag":[],"class_list":{"0":"post-2570","1":"product","2":"type-product","3":"status-publish","4":"has-post-thumbnail","6":"product_cat-alanya-touren","8":"first","9":"instock","10":"sold-individually","11":"shipping-taxable","12":"purchasable","13":"product-type-booking"},"booking_location":"","booking_location_type":"","booking_duration":1,"booking_duration_unit":"day","booking_buffer":0,"booking_cost":0,"booking_resources":[],"jetpack_sharing_enabled":true,"_links":{"self":[{"href":"https:\/\/tursaytravel.com\/de\/wp-json\/wp\/v2\/product\/2570","targetHints":{"allow":["GET"]}}],"collection":[{"href":"https:\/\/tursaytravel.com\/de\/wp-json\/wp\/v2\/product"}],"about":[{"href":"https:\/\/tursaytravel.com\/de\/wp-json\/wp\/v2\/types\/product"}],"replies":[{"embeddable":true,"href":"https:\/\/tursaytravel.com\/de\/wp-json\/wp\/v2\/comments?post=2570"}],"wp:featuredmedia":[{"embeddable":true,"href":"https:\/\/tursaytravel.com\/de\/wp-json\/wp\/v2\/media\/1880"}],"wp:attachment":[{"href":"https:\/\/tursaytravel.com\/de\/wp-json\/wp\/v2\/media?parent=2570"}],"wp:term":[{"taxonomy":"product_brand","embeddable":true,"href":"https:\/\/tursaytravel.com\/de\/wp-json\/wp\/v2\/product_brand?post=2570"},{"taxonomy":"product_cat","embeddable":true,"href":"https:\/\/tursaytravel.com\/de\/wp-json\/wp\/v2\/product_cat?post=2570"},{"taxonomy":"product_tag","embeddable":true,"href":"https:\/\/tursaytravel.com\/de\/wp-json\/wp\/v2\/product_tag?post=2570"}],"curies":[{"name":"wp","href":"https:\/\/api.w.org\/{rel}","templated":true}]}}