{"id":2566,"date":"2024-05-22T22:09:14","date_gmt":"2024-05-22T19:09:14","guid":{"rendered":"https:\/\/tursaytravel.com\/die-land-der-legenden-nacht-tour-von-alanya\/"},"modified":"2026-04-01T17:53:49","modified_gmt":"2026-04-01T14:53:49","slug":"die-land-der-legenden-nacht-tour-von-alanya","status":"publish","type":"product","link":"https:\/\/tursaytravel.com\/de\/die-land-der-legenden-nacht-tour-von-alanya\/","title":{"rendered":"Die Land Der Legenden Nacht Tour Von Alanya"},"content":{"rendered":"<h2>Die Land Der Legenden Nacht Tour Von Alanya<\/h2>\n<p>Der Themenpark Land of Legends gilt als legend\u00e4re Adresse f\u00fcr Unterhaltung, Adrenalin und Spannung. Hier k\u00f6nnen Sie jederzeit ein neues legend\u00e4res Erlebnis erleben. Zu den Nachttouren geh\u00f6ren spektakul\u00e4re Unterhaltungsshows in diesem einzigartigen Themenpark. Es bietet die M\u00f6glichkeit, eine Nacht voller Licht, Ton, visuellen Effekten und unvergesslichen Shows zu erleben. Diese mit Akrobaten, T\u00e4nzern und hochmodernen visuellen Effekten geschm\u00fcckten Shows werden Sie in Erstaunen versetzen. Um einen unvergesslichen Abend im Land der Legenden zu erleben, k\u00f6nnen Sie die Nachttour ab Alanya w\u00e4hlen.     <\/p>\n<h3>Einzelheiten zur Tour:<\/h3>\n<ul>\n<li>Das Land der Legenden ist eines der gr\u00f6\u00dften Themen der Welt.<\/li>\n<li>Es liegt in der Region Belek in der N\u00e4he von Antalya. Etwa 120 km von Alanya entfernt.<\/li>\n<li>Wir holen Sie gegen 16:45 Uhr von Ihrem Hotel ab.<\/li>\n<li>Ankunft im Land der Legenden.<\/li>\n<li>Wir geben Ihnen Zeit zum Einkaufen und Caf\u00e9.<\/li>\n<li>Es wird Animationen, Show, Bootsparade geben.<\/li>\n<li>R\u00fcckkehr nach Alanya<\/li>\n<li>Wir bringen Sie gegen 00:30 Uhr in Ihrem Hotel.<\/li>\n<\/ul>\n<p>Viel Spa\u00df vorab \ud83d\ude42<\/p>\n<h3>Im Preis inbegriffen:<\/h3>\n<ul>\n<li>Versicherung<\/li>\n<li>F\u00fchrung<\/li>\n<li>Abholung und R\u00fccktransfer<\/li>\n<li>Animationen, Show, Bootsparade<\/li>\n<\/ul>\n<h3>Optional im Preis ausgeschlossen:<\/h3>\n<ul>\n<li>Pers\u00f6nliche Ausgaben<\/li>\n<li>Essen, Getr\u00e4nke<\/li>\n<\/ul>\n<h3>Hinweise und zus\u00e4tzliche Informationen:<\/h3>\n<ul>\n<li>Abholzeiten k\u00f6nnen je nach Hotel variieren.<\/li>\n<\/ul>\n<h3>Allgemeine Informationen:<\/h3>\n<ul>\n<li>Tourtage: Dienstag, Donnerstag, Samstag<\/li>\n<li>Abholpunkt: Hotel<\/li>\n<li>Abholzeit: 16:45<\/li>\n<li>Abgabepunkt: Hotel<\/li>\n<li>Abgabezeit: 00:30<\/li>\n<li>Tourzeit: 8 (Transport inbegriffen)<\/li>\n<\/ul>\n","protected":false},"excerpt":{"rendered":"<h3>Preisliste<\/h3>\n<table class=\"price-table\">\n<tbody>\n<tr>\n<td>Eine Person<\/td>\n<td>Erwachsene (&gt;11)<\/td>\n<td>20 \u20ac<\/td>\n<\/tr>\n<tr>\n<td>Eine Person<\/td>\n<td>Kind (4-10)<\/td>\n<td>20 \u20ac<\/td>\n<\/tr>\n<tr>\n<td>Eine Person\n<\/td>\n<td>S\u00e4ugling (0-3)\n<\/td>\n<td>Kostenlos<\/td>\n<\/tr>\n<\/tbody>\n<\/table>\n","protected":false},"featured_media":1824,"comment_status":"open","ping_status":"closed","template":"","meta":{"_joinchat":[]},"product_brand":[],"product_cat":[44],"product_tag":[],"class_list":{"0":"post-2566","1":"product","2":"type-product","3":"status-publish","4":"has-post-thumbnail","6":"product_cat-alanya-touren","8":"first","9":"instock","10":"sold-individually","11":"shipping-taxable","12":"purchasable","13":"product-type-booking"},"booking_location":"","booking_location_type":"","booking_duration":1,"booking_duration_unit":"day","booking_buffer":0,"booking_cost":0,"booking_resources":[],"jetpack_sharing_enabled":true,"_links":{"self":[{"href":"https:\/\/tursaytravel.com\/de\/wp-json\/wp\/v2\/product\/2566","targetHints":{"allow":["GET"]}}],"collection":[{"href":"https:\/\/tursaytravel.com\/de\/wp-json\/wp\/v2\/product"}],"about":[{"href":"https:\/\/tursaytravel.com\/de\/wp-json\/wp\/v2\/types\/product"}],"replies":[{"embeddable":true,"href":"https:\/\/tursaytravel.com\/de\/wp-json\/wp\/v2\/comments?post=2566"}],"wp:featuredmedia":[{"embeddable":true,"href":"https:\/\/tursaytravel.com\/de\/wp-json\/wp\/v2\/media\/1824"}],"wp:attachment":[{"href":"https:\/\/tursaytravel.com\/de\/wp-json\/wp\/v2\/media?parent=2566"}],"wp:term":[{"taxonomy":"product_brand","embeddable":true,"href":"https:\/\/tursaytravel.com\/de\/wp-json\/wp\/v2\/product_brand?post=2566"},{"taxonomy":"product_cat","embeddable":true,"href":"https:\/\/tursaytravel.com\/de\/wp-json\/wp\/v2\/product_cat?post=2566"},{"taxonomy":"product_tag","embeddable":true,"href":"https:\/\/tursaytravel.com\/de\/wp-json\/wp\/v2\/product_tag?post=2566"}],"curies":[{"name":"wp","href":"https:\/\/api.w.org\/{rel}","templated":true}]}}