{"id":2562,"date":"2024-05-22T21:01:49","date_gmt":"2024-05-22T18:01:49","guid":{"rendered":"https:\/\/tursaytravel.com\/demre-kekova-myra-tour-von-alanya\/"},"modified":"2026-01-31T22:01:22","modified_gmt":"2026-01-31T19:01:22","slug":"demre-kekova-myra-tour-von-alanya","status":"publish","type":"product","link":"https:\/\/tursaytravel.com\/de\/demre-kekova-myra-tour-von-alanya\/","title":{"rendered":"Demre-Kekova-Myra Tour Von Alanya"},"content":{"rendered":"<h2>Demre-Kekova-Myra Tour From Alanya<\/h2>\n<p>Die Demre, Kekova und Myra Tour ab Alanya bietet einen aufregenden Tagesausflug zur Erkundung von drei magischen historischen St\u00e4tten an der S\u00fcdk\u00fcste von Antalya! Auf dieser Tour erleben Sie antike Ruinen, eine versunkene Stadt und Natursch\u00f6nheiten. <\/p>\n<h3>Einzelheiten zur Tour:<\/h3>\n<ul>\n<li>Wir holen Sie gegen 02:00 Uhr von Ihrem Hotel ab.<\/li>\n<li>Demre ist gegen 280 km von Alanya entfernt.<\/li>\n<li>Wir werden eine Fr\u00fchst\u00fcckspause in einem Restaurant in Antalya geben. (Fr\u00fchst\u00fcck nicht im Tourpreis inbegriffen) <\/li>\n<li>Ankunft in Demre<\/li>\n<li>Wir werden das Museum und die Nikolauskirche besuchen<\/li>\n<li>Ankunft in Kekova<\/li>\n<li>Es wird eine Bootstour in der versunkenen Stadt Kekova sein (ca. 2 Stunden)<\/li>\n<li>Wenn Sie m\u00f6chten, k\u00f6nnen Sie auf der Bootstour schwimmen.<\/li>\n<li>Mittagspause im Restaurant. (Mittagessen ist in der Tour inbegriffen)<\/li>\n<li>Ankunft in Myra<\/li>\n<li>Wir werden die antike Stadt, das antike Theater und den Felsenfriedhof besuchen.<\/li>\n<li>R\u00fcckkehr nach Alanya.<\/li>\n<li>Wir werden eine Ruhepause in Antalya einlegen<\/li>\n<li>Wir bringen Sie gegen 20:00 Uhr in Ihr Hotel.<\/li>\n<\/ul>\n<p>Viel Spa\u00df vorab \ud83d\ude42<\/p>\n<h3>Im Preis inbegriffen:<\/h3>\n<ul>\n<li>Versicherung<\/li>\n<li>Abholung und R\u00fccktransfer<\/li>\n<li>Mittagessen<\/li>\n<li>Bootstour in Kekova (ca. 2 Stunden)<\/li>\n<li>Eing\u00e4nge zu Museen und Theatern<\/li>\n<\/ul>\n<h3>Optional im Preis ausgeschlossen:<\/h3>\n<ul>\n<li>Fr\u00fchst\u00fcck<\/li>\n<li>Getr\u00e4nke<\/li>\n<li>Pers\u00f6nliche Ausgaben<\/li>\n<\/ul>\n<h3>Hinweise und zus\u00e4tzliche Informationen:<\/h3>\n<ul>\n<li>Wenn Sie schwimmen m\u00f6chten, bringen Sie Badeanzug und Handtuch mit.<\/li>\n<li>Sie k\u00f6nnen Ihr Fr\u00fchst\u00fcck als Paket von Ihrem Hotel mitnehmen.<\/li>\n<li>Abhol- und R\u00fcckgabezeiten k\u00f6nnen je nach Standort Ihres Hotels variieren.<\/li>\n<\/ul>\n<h3>Allgemeine Informationen:<\/h3>\n<ul>\n<li>Tourtage: Mittwoch,Sonntag<\/li>\n<li>Abholpunkt: Hotel<\/li>\n<li>Abholzeit: 02:00<\/li>\n<li>Abgabepunkt: Hotel<\/li>\n<li>Abgabezeit: 20:00<\/li>\n<li>Tourzeit: 18 (Transport inbegriffen)<\/li>\n<\/ul>\n","protected":false},"excerpt":{"rendered":"<h3>Preisliste<\/h3>\n<table class=\"price-table\">\n<tbody>\n<tr>\n<td>Eine Person<\/td>\n<td>Erwachsene (&gt;9)<\/td>\n<td>80 \u20ac<\/td>\n<\/tr>\n<tr>\n<td>Eine Person<\/td>\n<td>Kind (4-8)<\/td>\n<td>40 \u20ac<\/td>\n<\/tr>\n<tr>\n<td>Eine Person\n<\/td>\n<td>S\u00e4ugling (0-3)\n<\/td>\n<td>Kostenlos<\/td>\n<\/tr>\n<\/tbody>\n<\/table>\n","protected":false},"featured_media":1976,"comment_status":"open","ping_status":"closed","template":"","meta":{"_joinchat":[]},"product_brand":[],"product_cat":[44],"product_tag":[],"class_list":{"0":"post-2562","1":"product","2":"type-product","3":"status-publish","4":"has-post-thumbnail","6":"product_cat-alanya-touren","8":"first","9":"instock","10":"sold-individually","11":"shipping-taxable","12":"purchasable","13":"product-type-booking"},"booking_location":"","booking_location_type":"","booking_duration":1,"booking_duration_unit":"day","booking_buffer":0,"booking_cost":0,"booking_resources":[],"jetpack_sharing_enabled":true,"_links":{"self":[{"href":"https:\/\/tursaytravel.com\/de\/wp-json\/wp\/v2\/product\/2562","targetHints":{"allow":["GET"]}}],"collection":[{"href":"https:\/\/tursaytravel.com\/de\/wp-json\/wp\/v2\/product"}],"about":[{"href":"https:\/\/tursaytravel.com\/de\/wp-json\/wp\/v2\/types\/product"}],"replies":[{"embeddable":true,"href":"https:\/\/tursaytravel.com\/de\/wp-json\/wp\/v2\/comments?post=2562"}],"wp:featuredmedia":[{"embeddable":true,"href":"https:\/\/tursaytravel.com\/de\/wp-json\/wp\/v2\/media\/1976"}],"wp:attachment":[{"href":"https:\/\/tursaytravel.com\/de\/wp-json\/wp\/v2\/media?parent=2562"}],"wp:term":[{"taxonomy":"product_brand","embeddable":true,"href":"https:\/\/tursaytravel.com\/de\/wp-json\/wp\/v2\/product_brand?post=2562"},{"taxonomy":"product_cat","embeddable":true,"href":"https:\/\/tursaytravel.com\/de\/wp-json\/wp\/v2\/product_cat?post=2562"},{"taxonomy":"product_tag","embeddable":true,"href":"https:\/\/tursaytravel.com\/de\/wp-json\/wp\/v2\/product_tag?post=2562"}],"curies":[{"name":"wp","href":"https:\/\/api.w.org\/{rel}","templated":true}]}}