{"id":2558,"date":"2024-05-22T20:31:56","date_gmt":"2024-05-22T17:31:56","guid":{"rendered":"https:\/\/tursaytravel.com\/aspendos-side-manavgat-tour-von-alanya\/"},"modified":"2026-01-31T22:10:25","modified_gmt":"2026-01-31T19:10:25","slug":"aspendos-side-manavgat-tour-von-alanya","status":"publish","type":"product","link":"https:\/\/tursaytravel.com\/de\/aspendos-side-manavgat-tour-von-alanya\/","title":{"rendered":"Aspendos-Side-Manavgat Tour Von Alanya"},"content":{"rendered":"<h2>Aspendos-Side-Manavgat Tour Von Alanya<\/h2>\n<p>Die Tour zu den Wasserf\u00e4llen von Aspendos, Side und Manavgat ab Alanya ist eine t\u00e4gliche Kultur- und Naturtour, die historische und nat\u00fcrliche Sch\u00f6nheiten vereint. Aspendos ist ein weltber\u00fchmtes r\u00f6misches Theater und wurde im 1. Jahrhundert n. Chr. erbaut. Es wurde im 2. Jahrhundert erbaut. Side liegt etwa 60 km von Alanya entfernt und war einst ein wichtiger r\u00f6mischer Hafen.Es ist eine moderne Stadt voller historischer Ruinen. Manavgat ist ein ber\u00fchmter Wasserfall, einer der meistfotografierten Orte in der T\u00fcrkei.    <\/p>\n<p>Er flie\u00dft mit seinem wei\u00df glitzernden Wasser \u00fcber die Felsen und ist ber\u00fchmt f\u00fcr seine nat\u00fcrliche Sch\u00f6nheit. Er flie\u00dft mit seinem wei\u00df glitzernden Wasser \u00fcber die Felsen und ist ber\u00fchmt f\u00fcr seine nat\u00fcrliche Sch\u00f6nheit.Diese Tour kann f\u00fcr Geschichts, Kultur und Naturliebhaber ein unvergessliches Erlebnis sein! Wenn Sie in Alanya Urlaub machen, sollten Sie unbedingt die Aspendos-, Side- und Manavgat-Wasserfall-Tour in Betracht ziehen.  <\/p>\n<h3>Einzelheiten zur Tour:<\/h3>\n<ul>\n<li>Wir holen Sie gegen 08:15 Uhr morgens von Ihrem Hotel ab.<\/li>\n<li>Aspendos ist etwa 90 km von Alanya entfernt (Manavgat ist 60 km, Side ist 65 km)<\/li>\n<li>Wir werden zum Manavgat-Wasserfall gehen.<\/li>\n<li>Am Manavgat-Wasserfall haben Sie freie Zeit.<\/li>\n<li>Wir werden die antike Stadt Aspendos und das antike Theater besuchen.<\/li>\n<li>Mittagessen und Pause im Restaurant (Mittagessen ist in der Tour inbegriffen)<\/li>\n<li>Besuch der antiken Stadt Side, Tempel des Apollo<\/li>\n<li>Wir bieten Ihnen Freizeit in der antiken Stadt Side.<\/li>\n<li>R\u00fcckkehr nach Alanya<\/li>\n<li>Wir bringen Sie gegen 18:00 Uhr in Ihrem Hotel.<\/li>\n<\/ul>\n<p>Viel Spa\u00df vorab \ud83d\ude42<\/p>\n<h3>Im Preis inbegriffen:<\/h3>\n<ul>\n<li>Versicherung<\/li>\n<li>F\u00fchrung<\/li>\n<li>Abholung und R\u00fccktransfer<\/li>\n<li>Mittagessen<\/li>\n<li>Eintrittsgelder f\u00fcr den Besuch<\/li>\n<\/ul>\n<h3>Optional im Preis ausgeschlossen:<\/h3>\n<ul>\n<li>Getr\u00e4nke<\/li>\n<li>Pers\u00f6nliche Ausgaben<\/li>\n<\/ul>\n<h3>Hinweise und zus\u00e4tzliche Informationen:<\/h3>\n<ul>\n<li>Sie k\u00f6nnen Ihre Kamera mitbringen.<\/li>\n<li>Abhol- und R\u00fcckgabezeiten k\u00f6nnen je nach Standort Ihres Hotels variieren.<\/li>\n<\/ul>\n<h3>Allgemeine Informationen:<\/h3>\n<ul>\n<li>Tourtage: Dienstag, Samstag<\/li>\n<li>Abholpunkt: Hotel<\/li>\n<li>Abholzeit: 08:15<\/li>\n<li>Abgabepunkt: Hotel<\/li>\n<li>Abgabezeit: 18:00<\/li>\n<li>Tourzeit: 10 (Transport inbegriffen)<\/li>\n<\/ul>\n","protected":false},"excerpt":{"rendered":"<h3>Preisliste<\/h3>\n<table class=\"price-table\">\n<tbody>\n<tr>\n<td>Eine Person<\/td>\n<td>Erwachsene (&gt;9)<\/td>\n<td>55 \u20ac<\/td>\n<\/tr>\n<tr>\n<td>Eine Person<\/td>\n<td>Kind (4-8)<\/td>\n<td>28 \u20ac<\/td>\n<\/tr>\n<tr>\n<td>Eine Person\n<\/td>\n<td>S\u00e4ugling (0-3)\n<\/td>\n<td>Kostenlos<\/td>\n<\/tr>\n<\/tbody>\n<\/table>\n","protected":false},"featured_media":1971,"comment_status":"open","ping_status":"closed","template":"","meta":{"_joinchat":[]},"product_brand":[],"product_cat":[44],"product_tag":[],"class_list":{"0":"post-2558","1":"product","2":"type-product","3":"status-publish","4":"has-post-thumbnail","6":"product_cat-alanya-touren","8":"first","9":"instock","10":"sold-individually","11":"shipping-taxable","12":"purchasable","13":"product-type-booking"},"booking_location":"","booking_location_type":"","booking_duration":1,"booking_duration_unit":"day","booking_buffer":0,"booking_cost":0,"booking_resources":[],"jetpack_sharing_enabled":true,"_links":{"self":[{"href":"https:\/\/tursaytravel.com\/de\/wp-json\/wp\/v2\/product\/2558","targetHints":{"allow":["GET"]}}],"collection":[{"href":"https:\/\/tursaytravel.com\/de\/wp-json\/wp\/v2\/product"}],"about":[{"href":"https:\/\/tursaytravel.com\/de\/wp-json\/wp\/v2\/types\/product"}],"replies":[{"embeddable":true,"href":"https:\/\/tursaytravel.com\/de\/wp-json\/wp\/v2\/comments?post=2558"}],"wp:featuredmedia":[{"embeddable":true,"href":"https:\/\/tursaytravel.com\/de\/wp-json\/wp\/v2\/media\/1971"}],"wp:attachment":[{"href":"https:\/\/tursaytravel.com\/de\/wp-json\/wp\/v2\/media?parent=2558"}],"wp:term":[{"taxonomy":"product_brand","embeddable":true,"href":"https:\/\/tursaytravel.com\/de\/wp-json\/wp\/v2\/product_brand?post=2558"},{"taxonomy":"product_cat","embeddable":true,"href":"https:\/\/tursaytravel.com\/de\/wp-json\/wp\/v2\/product_cat?post=2558"},{"taxonomy":"product_tag","embeddable":true,"href":"https:\/\/tursaytravel.com\/de\/wp-json\/wp\/v2\/product_tag?post=2558"}],"curies":[{"name":"wp","href":"https:\/\/api.w.org\/{rel}","templated":true}]}}