{"id":2554,"date":"2024-05-22T19:22:31","date_gmt":"2024-05-22T16:22:31","guid":{"rendered":"https:\/\/tursaytravel.com\/alanya-tuerkisches-bad-hamam-tour\/"},"modified":"2026-01-31T21:44:29","modified_gmt":"2026-01-31T18:44:29","slug":"alanya-turkisches-bad-hamam-tour","status":"publish","type":"product","link":"https:\/\/tursaytravel.com\/de\/alanya-turkisches-bad-hamam-tour\/","title":{"rendered":"Alanya T\u00fcrkisches Bad (Hamam) Tour"},"content":{"rendered":"<h2>Alanya T\u00fcrkisches Bad (Hamam) Tour<\/h2>\n<p>Hamam ist ein traditionelles t\u00fcrkisches Bad. Es ist eine der besten M\u00f6glichkeiten, Stress und M\u00fcdigkeit loszuwerden. Wenn Sie dar\u00fcber nachdenken, ein Hamam in Alanya zu besuchen, k\u00f6nnen Sie das traditionelle Erlebnis genie\u00dfen  <\/p>\n<h3>Einzelheiten zur Tour:<\/h3>\n<ul>\n<li>Unser Hamam ist von 09:00 Uhr morgens bis 17:00 Uhr nachmittags ge\u00f6ffnet. Sie k\u00f6nnen jederzeit reservieren. <\/li>\n<li>Der Besuch im Hamam dauert etwa 3 Stunden.<\/li>\n<li>In unserem Hamam gibt es eine Sauna und ein Dampfbad. Diese sind in der Tour enthalten. <\/li>\n<li>Nach dem Peeling und der Schaummassage im T\u00fcrkischen Bad f\u00fchlen Sie sich bei der \u00d6lmassage und Gesichtsmaske sehr wohl. (inklusive) <\/li>\n<li>Es gibt Manik\u00fcre und Pedik\u00fcre im Hamam, diese sind jedoch nicht in der Tour enthalten.<\/li>\n<li>Am Ende der Hamam-Tour bringen wir Sie zu Ihrem Hotel.<\/li>\n<\/ul>\n<p>Viel Spa\u00df vorab \ud83d\ude42<\/p>\n<h3>Im Preis inbegriffen:<\/h3>\n<ul>\n<li>Versicherung<\/li>\n<li>F\u00fchrung<\/li>\n<li>Abholung und R\u00fccktransfer<\/li>\n<li>Sauna, Dampfbad<\/li>\n<li>Peeling, Schaummassage, \u00d6lmassage<\/li>\n<li>Gesichtsmaske<\/li>\n<li>Getr\u00e4nk (1 Wasser+1 Tee)<\/li>\n<\/ul>\n<h3>Optional im Preis ausgeschlossen:<\/h3>\n<ul>\n<li>Manik\u00fcre und Pedik\u00fcre<\/li>\n<li>Andere Getr\u00e4nke<\/li>\n<li>Pers\u00f6nliche Ausgaben<\/li>\n<\/ul>\n<h3>Hinweise und zus\u00e4tzliche Informationen:<\/h3>\n<ul>\n<li>F\u00fcr eine sch\u00f6ne Haut sollten Sie in den ersten Urlaubstagen ins Hamam gehen<\/li>\n<li>Bringen Sie Badeanzug und Shorts mit<\/li>\n<li>Sie werden dir dort ein Handtuch, einen Lendenschurz und Hausschuhe (Takunya) geben.<\/li>\n<li>Wenn Sie gesundheitliche Probleme haben und schwanger sind, seien Sie bitte vorsichtig.<\/li>\n<li>Die Abhol- und Bringzeiten k\u00f6nnen je nach Standort Ihres Hotels variieren<\/li>\n<\/ul>\n<h3>Allgemeine Informationen:<\/h3>\n<ul>\n<li>Tourtage: T\u00e4glich<\/li>\n<li>Abholpunkt: Hotel<\/li>\n<li>Abgabepunkt: Hotel<\/li>\n<li>Tourzeit: 3 (Transport inbegriffen)<\/li>\n<\/ul>\n","protected":false},"excerpt":{"rendered":"<h3>Preisliste<\/h3>\n<table class=\"price-table\">\n<tbody>\n<tr>\n<td>Eine Person<\/td>\n<td>Erwachsene (&gt;12)<\/td>\n<td>20 \u20ac<\/td>\n<\/tr>\n<tr>\n<td>Eine Person<\/td>\n<td>Kind (7-11)<\/td>\n<td>10 \u20ac<\/td>\n<\/tr>\n<tr>\n<td>Eine Person<\/td>\n<td>S\u00e4ugling(0-6)<\/td>\n<td>Kostenlos<\/td>\n<\/tr>\n<\/tbody>\n<\/table>\n","protected":false},"featured_media":1407,"comment_status":"open","ping_status":"closed","template":"","meta":{"_joinchat":[]},"product_brand":[],"product_cat":[44],"product_tag":[],"class_list":{"0":"post-2554","1":"product","2":"type-product","3":"status-publish","4":"has-post-thumbnail","6":"product_cat-alanya-touren","8":"first","9":"instock","10":"sold-individually","11":"shipping-taxable","12":"purchasable","13":"product-type-booking"},"booking_location":"","booking_location_type":"","booking_duration":1,"booking_duration_unit":"day","booking_buffer":0,"booking_cost":0,"booking_resources":[],"jetpack_sharing_enabled":true,"_links":{"self":[{"href":"https:\/\/tursaytravel.com\/de\/wp-json\/wp\/v2\/product\/2554","targetHints":{"allow":["GET"]}}],"collection":[{"href":"https:\/\/tursaytravel.com\/de\/wp-json\/wp\/v2\/product"}],"about":[{"href":"https:\/\/tursaytravel.com\/de\/wp-json\/wp\/v2\/types\/product"}],"replies":[{"embeddable":true,"href":"https:\/\/tursaytravel.com\/de\/wp-json\/wp\/v2\/comments?post=2554"}],"wp:featuredmedia":[{"embeddable":true,"href":"https:\/\/tursaytravel.com\/de\/wp-json\/wp\/v2\/media\/1407"}],"wp:attachment":[{"href":"https:\/\/tursaytravel.com\/de\/wp-json\/wp\/v2\/media?parent=2554"}],"wp:term":[{"taxonomy":"product_brand","embeddable":true,"href":"https:\/\/tursaytravel.com\/de\/wp-json\/wp\/v2\/product_brand?post=2554"},{"taxonomy":"product_cat","embeddable":true,"href":"https:\/\/tursaytravel.com\/de\/wp-json\/wp\/v2\/product_cat?post=2554"},{"taxonomy":"product_tag","embeddable":true,"href":"https:\/\/tursaytravel.com\/de\/wp-json\/wp\/v2\/product_tag?post=2554"}],"curies":[{"name":"wp","href":"https:\/\/api.w.org\/{rel}","templated":true}]}}