{"id":2550,"date":"2024-05-21T22:35:17","date_gmt":"2024-05-21T19:35:17","guid":{"rendered":"https:\/\/tursaytravel.com\/alanya-tauchen-tour\/"},"modified":"2026-01-31T22:48:28","modified_gmt":"2026-01-31T19:48:28","slug":"alanya-tauchen-tour","status":"publish","type":"product","link":"https:\/\/tursaytravel.com\/de\/alanya-tauchen-tour\/","title":{"rendered":"Alanya Tauchen Tour"},"content":{"rendered":"<h2>Alanya Tauchen Tour<\/h2>\n<p>Tauchen in Alanya ist ein sehr angenehmes Erlebnis f\u00fcr diejenigen, die die Unterwassersch\u00f6nheiten erkunden m\u00f6chten. Im klaren Wasser des Mittelmeers k\u00f6nnen Sie in oberfl\u00e4chennahen Tiefen auf farbenfrohe Korallenriffe, Fische und andere Meeresbewohner sto\u00dfen. Es handelt sich um eine t\u00e4gliche Tour, bei der Sie mit professionellen Lehrern die Unterwassersch\u00f6nheiten des Mittelmeers entdecken und wundervolle Erlebnisse erleben.  <\/p>\n<h3>Einzelheiten zur Tour:<\/h3>\n<ul>\n<li>Wir holen Sie gegen 08:00 Uhr von Ihrem Hotel ab.<\/li>\n<li>Wir werden zum Hafen von Okurcalar fahren. (Okurcalar ist 30 km von Alanya entfernt). <\/li>\n<li>Anschlie\u00dfend Transfer in unser Tauchboot.<\/li>\n<li>Die Tauchausbilder geben Ihnen Informationen zur Ausr\u00fcstung und zum Sicherheitsverfahren.<\/li>\n<li>Au\u00dferdem stellt Ihnen der Lehrer die Ausr\u00fcstung zur Verf\u00fcgung, aber wenn Sie m\u00f6chten, k\u00f6nnen Sie auch selbst mitbringen.<\/li>\n<li>Der erste Tauchgang findet mit einem Tauchlehrer auf der Schildkr\u00f6teninsel statt.<\/li>\n<li>Es ist Mittagspause im Boot. Das Mittagessen ist in der Tour inbegriffen aber Getr\u00e4nke jedoch nicht. <\/li>\n<li>Nach der Mittagspause werden wir zum zweiten Mal tauchen.<\/li>\n<li>Wir werden beim zweiten Tauchgang zu viele Fische sehen (wie in einem Aquarium).<\/li>\n<li>W\u00e4hrend dieser Zeit wird es Sonnenbaden, Entspannen sowie Schnorchel- und Schwimmaktivit\u00e4ten geben.<\/li>\n<li>Au\u00dferdem nehmen sie Ihr Foto und Ihr Video unter Wasser auf.<\/li>\n<li>Wir bringen Sie gegen 16:30 Uhr in Ihrem Hotel.<\/li>\n<\/ul>\n<p>Viel Spa\u00df vorab \ud83d\ude42<\/p>\n<h3>Im Preis inbegriffen:<\/h3>\n<ul>\n<li>Versicherung<\/li>\n<li>Abholung und R\u00fccktransfer<\/li>\n<li>F\u00fchrer, Erzieher<\/li>\n<li>Ausr\u00fcstung<\/li>\n<li>Mittagessen<\/li>\n<\/ul>\n<h3>Optional im Preis ausgeschlossen:<\/h3>\n<ul>\n<li>Getr\u00e4nke<\/li>\n<li>Foto und Video unter Wasser<\/li>\n<li>Pers\u00f6nliche Ausgaben<\/li>\n<\/ul>\n<h3>Hinweise und zus\u00e4tzliche Informationen:<\/h3>\n<ul>\n<li>Wenn Sie nicht schwimmen k\u00f6nnen, ist es kein Problem, tauchen zu k\u00f6nnen, da es dort einen professionellen Ausbilder gibt. P\u00e4dagogen werden Ihnen helfen. <\/li>\n<li>Wenn es Ihr erster Tauchgang ist, brauchen Sie keine Angst zu haben, denn es ist eine sehr unterhaltsame Aktivit\u00e4t. Es werden unterschiedliche Erinnerungen und Aktivit\u00e4ten f\u00fcr Sie sein. <\/li>\n<li>Abhol- und R\u00fcckgabezeiten k\u00f6nnen je nach Standort Ihres Hotels variieren.<\/li>\n<\/ul>\n<h3>Allgemeine Informationen:<\/h3>\n<ul>\n<li>Tourtage: T\u00e4glich<\/li>\n<li>Abholpunkt: Hotel<\/li>\n<li>Abholzeit: 08:00<\/li>\n<li>Abgabepunkt: Hotel<\/li>\n<li>Abgabezeit: 16:30<\/li>\n<li>Tourzeit: 9 (Transport inbegriffen)<\/li>\n<\/ul>\n","protected":false},"excerpt":{"rendered":"<h3>Preisliste<\/h3>\n<table class=\"price-table\">\n<tbody>\n<tr>\n<td>Eine Person<\/td>\n<td>Erwachsene (&gt;12)<\/td>\n<td>35 \u20ac<\/td>\n<\/tr>\n<tr>\n<td>Eine Person<\/td>\n<td>Kind (7-11)<\/td>\n<td>35 \u20ac<\/td>\n<\/tr>\n<tr>\n<td>Eine Person<\/td>\n<td>S\u00e4ugling(0-6)<\/td>\n<td>Kostenlos<\/td>\n<\/tr>\n<\/tbody>\n<\/table>\n","protected":false},"featured_media":630,"comment_status":"open","ping_status":"closed","template":"","meta":{"_joinchat":[]},"product_brand":[],"product_cat":[44],"product_tag":[],"class_list":{"0":"post-2550","1":"product","2":"type-product","3":"status-publish","4":"has-post-thumbnail","6":"product_cat-alanya-touren","8":"first","9":"instock","10":"sold-individually","11":"shipping-taxable","12":"purchasable","13":"product-type-booking"},"booking_location":"","booking_location_type":"","booking_duration":1,"booking_duration_unit":"day","booking_buffer":0,"booking_cost":0,"booking_resources":[],"jetpack_sharing_enabled":true,"_links":{"self":[{"href":"https:\/\/tursaytravel.com\/de\/wp-json\/wp\/v2\/product\/2550","targetHints":{"allow":["GET"]}}],"collection":[{"href":"https:\/\/tursaytravel.com\/de\/wp-json\/wp\/v2\/product"}],"about":[{"href":"https:\/\/tursaytravel.com\/de\/wp-json\/wp\/v2\/types\/product"}],"replies":[{"embeddable":true,"href":"https:\/\/tursaytravel.com\/de\/wp-json\/wp\/v2\/comments?post=2550"}],"wp:featuredmedia":[{"embeddable":true,"href":"https:\/\/tursaytravel.com\/de\/wp-json\/wp\/v2\/media\/630"}],"wp:attachment":[{"href":"https:\/\/tursaytravel.com\/de\/wp-json\/wp\/v2\/media?parent=2550"}],"wp:term":[{"taxonomy":"product_brand","embeddable":true,"href":"https:\/\/tursaytravel.com\/de\/wp-json\/wp\/v2\/product_brand?post=2550"},{"taxonomy":"product_cat","embeddable":true,"href":"https:\/\/tursaytravel.com\/de\/wp-json\/wp\/v2\/product_cat?post=2550"},{"taxonomy":"product_tag","embeddable":true,"href":"https:\/\/tursaytravel.com\/de\/wp-json\/wp\/v2\/product_tag?post=2550"}],"curies":[{"name":"wp","href":"https:\/\/api.w.org\/{rel}","templated":true}]}}