{"id":2546,"date":"2024-05-22T01:29:51","date_gmt":"2024-05-21T22:29:51","guid":{"rendered":"https:\/\/tursaytravel.com\/alanya-starcraft-boat-tour\/"},"modified":"2026-01-31T21:43:54","modified_gmt":"2026-01-31T18:43:54","slug":"alanya-starcraft-boat-tour","status":"publish","type":"product","link":"https:\/\/tursaytravel.com\/de\/alanya-starcraft-boat-tour\/","title":{"rendered":"Alanya Starcraft Boat Tour"},"content":{"rendered":"<h2>Alanya Starcraft Boat Tour<\/h2>\n<p>Das Starcraft-Boot hat eine wei\u00dfe Farbe und ein modernes Aussehen und gilt als das gr\u00f6\u00dfte und luxuri\u00f6seste Boot in Alanya. Das Animationsteam bietet eine wunderbare Unterhaltungsumgebung mit Tanzshows und Schaumparty. Dar\u00fcber hinaus bietet es mit seiner hohen Passagierkapazit\u00e4t, seinem ger\u00e4umigen Design und seiner reichhaltigen Speisenkarte ein besseres Erlebnis als andere Boote. Wenn Sie in Alanya Urlaub machen, empfehlen wir Ihnen, die Starcraft-Bootstour nicht zu verpassen.   <\/p>\n<h3>Einzelheiten zur Tour:<\/h3>\n<ul>\n<li>Wir holen Sie gegen 09:00 Uhr morgens von Ihrem Hotel ab.<\/li>\n<li>Ankunft im Hafen von Alanya.<\/li>\n<li>Unser Boot wird vom Hafen von Alanya abfahren.<\/li>\n<li>Eine Badepause machen wir bei der Werft neben dem Roten Turm.<\/li>\n<li>Wir werden die Piratenh\u00f6hle, die Liebhaberh\u00f6hle, die Phosphorh\u00f6hle, den Kleopatra-Strand und den neuen Hafen sehen<\/li>\n<li>Mittagspause am Strand von Ula\u015f, auch Badepause.<\/li>\n<li>Erfrischungsgetr\u00e4nke den ganzen Tag \u00fcber kostenlos, aber im Glas und zur Selbstbedienung (Wasser, Cola, Fanta)<\/li>\n<li>Danach Badepause im offenen Wasser<\/li>\n<li>Wir werden vom offenen Wasser in den Hafen von Alanya zur\u00fcckkehren.<\/li>\n<li>Wenn es Ihr Gl\u00fcckstag ist, k\u00f6nnen Sie die Delfine sehen.<\/li>\n<li>W\u00e4hrend dieser Tour gibt es eine Schaumparty, Animationen, Musik und Aktivit\u00e4ten.<\/li>\n<li>Die Tour endet ungef\u00e4hr um 15:00 Uhr. Wir bringen Sie gegen 15:30 Uhr zu Ihrem Hotel. <\/li>\n<\/ul>\n<p> Viel Spa\u00df vorab  \ud83d\ude42<\/p>\n<h3>Im Preis inbegriffen:<\/h3>\n<ul>\n<li>Versicherung<\/li>\n<li>F\u00fchrung<\/li>\n<li>Abholung und R\u00fccktransfer<\/li>\n<li>Mittagessen<\/li>\n<li>Alkoholfreies Getr\u00e4nke (Wasser, Cola, Fanta)<\/li>\n<li>Animationen<\/li>\n<\/ul>\n<h3>Optional im Preis ausgeschlossen:<\/h3>\n<ul>\n<li>Alkohole<\/li>\n<li>Eiscreme<\/li>\n<li>Pers\u00f6nliche Ausgaben<\/li>\n<\/ul>\n<h3>Hinweise und zus\u00e4tzliche Informationen:<\/h3>\n<ul>\n<li>Bringen Sie Badeanzug, Sonnencreme und ein Handtuch mit<\/li>\n<li>Abhol- und R\u00fcckgabezeiten k\u00f6nnen je nach Standort Ihres Hotels variieren.<\/li>\n<li>Wenn Sie m\u00f6chten, beinhaltet unsere Starcraft-Tour Alkohol (Preis 40 \u20ac)<\/li>\n<li>Hierf\u00fcr k\u00f6nnen Sie uns per WhatsApp kontaktieren.<\/li>\n<\/ul>\n<h3>Allgemeine Informationen:<\/h3>\n<ul>\n<li>Tourtage: Montag, Mittwoch, Samstag<\/li>\n<li>Abholpunkt: Hotel<\/li>\n<li>Abholzeit: 09:00<\/li>\n<li>Abgabepunkt: Hotel<\/li>\n<li>Abgabezeit: 15:30<\/li>\n<li>Tourzeit: 7 (Transport inbegriffen)<\/li>\n<\/ul>\n","protected":false},"excerpt":{"rendered":"<h3>Preisliste<\/h3>\n<table class=\"price-table\">\n<tbody>\n<tr>\n<td>Eine Person<\/td>\n<td>Erwachsene (&gt;13)<\/td>\n<td>25 \u20ac<\/td>\n<\/tr>\n<tr>\n<td>Eine Person<\/td>\n<td>Kind (4-12)<\/td>\n<td>20 \u20ac<\/td>\n<\/tr>\n<tr>\n<td>Eine Person\n<\/td>\n<td>S\u00e4ugling (0-3)\n<\/td>\n<td>Kostenlos<\/td>\n<\/tr>\n<\/tbody>\n<\/table>\n","protected":false},"featured_media":1275,"comment_status":"open","ping_status":"closed","template":"","meta":{"_joinchat":[]},"product_brand":[],"product_cat":[44],"product_tag":[],"class_list":{"0":"post-2546","1":"product","2":"type-product","3":"status-publish","4":"has-post-thumbnail","6":"product_cat-alanya-touren","8":"first","9":"instock","10":"sold-individually","11":"shipping-taxable","12":"purchasable","13":"product-type-booking"},"booking_location":"","booking_location_type":"","booking_duration":1,"booking_duration_unit":"day","booking_buffer":0,"booking_cost":0,"booking_resources":[],"jetpack_sharing_enabled":true,"_links":{"self":[{"href":"https:\/\/tursaytravel.com\/de\/wp-json\/wp\/v2\/product\/2546","targetHints":{"allow":["GET"]}}],"collection":[{"href":"https:\/\/tursaytravel.com\/de\/wp-json\/wp\/v2\/product"}],"about":[{"href":"https:\/\/tursaytravel.com\/de\/wp-json\/wp\/v2\/types\/product"}],"replies":[{"embeddable":true,"href":"https:\/\/tursaytravel.com\/de\/wp-json\/wp\/v2\/comments?post=2546"}],"wp:featuredmedia":[{"embeddable":true,"href":"https:\/\/tursaytravel.com\/de\/wp-json\/wp\/v2\/media\/1275"}],"wp:attachment":[{"href":"https:\/\/tursaytravel.com\/de\/wp-json\/wp\/v2\/media?parent=2546"}],"wp:term":[{"taxonomy":"product_brand","embeddable":true,"href":"https:\/\/tursaytravel.com\/de\/wp-json\/wp\/v2\/product_brand?post=2546"},{"taxonomy":"product_cat","embeddable":true,"href":"https:\/\/tursaytravel.com\/de\/wp-json\/wp\/v2\/product_cat?post=2546"},{"taxonomy":"product_tag","embeddable":true,"href":"https:\/\/tursaytravel.com\/de\/wp-json\/wp\/v2\/product_tag?post=2546"}],"curies":[{"name":"wp","href":"https:\/\/api.w.org\/{rel}","templated":true}]}}