{"id":2542,"date":"2024-05-21T22:18:34","date_gmt":"2024-05-21T19:18:34","guid":{"rendered":"https:\/\/tursaytravel.com\/alanya-stadt-und-sapadere-canyon-tour\/"},"modified":"2026-01-31T22:26:10","modified_gmt":"2026-01-31T19:26:10","slug":"alanya-stadt-und-sapadere-canyon-tour","status":"publish","type":"product","link":"https:\/\/tursaytravel.com\/de\/alanya-stadt-und-sapadere-canyon-tour\/","title":{"rendered":"Alanya Stadt Und Sapadere Canyon Tour"},"content":{"rendered":"<h2>Alanya Stadt Und Sapadere Canyon Tour<\/h2>\n<p>Eine Stadtrundfahrt durch Alanya ist eine gro\u00dfartige Gelegenheit, die historischen und nat\u00fcrlichen Sch\u00f6nheiten dieser wundersch\u00f6nen K\u00fcstenstadt am Mittelmeer zu entdecken. Die Stadt aus der Vogelperspektive von den H\u00fcgeln und malerischen Orten Alanyas aus zu betrachten, kann ein unvergessliches Erlebnis sein. Halten Sie an diesen Stellen Ihre Kamera zum Fotografieren bereit. Sapadere Canyon: Dieser faszinierende Canyon ist von \u00fcppigem Gr\u00fcn umgeben und ber\u00fchmt f\u00fcr seine herrlichen Wasserf\u00e4lle und klaren Becken. Es ist ein idealer Ort, um durch \u00fcppige W\u00e4lder zu wandern und die Natur zu genie\u00dfen. Eine Tour durch die Stadt Alanya und die Sapadere-Schlucht kann sowohl f\u00fcr Geschichts- als auch f\u00fcr Naturliebhaber ein angenehmes Erlebnis sein. Sie k\u00f6nnen diese Tour in Betracht ziehen, um unvergessliche Erinnerungen zu schaffen.      <\/p>\n<h3>Einzelheiten zur Tour:<\/h3>\n<ul>\n<li>Wir bringen Sie gegen 08:30 Uhr morgens in Ihr Hotel.<\/li>\n<li>Wir werden eine Fotopause auf der I LOVE ALANYA-Aussichtsterrasse einlegen.<\/li>\n<li>Wir besuchen die Burg von Alanya und machen eine Fotopause (innere Burg). Unser Guide informiert Sie \u00fcber die Geschichte von Alanya <\/li>\n<li>Wir werden eine eineinhalbst\u00fcndige Badepause am Kleopatra-Strand einlegen.<\/li>\n<li>Damlata\u015f-H\u00f6hle und Seilbahn (Eintritt ist extra)<\/li>\n<li>K\u0131z\u0131lkule und Alanya-Yachthafenbesuch<\/li>\n<li>Tour durch das Stadtzentrum von Alanya (ohne Aussteigen mit dem Bus)<\/li>\n<li>Mittagspause im Restaurant (Men\u00fc besteht aus H\u00e4hnchenschaschlik und saisonalem Salat)<\/li>\n<li>Ankunft in der Sapadere canyon<\/li>\n<li>Es wird ein Spaziergang in der Sapadere Canyon und eine Badepause sein<\/li>\n<li>R\u00fcckkehr nach Alanya<\/li>\n<li>Wir bringen Sie gegen 17:00 Uhr in Ihrem Hotel.<\/li>\n<\/ul>\n<p>Viel Spa\u00df vorab \ud83d\ude42<\/p>\n<h3>Im Preis inbegriffen:<\/h3>\n<ul>\n<li>Versicherung<\/li>\n<li>F\u00fchrung<\/li>\n<li>Abholung und R\u00fccktransfer<\/li>\n<li>Mittagessen<\/li>\n<li>Eintrittsgeb\u00fchr f\u00fcr die Sapadere-Schlucht<\/li>\n<\/ul>\n<h3>Optional im Preis ausgeschlossen:<\/h3>\n<ul>\n<li>Getr\u00e4nke<\/li>\n<li>Eintrittsgeb\u00fchr f\u00fcr die Damlata\u015f-H\u00f6hle und die Seilbahn<\/li>\n<li>Pers\u00f6nliche Ausgaben<\/li>\n<\/ul>\n<h3>Hinweise und zus\u00e4tzliche Informationen:<\/h3>\n<ul>\n<li>Sie k\u00f6nnen Ihre Kamera mitbringen.<\/li>\n<li>Abhol- und R\u00fcckgabezeiten k\u00f6nnen je nach Standort Ihres Hotels variieren.<\/li>\n<\/ul>\n<h3>Allgemeine Informationen:<\/h3>\n<ul>\n<li>Tourtage: Bitte kontaktieren Sie uns per WhatsApp f\u00fcr den Tourtag<\/li>\n<li>Abholpunkt: Hotel<\/li>\n<li>Abholzeit: 08:30<\/li>\n<li>Abgabepunkt: Hotel<\/li>\n<li>Abgabezeit: 17:00<\/li>\n<li>Tourzeit: 8 (Transport inbegriffen)<\/li>\n<\/ul>\n","protected":false},"excerpt":{"rendered":"<h3>Preisliste<\/h3>\n<table class=\"price-table\">\n<tbody>\n<tr>\n<td>Eine Person<\/td>\n<td>Erwachsene (&gt;11)<\/td>\n<td>35 \u20ac<\/td>\n<\/tr>\n<tr>\n<td>Eine Person<\/td>\n<td>Kind (4-10)<\/td>\n<td>20 \u20ac<\/td>\n<\/tr>\n<tr>\n<td>Eine Person\n<\/td>\n<td>S\u00e4ugling (0-3)\n<\/td>\n<td>Kostenlos<\/td>\n<\/tr>\n<\/tbody>\n<\/table>\n","protected":false},"featured_media":1966,"comment_status":"open","ping_status":"closed","template":"","meta":{"_joinchat":[]},"product_brand":[],"product_cat":[44],"product_tag":[],"class_list":{"0":"post-2542","1":"product","2":"type-product","3":"status-publish","4":"has-post-thumbnail","6":"product_cat-alanya-touren","8":"first","9":"instock","10":"sold-individually","11":"shipping-taxable","12":"purchasable","13":"product-type-booking"},"booking_location":"","booking_location_type":"","booking_duration":1,"booking_duration_unit":"day","booking_buffer":0,"booking_cost":0,"booking_resources":[],"jetpack_sharing_enabled":true,"_links":{"self":[{"href":"https:\/\/tursaytravel.com\/de\/wp-json\/wp\/v2\/product\/2542","targetHints":{"allow":["GET"]}}],"collection":[{"href":"https:\/\/tursaytravel.com\/de\/wp-json\/wp\/v2\/product"}],"about":[{"href":"https:\/\/tursaytravel.com\/de\/wp-json\/wp\/v2\/types\/product"}],"replies":[{"embeddable":true,"href":"https:\/\/tursaytravel.com\/de\/wp-json\/wp\/v2\/comments?post=2542"}],"wp:featuredmedia":[{"embeddable":true,"href":"https:\/\/tursaytravel.com\/de\/wp-json\/wp\/v2\/media\/1966"}],"wp:attachment":[{"href":"https:\/\/tursaytravel.com\/de\/wp-json\/wp\/v2\/media?parent=2542"}],"wp:term":[{"taxonomy":"product_brand","embeddable":true,"href":"https:\/\/tursaytravel.com\/de\/wp-json\/wp\/v2\/product_brand?post=2542"},{"taxonomy":"product_cat","embeddable":true,"href":"https:\/\/tursaytravel.com\/de\/wp-json\/wp\/v2\/product_cat?post=2542"},{"taxonomy":"product_tag","embeddable":true,"href":"https:\/\/tursaytravel.com\/de\/wp-json\/wp\/v2\/product_tag?post=2542"}],"curies":[{"name":"wp","href":"https:\/\/api.w.org\/{rel}","templated":true}]}}