{"id":2538,"date":"2024-05-22T01:15:22","date_gmt":"2024-05-21T22:15:22","guid":{"rendered":"https:\/\/tursaytravel.com\/alanya-sapadere-canyon-tour\/"},"modified":"2026-04-20T16:24:02","modified_gmt":"2026-04-20T13:24:02","slug":"alanya-sapadere-canyon-tour","status":"publish","type":"product","link":"https:\/\/tursaytravel.com\/de\/alanya-sapadere-canyon-tour\/","title":{"rendered":"Alanya Sapadere Canyon Tour"},"content":{"rendered":"<h2>Alanya Sapadere Canyon Tour<\/h2>\n<p>Die Alanya Sapadere Canyon Tour ist eine t\u00e4gliche Natur- und Unterhaltungstour. Der Sapadere Canyon liegt etwa 45 km von Alanya entfernt. Der Sapadere Canyon ist etwa 600 m lang. Im Sapadere Canyon, dem Dorf, in dem Sie alle Gr\u00fcnt\u00f6ne sehen k\u00f6nnen, gibt es eine wunderbare Natur. Der 600 m lange Canyon liegt zwischen gemauerten Holzbr\u00fccken und f\u00fchrt Sie entlang der langen K\u00fcste zu einem gro\u00dfartigen Wasserfall. Diese unverzichtbare Tour f\u00fcr Natur- und Unterhaltungsliebhaber wartet auf Sie.     <\/p>\n<h3>Einzelheiten zur Tour:<\/h3>\n<ul>\n<li>Abholung von den Hotels gegen 09:00 Uhr mit klimatisierten Bussen.<\/li>\n<li>Wer m\u00f6chte, kann statt dem Bus mit dem Jeep an der Tour teilnehmen. Daf\u00fcr bitte \u00fcber WhatsApp kontaktieren. <\/li>\n<li>Die Tour beginnt mit einer kurzen Fotopause im Tal und Infos vom Guide.<\/li>\n<li>Danach fahren wir zum Sapadere Canyon.<\/li>\n<li>Dort habt ihr ca. 1,5 Stunden Freizeit mit dem Guide. Ihr seht 3 Wasserf\u00e4lle und k\u00f6nnt schwimmen. <\/li>\n<li>Anschlie\u00dfend besuchen wir das Seidenhaus und eine Moschee. Der Guide gibt kurze Infos. <\/li>\n<li>Mittagspause im Restaurant (Essen inklusive, Getr\u00e4nke extra). Schwimmen ist hier auch m\u00f6glich. <\/li>\n<li>Nach dem Mittagessen besuchen wir die Zwergenh\u00f6hle (Eintritt extra, ca. 4 Euro).<\/li>\n<li>Am Ende der Tour kehren wir zu den Hotels zur\u00fcck, Ankunft gegen 16:00 Uhr.<\/li>\n<\/ul>\n<p> Viel Spa\u00df vorab  \ud83d\ude42<\/p>\n<h3>Im Preis inbegriffen:<\/h3>\n<ul>\n<li>Versicherung<\/li>\n<li>F\u00fchrung<\/li>\n<li>Abholung<\/li>\n<li>R\u00fccktransfer<\/li>\n<li>Mittagessen<\/li>\n<li>Eintrittsgeb\u00fchr f\u00fcr den Sapadere Canyon<\/li>\n<\/ul>\n<h3>Optional im Preis ausgeschlossen:<\/h3>\n<ul>\n<li>Getr\u00e4nke<\/li>\n<li>Foto, Video<\/li>\n<li>Eintrittsgeb\u00fchr f\u00fcr die Zwergenh\u00f6hle<\/li>\n<\/ul>\n<h3>Hinweise und zus\u00e4tzliche Informationen:<\/h3>\n<ul>\n<li>Wenn Sie schwimmen m\u00f6chten, sollten Sie Handtuch und Badeanzug mitbringen<\/li>\n<li>Unsere Preise f\u00fcr Bus- und Jeep-Touren unterscheiden sich. Auch die Tourinhalte variieren. G\u00e4ste, die an einer Jeep-Tour teilnehmen m\u00f6chten, kontaktieren uns bitte f\u00fcr detaillierte Informationen.  <\/li>\n<li>Abhol- und R\u00fcckgabezeiten k\u00f6nnen je nach Standort Ihres Hotels variieren.<\/li>\n<\/ul>\n<h3>Allgemeine Informationen:<\/h3>\n<ul>\n<li>Tourtage: Dienstag, Donnerstag, Sonntag<\/li>\n<li>Abholpunkt: Hotel<\/li>\n<li>Abholzeit: 09:00<\/li>\n<li>Abgabepunkt: Hotel<\/li>\n<li>Abgabezeit: 16:00<\/li>\n<li>Tourzeit: 7 (Transport inbegriffen)<\/li>\n<\/ul>\n","protected":false},"excerpt":{"rendered":"<h3>Preisliste<\/h3>\n<table class=\"price-table\">\n<tbody>\n<tr>\n<td>Eine Person<\/td>\n<td>Erwachsene (&gt;11)<\/td>\n<td>25 \u20ac<\/td>\n<\/tr>\n<tr>\n<td>Eine Person\n<\/td>\n<td>Kind (4-10)\n<\/td>\n<td>15 \u20ac<\/td>\n<\/tr>\n<tr>\n<td>Eine Person\n<\/td>\n<td>S\u00e4ugling (0-3)\n<\/td>\n<td>Kostenlos<\/td>\n<\/tr>\n<\/tbody>\n<\/table>\n","protected":false},"featured_media":1266,"comment_status":"open","ping_status":"closed","template":"","meta":{"_joinchat":[]},"product_brand":[],"product_cat":[44],"product_tag":[],"class_list":{"0":"post-2538","1":"product","2":"type-product","3":"status-publish","4":"has-post-thumbnail","6":"product_cat-alanya-touren","8":"first","9":"instock","10":"sold-individually","11":"shipping-taxable","12":"purchasable","13":"product-type-booking"},"booking_location":"","booking_location_type":"","booking_duration":1,"booking_duration_unit":"day","booking_buffer":0,"booking_cost":0,"booking_resources":[],"jetpack_sharing_enabled":true,"_links":{"self":[{"href":"https:\/\/tursaytravel.com\/de\/wp-json\/wp\/v2\/product\/2538","targetHints":{"allow":["GET"]}}],"collection":[{"href":"https:\/\/tursaytravel.com\/de\/wp-json\/wp\/v2\/product"}],"about":[{"href":"https:\/\/tursaytravel.com\/de\/wp-json\/wp\/v2\/types\/product"}],"replies":[{"embeddable":true,"href":"https:\/\/tursaytravel.com\/de\/wp-json\/wp\/v2\/comments?post=2538"}],"wp:featuredmedia":[{"embeddable":true,"href":"https:\/\/tursaytravel.com\/de\/wp-json\/wp\/v2\/media\/1266"}],"wp:attachment":[{"href":"https:\/\/tursaytravel.com\/de\/wp-json\/wp\/v2\/media?parent=2538"}],"wp:term":[{"taxonomy":"product_brand","embeddable":true,"href":"https:\/\/tursaytravel.com\/de\/wp-json\/wp\/v2\/product_brand?post=2538"},{"taxonomy":"product_cat","embeddable":true,"href":"https:\/\/tursaytravel.com\/de\/wp-json\/wp\/v2\/product_cat?post=2538"},{"taxonomy":"product_tag","embeddable":true,"href":"https:\/\/tursaytravel.com\/de\/wp-json\/wp\/v2\/product_tag?post=2538"}],"curies":[{"name":"wp","href":"https:\/\/api.w.org\/{rel}","templated":true}]}}