{"id":2534,"date":"2024-05-21T23:08:29","date_gmt":"2024-05-21T20:08:29","guid":{"rendered":"https:\/\/tursaytravel.com\/alanya-reittour\/"},"modified":"2026-01-31T21:16:58","modified_gmt":"2026-01-31T18:16:58","slug":"alanya-reittour","status":"publish","type":"product","link":"https:\/\/tursaytravel.com\/de\/alanya-reittour\/","title":{"rendered":"Alanya Reittour"},"content":{"rendered":"<h2>Alanya Reittour<\/h2>\n<p>Reiten ist eine tolle Aktivit\u00e4t f\u00fcr diejenigen, die gerne in Kontakt mit der Natur sind. Mit dem Pferd durch die Natur zu reiten, den Wind auf den Haaren zu sp\u00fcren und dem Zwitschern der V\u00f6gel zu lauschen, ist ein echtes Fluchterlebnis. Pferde faszinieren durch ihre Einfachheit und Kraft. Mit ihnen zu kommunizieren und im Einklang mit ihrem nat\u00fcrlichen Rhythmus zu sein, bringt Menschen zum Frieden. Beim Ausreiten k\u00f6nnen Sie die Aussicht um Sie herum genie\u00dfen. Natursch\u00f6nheiten, Himmel und Gr\u00fcn werden Sie faszinieren.     <\/p>\n<h3>Einzelheiten zur Tour:<\/h3>\n<ul>\n<li>Wir holen Sie gegen 09:00 Uhr morgens von Ihrem Hotel ab.<\/li>\n<li>Wir werden zur Pferdefarm im Dorf Demirta\u015f gehen.<\/li>\n<li>Unser Guide gibt Ihnen Informationen zu den Regeln<\/li>\n<li>Reiten in der Wald- und Bergregion, in der sich die antike Stadt Syedra befindet. (3 Stunden)<\/li>\n<li>Wir kehren zur Pferdefarm zur\u00fcck.<\/li>\n<li>Es wird eine Pause und freie Zeit auf dem Pferdehof sein.<\/li>\n<li>Sie k\u00f6nnen sich auch die w\u00e4hrend der Tour aufgenommenen Fotos ansehen.<\/li>\n<li>Wir bringen Sie gegen 13:00 Uhr in Ihrem Hotel.<\/li>\n<\/ul>\n<p>Viel Spa\u00df vorab \ud83d\ude42<\/p>\n<h3>Im Preis inbegriffen:<\/h3>\n<ul>\n<li>Versicherung<\/li>\n<li>F\u00fchrung<\/li>\n<li>Abholung und R\u00fccktransfer<\/li>\n<li>Ausr\u00fcstung<\/li>\n<\/ul>\n<h3>Optional im Preis ausgeschlossen:<\/h3>\n<ul>\n<li>Pers\u00f6nliche Ausgaben<\/li>\n<li>Foto<\/li>\n<\/ul>\n<h3>Hinweise und zus\u00e4tzliche Informationen:<\/h3>\n<ul>\n<li>Wer noch nie auf einem Pferd gesessen ist, kann an unserer Reittour teilnehmen.<\/li>\n<li>Sie k\u00f6nnen Sonnencreme und einen Hut verwenden<\/li>\n<li>Personen \u00fcber 100 kg k\u00f6nnen nicht an unserer Pferdetour teilnehmen.<\/li>\n<li>Abhol- und R\u00fcckgabezeiten k\u00f6nnen je nach Standort Ihres Hotels variieren.<\/li>\n<\/ul>\n<h3>Allgemeine Informationen:<\/h3>\n<ul>\n<li>Tourtage: Bitte kontaktieren Sie uns per WhatsApp f\u00fcr den Tourtag<\/li>\n<li>Abholpunkt: Hotel<\/li>\n<li>Abholzeit: 09:00<\/li>\n<li>Abgabepunkt: Hotel<\/li>\n<li>Abgabezeit: 13:00<\/li>\n<li>Tourzeit: 4 (Transport inbegriffen)<\/li>\n<\/ul>\n","protected":false},"excerpt":{"rendered":"<h3>Preisliste<\/h3>\n<table class=\"price-table\">\n<tbody>\n<tr>\n<td>Eine Person<\/td>\n<td>Erwachsene (&gt;12)<\/td>\n<td>55 \u20ac<\/td>\n<\/tr>\n<tr>\n<td>Eine Person<\/td>\n<td>Kind (7-11)<\/td>\n<td>55 \u20ac<\/td>\n<\/tr>\n<tr>\n<td>Eine Person<\/td>\n<td>S\u00e4ugling (0-6)<\/td>\n<td>55 \u20ac<\/td>\n<\/tr>\n<\/tbody>\n<\/table>\n","protected":false},"featured_media":766,"comment_status":"open","ping_status":"closed","template":"","meta":{"_joinchat":[]},"product_brand":[],"product_cat":[44],"product_tag":[],"class_list":{"0":"post-2534","1":"product","2":"type-product","3":"status-publish","4":"has-post-thumbnail","6":"product_cat-alanya-touren","8":"first","9":"instock","10":"sold-individually","11":"shipping-taxable","12":"purchasable","13":"product-type-booking"},"booking_location":"","booking_location_type":"","booking_duration":1,"booking_duration_unit":"day","booking_buffer":0,"booking_cost":0,"booking_resources":[],"jetpack_sharing_enabled":true,"_links":{"self":[{"href":"https:\/\/tursaytravel.com\/de\/wp-json\/wp\/v2\/product\/2534","targetHints":{"allow":["GET"]}}],"collection":[{"href":"https:\/\/tursaytravel.com\/de\/wp-json\/wp\/v2\/product"}],"about":[{"href":"https:\/\/tursaytravel.com\/de\/wp-json\/wp\/v2\/types\/product"}],"replies":[{"embeddable":true,"href":"https:\/\/tursaytravel.com\/de\/wp-json\/wp\/v2\/comments?post=2534"}],"wp:featuredmedia":[{"embeddable":true,"href":"https:\/\/tursaytravel.com\/de\/wp-json\/wp\/v2\/media\/766"}],"wp:attachment":[{"href":"https:\/\/tursaytravel.com\/de\/wp-json\/wp\/v2\/media?parent=2534"}],"wp:term":[{"taxonomy":"product_brand","embeddable":true,"href":"https:\/\/tursaytravel.com\/de\/wp-json\/wp\/v2\/product_brand?post=2534"},{"taxonomy":"product_cat","embeddable":true,"href":"https:\/\/tursaytravel.com\/de\/wp-json\/wp\/v2\/product_cat?post=2534"},{"taxonomy":"product_tag","embeddable":true,"href":"https:\/\/tursaytravel.com\/de\/wp-json\/wp\/v2\/product_tag?post=2534"}],"curies":[{"name":"wp","href":"https:\/\/api.w.org\/{rel}","templated":true}]}}