{"id":2518,"date":"2024-05-21T23:34:15","date_gmt":"2024-05-21T20:34:15","guid":{"rendered":"https:\/\/tursaytravel.com\/alanya-jeep-safari-nacht-tour\/"},"modified":"2026-04-17T16:22:42","modified_gmt":"2026-04-17T13:22:42","slug":"alanya-jeep-safari-nacht-tour","status":"publish","type":"product","link":"https:\/\/tursaytravel.com\/de\/alanya-jeep-safari-nacht-tour\/","title":{"rendered":"Alanya Jeep Safari Nacht Tour"},"content":{"rendered":"<h2>Alanya Jeep Safari Nacht Tour<\/h2>\n<p>Eine Nachtsafari-Tour in Alanya bietet ein sehr unterhaltsames Erlebnis! Bei dieser Tour handelt es sich um eine Abenteuertour mit offenen Jeeps an mediterranen Abenden. Es ist eine gro\u00dfartige Gelegenheit, die Sch\u00f6nheiten von Alanya auf unterhaltsame Weise zu entdecken! Wenn Sie eine Nacht voller Spa\u00df und Abenteuer verbringen m\u00f6chten, vergessen Sie nicht, eine Nacht auf der Alanya-Nachtsafari-Tour zu verbringen. Sie werden es nie bereuen.    <\/p>\n<h3>Einzelheiten zur Tour:<\/h3>\n<ul>\n<li>Wir holen Sie gegen 17:30 Uhr von Ihrem Hotel ab<\/li>\n<li>Treffen mit der Safarigruppe<\/li>\n<li>Kreuzfahrtpause am Burghang von Alanya.<\/li>\n<li>Es wird eine 2-st\u00fcndige Bootstour geben.<\/li>\n<li>Es wird eine Schwimmpause, Animation und Unterhaltung im Boot geben.<\/li>\n<li>Wir machen eine Pause am Aussichtsh\u00fcgel von Alanya.. Dort wird es Fackel- und Feuerwerksvorf\u00fchrungen geben. <\/li>\n<li>Danach gehen wir zum Abendessen zum Dim Stream. Das Abendessen ist in der Tour inbegriffen, Getr\u00e4nke extra<\/li>\n<li>Au\u00dferdem werden Bauchtanz und Animationen gezeigt.<\/li>\n<li>Wir bringen Sie gegen 22:00 Uhr abends in Ihrem Hotel.<\/li>\n<\/ul>\n<p> Viel Spa\u00df vorab  \ud83d\ude42<\/p>\n<h3>Im Preis inbegriffen:<\/h3>\n<ul>\n<li>Versicherung<\/li>\n<li>F\u00fchrung<\/li>\n<li>Abholung und R\u00fccktransfer<\/li>\n<li>Abendessen (H\u00fchnchen, Pasta, Salat) (offenes Buffet)<\/li>\n<li>Bootstour zwei Stunden<\/li>\n<li>Fackel- und Feuerwerksvorf\u00fchrung<\/li>\n<\/ul>\n<h3>Optional im Preis ausgeschlossen:<\/h3>\n<ul>\n<li>Getr\u00e4nke<\/li>\n<li>Foto und Video<\/li>\n<li>Pers\u00f6nliche Ausgaben<\/li>\n<\/ul>\n<h3>Hinweise und zus\u00e4tzliche Informationen:<\/h3>\n<ul>\n<li>Bringen Sie Badekleidung und ein Handtuch mit<\/li>\n<li>Sie k\u00f6nnen Ihr Foto und Video am Ende der Tour bei unserem Reiseleiter kaufen. (extra)<\/li>\n<li>Abhol- und R\u00fcckgabezeiten k\u00f6nnen je nach Standort Ihres Hotels variieren.<\/li>\n<\/ul>\n<h3>Allgemeine Informationen:<\/h3>\n<ul>\n<li>Tourtage:Dienstag Donnerstag Samstag<\/li>\n<li>Abholpunkt: Hotel<\/li>\n<li>Abholzeit: 17:30<\/li>\n<li>Abgabepunkt: Hotel<\/li>\n<li>Abgabezeit: 22:00<\/li>\n<li>Tourzeit: 4 (Transport inbegriffen)<\/li>\n<\/ul>\n","protected":false},"excerpt":{"rendered":"<h3>Preisliste<\/h3>\n<table class=\"price-table\">\n<tbody>\n<tr>\n<td>Eine Person<\/td>\n<td>Erwachsene (&gt;11)<\/td>\n<td>30 \u20ac<\/td>\n<\/tr>\n<tr>\n<td>Eine Person<\/td>\n<td>Kind (4-10)<\/td>\n<td>20 \u20ac<\/td>\n<\/tr>\n<tr>\n<td>Eine Person\n<\/td>\n<td>S\u00e4ugling (0-3)\n<\/td>\n<td>Kostenlos<\/td>\n<\/tr>\n<\/tbody>\n<\/table>\n","protected":false},"featured_media":826,"comment_status":"open","ping_status":"closed","template":"","meta":{"_joinchat":[]},"product_brand":[],"product_cat":[44],"product_tag":[],"class_list":{"0":"post-2518","1":"product","2":"type-product","3":"status-publish","4":"has-post-thumbnail","6":"product_cat-alanya-touren","8":"first","9":"instock","10":"sold-individually","11":"shipping-taxable","12":"purchasable","13":"product-type-booking"},"booking_location":"","booking_location_type":"","booking_duration":1,"booking_duration_unit":"day","booking_buffer":0,"booking_cost":0,"booking_resources":[],"jetpack_sharing_enabled":true,"_links":{"self":[{"href":"https:\/\/tursaytravel.com\/de\/wp-json\/wp\/v2\/product\/2518","targetHints":{"allow":["GET"]}}],"collection":[{"href":"https:\/\/tursaytravel.com\/de\/wp-json\/wp\/v2\/product"}],"about":[{"href":"https:\/\/tursaytravel.com\/de\/wp-json\/wp\/v2\/types\/product"}],"replies":[{"embeddable":true,"href":"https:\/\/tursaytravel.com\/de\/wp-json\/wp\/v2\/comments?post=2518"}],"wp:featuredmedia":[{"embeddable":true,"href":"https:\/\/tursaytravel.com\/de\/wp-json\/wp\/v2\/media\/826"}],"wp:attachment":[{"href":"https:\/\/tursaytravel.com\/de\/wp-json\/wp\/v2\/media?parent=2518"}],"wp:term":[{"taxonomy":"product_brand","embeddable":true,"href":"https:\/\/tursaytravel.com\/de\/wp-json\/wp\/v2\/product_brand?post=2518"},{"taxonomy":"product_cat","embeddable":true,"href":"https:\/\/tursaytravel.com\/de\/wp-json\/wp\/v2\/product_cat?post=2518"},{"taxonomy":"product_tag","embeddable":true,"href":"https:\/\/tursaytravel.com\/de\/wp-json\/wp\/v2\/product_tag?post=2518"}],"curies":[{"name":"wp","href":"https:\/\/api.w.org\/{rel}","templated":true}]}}