{"id":2498,"date":"2024-05-21T22:09:37","date_gmt":"2024-05-21T19:09:37","guid":{"rendered":"https:\/\/tursaytravel.com\/alanya-canyoning-rafting-zipline-tour\/"},"modified":"2026-01-31T21:40:36","modified_gmt":"2026-01-31T18:40:36","slug":"alanya-canyoning-rafting-zipline-tour","status":"publish","type":"product","link":"https:\/\/tursaytravel.com\/de\/alanya-canyoning-rafting-zipline-tour\/","title":{"rendered":"Alanya Canyoning-Rafting-Zipline Tour"},"content":{"rendered":"<h2>Alanya Canyoning-Rafting-Zipline Tour<\/h2>\n<p>Rafting, Canyoning und Zipline Tour im K\u00f6pr\u00fcl\u00fc-Canyon ist ein aufregendes Erlebnis im K\u00f6pr\u00fcl\u00fc-Canyon, einer der Natursch\u00f6nheiten von Antalya. Hier einige Informationen zu dieser Tour: <\/p>\n<h3>Rafting:<\/h3>\n<ul>\n<li>Es handelt sich um eine Teamaktivit\u00e4t, die im k\u00fchlen Wasser des K\u00f6pr\u00fcl\u00fc-Canyons durchgef\u00fchrt wird.<\/li>\n<li>Beim gemeinsamen Schwimmen in den Armen der Str\u00f6mungen k\u00f6nnen Sie den Zauber der Natur und die Spannung gemeinsam sp\u00fcren.<\/li>\n<\/ul>\n<h3>Canyon-\u00dcberquerung:<\/h3>\n<ul>\n<li>Es ist eine einzigartige Aktivit\u00e4t, die es Ihnen erm\u00f6glicht, die geheimnisvolle Welt des Canyons zu entdecken.<\/li>\n<li>Dabei geht es um Schwimmen, Walken und Klettern.<\/li>\n<\/ul>\n<h3>Zipline:<\/h3>\n<ul>\n<li>Es gibt Ihnen den Geschmack von Freiheit.<\/li>\n<li>Sie k\u00f6nnen schnell \u00fcber die Schlucht gleiten und die Vogelperspektive genie\u00dfen.<\/li>\n<li>Rafting, Canyon und Zipline Touren im K\u00f6pr\u00fcl\u00fc Canyon bieten wunderbare Erinnerungen f\u00fcr Natur- und Adrenalinliebhaber. Es ist eine einzigartige Gelegenheit f\u00fcr alle, die spannende Momente im nat\u00fcrlichen Rahmen dieser Ereignisse erleben m\u00f6chten. <\/li>\n<\/ul>\n<h3>Einzelheiten zur Tour:<\/h3>\n<ul>\n<li>Wir holen Sie gegen 08:00 Uhr von Ihrem Hotel ab.<\/li>\n<li>Die Fahrt mit dem klimatisierten Bus dauert zweieinhalb Stunden.<\/li>\n<li>Wir werden zum K\u00f6pr\u00fcl\u00fc Canyon fahren.<\/li>\n<li>Unser Reiseleiter gibt Ihnen Informationen zur Tour und stellt Ihnen die Ausr\u00fcstung zur Verf\u00fcgung.<\/li>\n<li>Im Canyon k\u00f6nnen Sie etwa eineinhalb Stunden lang schwimmen, wandern und springen.<\/li>\n<li>Wir schwimmen eine Strecke von 600 Metern und erreichen das Rafting-Gebiet.<\/li>\n<li>Wir werden mit dem Rafting beginnen. (14 km und ca. 2 Stunden)<\/li>\n<li>Nach dem Rafting gibt Ihnen unser Guide Informationen \u00fcber die Seilrutsche und gibt Ihnen die n\u00f6tige Ausr\u00fcstung f\u00fcr die Seilrutsche<\/li>\n<li>1 Stunde Zipline-Dauer (Informationen enthalten) (Der Zipline-Bereich betr\u00e4gt insgesamt 700 Meter Hin- und R\u00fcckfahrt.)<\/li>\n<li>Nach der Seilrutsche werden wir am Fluss zu Mittag essen<\/li>\n<li>R\u00fcckkehr nach Alanya<\/li>\n<li>Wir bringen Sie gegen 18:30 Uhr in Ihrem Hotel.<\/li>\n<\/ul>\n<p>Viel Spa\u00df vorab \ud83d\ude42<\/p>\n<h3>Im Preis inbegriffen:<\/h3>\n<ul>\n<li>Versicherung<\/li>\n<li>F\u00fchrung<\/li>\n<li>Abholung und R\u00fccktransfer<\/li>\n<li>Mittagessen<\/li>\n<li>Ausr\u00fcstung<\/li>\n<\/ul>\n<h3>Optional im Preis ausgeschlossen:<\/h3>\n<ul>\n<li>Getr\u00e4nke<\/li>\n<li>Pers\u00f6nliche Ausgaben<\/li>\n<li>Foto, Video<\/li>\n<\/ul>\n<h3>Hinweise und zus\u00e4tzliche Informationen:<\/h3>\n<ul>\n<li>Sie sollten ein Handtuch, Badeanzug, Shorts, Sonnencreme, wasserfeste Schuhe und Sandalen mitbringen.<\/li>\n<li>Sie k\u00f6nnen diese Schuhe in unserem Reisef\u00fchrer kaufen (extra)<\/li>\n<li>Schwangere Frauen k\u00f6nnen an dieser Tour nicht teilnehmen.<\/li>\n<li>Teilnehmer m\u00fcssen \u00fcber 3 Jahre alt sein<\/li>\n<li>Abhol- und R\u00fcckgabezeiten k\u00f6nnen je nach Standort Ihres Hotels variieren.<\/li>\n<\/ul>\n<h3>Allgemeine Informationen:<\/h3>\n<ul>\n<li>Tourtage: Montag, Donnerstag, Samstag<\/li>\n<li>Abholpunkt: Hotel<\/li>\n<li>Abholzeit: 08:00<\/li>\n<li>Abgabepunkt: Hotel<\/li>\n<li>Abgabezeit: 18:00<\/li>\n<li>Tourzeit: 10 (Transport inbegriffen)<\/li>\n<\/ul>\n","protected":false},"excerpt":{"rendered":"<h3>Preisliste<\/h3>\n<table class=\"price-table\">\n<tbody>\n<tr>\n<td>Eine Person<\/td>\n<td>Erwachsene (&gt;11)<\/td>\n<td>40 \u20ac<\/td>\n<\/tr>\n<tr>\n<td>Eine Person<\/td>\n<td>Kind (5-10)<\/td>\n<td>25 \u20ac<\/td>\n<\/tr>\n<tr>\n<td>Eine Person<\/td>\n<td>S\u00e4ugling (0-4)<\/td>\n<td>Kostenlos<\/td>\n<\/tr>\n<\/tbody>\n<\/table>\n","protected":false},"featured_media":1934,"comment_status":"open","ping_status":"closed","template":"","meta":{"_joinchat":[]},"product_brand":[],"product_cat":[44],"product_tag":[],"class_list":{"0":"post-2498","1":"product","2":"type-product","3":"status-publish","4":"has-post-thumbnail","6":"product_cat-alanya-touren","8":"first","9":"instock","10":"sold-individually","11":"shipping-taxable","12":"purchasable","13":"product-type-booking"},"booking_location":"","booking_location_type":"","booking_duration":1,"booking_duration_unit":"day","booking_buffer":0,"booking_cost":0,"booking_resources":[],"jetpack_sharing_enabled":true,"_links":{"self":[{"href":"https:\/\/tursaytravel.com\/de\/wp-json\/wp\/v2\/product\/2498","targetHints":{"allow":["GET"]}}],"collection":[{"href":"https:\/\/tursaytravel.com\/de\/wp-json\/wp\/v2\/product"}],"about":[{"href":"https:\/\/tursaytravel.com\/de\/wp-json\/wp\/v2\/types\/product"}],"replies":[{"embeddable":true,"href":"https:\/\/tursaytravel.com\/de\/wp-json\/wp\/v2\/comments?post=2498"}],"wp:featuredmedia":[{"embeddable":true,"href":"https:\/\/tursaytravel.com\/de\/wp-json\/wp\/v2\/media\/1934"}],"wp:attachment":[{"href":"https:\/\/tursaytravel.com\/de\/wp-json\/wp\/v2\/media?parent=2498"}],"wp:term":[{"taxonomy":"product_brand","embeddable":true,"href":"https:\/\/tursaytravel.com\/de\/wp-json\/wp\/v2\/product_brand?post=2498"},{"taxonomy":"product_cat","embeddable":true,"href":"https:\/\/tursaytravel.com\/de\/wp-json\/wp\/v2\/product_cat?post=2498"},{"taxonomy":"product_tag","embeddable":true,"href":"https:\/\/tursaytravel.com\/de\/wp-json\/wp\/v2\/product_tag?post=2498"}],"curies":[{"name":"wp","href":"https:\/\/api.w.org\/{rel}","templated":true}]}}