{"id":2494,"date":"2024-05-21T01:13:10","date_gmt":"2024-05-20T22:13:10","guid":{"rendered":"https:\/\/tursaytravel.com\/alanya-buggy-rafting-zipline-tour\/"},"modified":"2026-01-31T21:37:48","modified_gmt":"2026-01-31T18:37:48","slug":"alanya-buggy-rafting-zipline-tour","status":"publish","type":"product","link":"https:\/\/tursaytravel.com\/de\/alanya-buggy-rafting-zipline-tour\/","title":{"rendered":"Alanya Buggy-Rafting-Zipline Tour"},"content":{"rendered":"<h2>Alanya Buggy-Rafting-Zipline Tour<\/h2>\n<p>Erkunden Sie die faszinierende Landschaft mit einer herrlichen 3-in-1-Tour! Dieses ganzt\u00e4gige Abenteuer l\u00e4dt Sie zu einer Buggy-Safari, einem Rafting-Erlebnis und einer Seilrutsche ein. Es besteht auch die M\u00f6glichkeit, im K\u00f6pr\u00fcl\u00fc-Canyon Fotos mit herrlicher Aussicht zu machen. Dieser Ausflug ist die perfekte Kombination sowohl f\u00fcr diejenigen, die an einem unterhaltsamen und alternativen Tag teilnehmen m\u00f6chten, als auch f\u00fcr diejenigen, die auf der Suche nach einem zus\u00e4tzlichen Adrenalinsto\u00df sind.   <\/p>\n<p>1-st\u00fcndige Buggy-Safari-Fahrspa\u00df in der Natur.<\/p>\n<p>Erleben Sie die Spannung, wie ein Vogel am 250 Meter langen Stahlseil zu fliegen<\/p>\n<h3>Einzelheiten zur Tour:<\/h3>\n<ul>\n<li>Wir holen Sie gegen 08:00 Uhr von Ihrem Hotel ab.<\/li>\n<li>Die Fahrt mit dem klimatisierten Bus dauert zweieinhalb Stunden.<\/li>\n<li>Wir werden zum K\u00f6pr\u00fcl\u00fc Canyon fahren.<\/li>\n<li>Unser Guide gibt Ihnen Informationen zum Thema Buggy Safari.<\/li>\n<li>Etwa 1 Stunde Buggy-Safari in schlammigem Gel\u00e4nde.<\/li>\n<li>Nach der Buggy-Safari gibt Ihnen unser Guide Informationen zum Rafting. Au\u00dferdem geben wir Ihnen Rafting-Ausr\u00fcstung.<\/li>\n<li>Wir werden mit dem Rafting beginnen. (14 km und ca. 2 Stunden)<\/li>\n<li>Nach dem Rafting machen wir eine Mittagspause in der N\u00e4he des Flusses (ca. 1 Stunde).<\/li>\n<li>Nach dem Mittagessen gibt Ihnen unser Guide Informationen \u00fcber die Seilrutsche. Au\u00dferdem stellen wir Ihnen die Seilrutschenausr\u00fcstung zur Verf\u00fcgung.<\/li>\n<li>1 Stunde Zipline-Dauer (Informationen enthalten) (Zipline-Bereich 250 m, einfache Fahrt)<\/li>\n<li>R\u00fcckkehr nach Alanya<\/li>\n<li>Wir bringen Sie gegen 18:30 Uhr in Ihrem Hotel.<\/li>\n<\/ul>\n<p>Viel Spa\u00df vorab \ud83d\ude42<\/p>\n<h3>Im Preis inbegriffen:<\/h3>\n<ul>\n<li>Versicherung<\/li>\n<li>F\u00fchrung<\/li>\n<li>Abholung und R\u00fccktransfer<\/li>\n<li>Mittagessen<\/li>\n<li>Ausr\u00fcstung<\/li>\n<\/ul>\n<h3>Optional im Preis ausgeschlossen:<\/h3>\n<ul>\n<li>Getr\u00e4nke<\/li>\n<li>Pers\u00f6nliche Ausgaben<\/li>\n<li>Foto<\/li>\n<\/ul>\n<h3>Hinweise und zus\u00e4tzliche Informationen:<\/h3>\n<ul>\n<li>Die Reihenfolge der Tour kann sich je nach Gruppendichte \u00e4ndern.<\/li>\n<li>Bringen Sie eine Sonnenbrille und ein bandana mit, um Sand und Staub zu vermeiden.<\/li>\n<li>Sie sollten ein Handtuch, Badeanzug, Shorts, Sonnencreme, wasserfeste Schuhe und Sandalen mitbringen.<\/li>\n<li>Sie k\u00f6nnen diese Schuhe und Bandanas in unserem Reisef\u00fchrer kaufen (extra)<\/li>\n<li>Schwangere Frauen k\u00f6nnen an dieser Tour nicht teilnehmen.<\/li>\n<li>Teilnehmer m\u00fcssen \u00fcber 3 Jahre alt sein<\/li>\n<li>Abhol- und R\u00fcckgabezeiten k\u00f6nnen je nach Standort Ihres Hotels variieren.<\/li>\n<\/ul>\n<h3>Allgemeine Informationen:<\/h3>\n<ul>\n<li>Tourtage: T\u00e4glich<\/li>\n<li>Abholpunkt: Hotel<\/li>\n<li>Abholzeit: 08:00<\/li>\n<li>Abgabepunkt: Hotel<\/li>\n<li>Abgabezeit: 18:30<\/li>\n<li>Tourzeit: 10 (Transport inbegriffen)<\/li>\n<\/ul>\n","protected":false},"excerpt":{"rendered":"<h3>Preisliste<\/h3>\n<table class=\"price-table\">\n<tbody>\n<tr>\n<td>Eine Person<\/td>\n<td>Erwachsene (&gt;11)<\/td>\n<td>30 \u20ac<\/td>\n<\/tr>\n<tr>\n<td>Eine Person<\/td>\n<td>Kind(5-10)<\/td>\n<td>20 \u20ac<\/td>\n<\/tr>\n<tr>\n<td>Eine Person<\/td>\n<td>S\u00e4ugling(0-4)<\/td>\n<td>Kostenlos<\/td>\n<\/tr>\n<\/tbody>\n<\/table>\n","protected":false},"featured_media":1938,"comment_status":"open","ping_status":"closed","template":"","meta":{"_joinchat":[]},"product_brand":[],"product_cat":[44],"product_tag":[],"class_list":{"0":"post-2494","1":"product","2":"type-product","3":"status-publish","4":"has-post-thumbnail","6":"product_cat-alanya-touren","8":"first","9":"instock","10":"sold-individually","11":"shipping-taxable","12":"purchasable","13":"product-type-booking"},"booking_location":"","booking_location_type":"","booking_duration":1,"booking_duration_unit":"day","booking_buffer":0,"booking_cost":0,"booking_resources":[],"jetpack_sharing_enabled":true,"_links":{"self":[{"href":"https:\/\/tursaytravel.com\/de\/wp-json\/wp\/v2\/product\/2494","targetHints":{"allow":["GET"]}}],"collection":[{"href":"https:\/\/tursaytravel.com\/de\/wp-json\/wp\/v2\/product"}],"about":[{"href":"https:\/\/tursaytravel.com\/de\/wp-json\/wp\/v2\/types\/product"}],"replies":[{"embeddable":true,"href":"https:\/\/tursaytravel.com\/de\/wp-json\/wp\/v2\/comments?post=2494"}],"wp:featuredmedia":[{"embeddable":true,"href":"https:\/\/tursaytravel.com\/de\/wp-json\/wp\/v2\/media\/1938"}],"wp:attachment":[{"href":"https:\/\/tursaytravel.com\/de\/wp-json\/wp\/v2\/media?parent=2494"}],"wp:term":[{"taxonomy":"product_brand","embeddable":true,"href":"https:\/\/tursaytravel.com\/de\/wp-json\/wp\/v2\/product_brand?post=2494"},{"taxonomy":"product_cat","embeddable":true,"href":"https:\/\/tursaytravel.com\/de\/wp-json\/wp\/v2\/product_cat?post=2494"},{"taxonomy":"product_tag","embeddable":true,"href":"https:\/\/tursaytravel.com\/de\/wp-json\/wp\/v2\/product_tag?post=2494"}],"curies":[{"name":"wp","href":"https:\/\/api.w.org\/{rel}","templated":true}]}}