{"id":2491,"date":"2024-05-21T00:52:25","date_gmt":"2024-05-20T21:52:25","guid":{"rendered":"https:\/\/tursaytravel.com\/alanya-buggy-safari-tour\/"},"modified":"2026-01-31T21:46:33","modified_gmt":"2026-01-31T18:46:33","slug":"alanya-buggy-safari-tour","status":"publish","type":"product","link":"https:\/\/tursaytravel.com\/de\/alanya-buggy-safari-tour\/","title":{"rendered":"Alanya Buggy Safari Tour"},"content":{"rendered":"<h2>Alanya Buggy Safari Tour<\/h2>\n<p>Alanya Buggy Safari ist eine t\u00e4gliche Abenteuertour voller Spannung und Adrenalin mit sicheren Gel\u00e4ndefahrzeugen. Auf schlammigen Offroad-Strecken in den waldbedeckten Ausl\u00e4ufern des Toros-Gebirges k\u00f6nnen Sie abenteuerliche Erinnerungen sammeln. Ein F\u00fchrerschein ist hierf\u00fcr nicht erforderlich. Die Motoren sind automatisch und einfach. Wenn Sie Adrenalin m\u00f6gen, ist diese Tour genau das Richtige f\u00fcr Sie.    <\/p>\n<h3>Einzelheiten zur Tour:<\/h3>\n<ul>\n<li>Es gibt zwei Optionen f\u00fcr die Tourzeit.<\/li>\n<li>Erste Gruppe zwischen 08:30 und 12:30 Uhr<\/li>\n<li>Zweite Gruppe zwischen 14:30 und 18:30 Uhr<\/li>\n<li>Sie k\u00f6nnen aus zwei Optionen eine Reservierung f\u00fcr die von Ihnen gew\u00fcnschte Zeit vornehmen.<\/li>\n<li>Wir holen Sie von Ihrem Hotel ab.<\/li>\n<li>Wir werden zum Buggy-Safari-Bereich gehen.<\/li>\n<li>Unser Guide gibt Ihnen dort Informationen zum Fahren und zur Sicherheit.<\/li>\n<li>Vorher haben wir eine kleine Probefahrt.<\/li>\n<li>Danach beginnt die Tour mit einem Reiseleiter.<\/li>\n<li>Wir werden eine Pause und eine kleine Badepause einlegen.<\/li>\n<li>Danach machen wir eine Fotopause in Alarahan<\/li>\n<li>Wir kommen zur\u00fcck zur Buggy-Station. Danach bringen wir Sie zu Ihrem Hotel. <\/li>\n<li>Auf Wunsch steht ein 4 Personen Familien buggy zur Verf\u00fcgung (70 Euro)<\/li>\n<\/ul>\n<p>Viel Spa\u00df vorab \ud83d\ude42<\/p>\n<h3>Im Preis inbegriffen:<\/h3>\n<ul>\n<li>Versicherung<\/li>\n<li>F\u00fchrung<\/li>\n<li>Abholung und R\u00fccktransfer<\/li>\n<li>Ungef\u00e4hr 2 Stunden Fahrt<\/li>\n<li>Helm<\/li>\n<\/ul>\n<h3>Optional im Preis ausgeschlossen:<\/h3>\n<ul>\n<li>Essen<\/li>\n<li>Getr\u00e4nke<\/li>\n<li>Fotos und Videos<\/li>\n<li>Bandana<\/li>\n<li>Pers\u00f6nliche Ausgaben<\/li>\n<\/ul>\n<h3>Hinweise und zus\u00e4tzliche Informationen:<\/h3>\n<ul>\n<li>Ihre Kleidung wird schmutzig, daher sollten Sie geeignete Kleidung und Schuhe tragen.<\/li>\n<li>Bringen Sie eine Sonnenbrille und ein bandana mit, um Sand und Staub zu vermeiden.<\/li>\n<li>Wenn Sie kein bandana haben, k\u00f6nnen Sie es in unserem Reisef\u00fchrer dort kaufen (extra)<\/li>\n<li>Wenn Sie schwimmen m\u00f6chten, bringen Sie Badeanzug und Handtuch mit.<\/li>\n<li>F\u00fcr vierk\u00f6pfige Familien steht ein Familienauto zur Verf\u00fcgung. Bitte kontaktieren Sie uns diesbez\u00fcglich per WhatsApp. <\/li>\n<li>Abhol- und R\u00fcckgabezeiten k\u00f6nnen je nach Standort Ihres Hotels variieren.<\/li>\n<\/ul>\n<h3>Allgemeine Informationen:<\/h3>\n<ul>\n<li>Tourtage: T\u00e4glich<\/li>\n<li>Abholpunkt: Hotel<\/li>\n<li>Abholzeit: 08:30\/14:30<\/li>\n<li>Abgabepunkt: Hotel<\/li>\n<li>Abgabezeit: 12:30\/18:30<\/li>\n<li>Tourzeit: 4 (Transport inbegriffen)<\/li>\n<\/ul>\n","protected":false},"excerpt":{"rendered":"<h3>Preisliste<\/h3>\n<table class=\"price-table\">\n<tbody>\n<tr>\n<td>Eine Person\n<\/td>\n<td>Erwachsene\n<\/td>\n<td>35 \u20ac<\/td>\n<\/tr>\n<tr>\n<td>Eine Person\n<\/td>\n<td>Passagier\n<\/td>\n<td>10 \u20ac<\/td>\n<\/tr>\n<\/tbody>\n<\/table>\n","protected":false},"featured_media":363,"comment_status":"open","ping_status":"closed","template":"","meta":{"_joinchat":[]},"product_brand":[],"product_cat":[44],"product_tag":[],"class_list":{"0":"post-2491","1":"product","2":"type-product","3":"status-publish","4":"has-post-thumbnail","6":"product_cat-alanya-touren","8":"first","9":"instock","10":"sold-individually","11":"shipping-taxable","12":"purchasable","13":"product-type-booking"},"booking_location":"","booking_location_type":"","booking_duration":1,"booking_duration_unit":"day","booking_buffer":0,"booking_cost":0,"booking_resources":[],"jetpack_sharing_enabled":true,"_links":{"self":[{"href":"https:\/\/tursaytravel.com\/de\/wp-json\/wp\/v2\/product\/2491","targetHints":{"allow":["GET"]}}],"collection":[{"href":"https:\/\/tursaytravel.com\/de\/wp-json\/wp\/v2\/product"}],"about":[{"href":"https:\/\/tursaytravel.com\/de\/wp-json\/wp\/v2\/types\/product"}],"replies":[{"embeddable":true,"href":"https:\/\/tursaytravel.com\/de\/wp-json\/wp\/v2\/comments?post=2491"}],"wp:featuredmedia":[{"embeddable":true,"href":"https:\/\/tursaytravel.com\/de\/wp-json\/wp\/v2\/media\/363"}],"wp:attachment":[{"href":"https:\/\/tursaytravel.com\/de\/wp-json\/wp\/v2\/media?parent=2491"}],"wp:term":[{"taxonomy":"product_brand","embeddable":true,"href":"https:\/\/tursaytravel.com\/de\/wp-json\/wp\/v2\/product_brand?post=2491"},{"taxonomy":"product_cat","embeddable":true,"href":"https:\/\/tursaytravel.com\/de\/wp-json\/wp\/v2\/product_cat?post=2491"},{"taxonomy":"product_tag","embeddable":true,"href":"https:\/\/tursaytravel.com\/de\/wp-json\/wp\/v2\/product_tag?post=2491"}],"curies":[{"name":"wp","href":"https:\/\/api.w.org\/{rel}","templated":true}]}}