{"id":2487,"date":"2024-05-09T11:12:24","date_gmt":"2024-05-09T11:12:24","guid":{"rendered":"https:\/\/tursaytravel.com\/alanya-boat-tour\/"},"modified":"2026-01-31T17:51:50","modified_gmt":"2026-01-31T14:51:50","slug":"alanya-boat-tour","status":"publish","type":"product","link":"https:\/\/tursaytravel.com\/de\/alanya-boat-tour\/","title":{"rendered":"Alanya Boat Tour"},"content":{"rendered":"<h2>Alanya Boat Tour<\/h2>\n<p>Dies ist eine t\u00e4glich organisierte Unterhaltungstour auf unserem dreist\u00f6ckigen Piratenboot. Sie werden den weltber\u00fchmten Kleopatra-Strand, historische H\u00f6hlen und die sch\u00f6nsten Str\u00e4nde sehen und auch eine Schaumparty und unterhaltsame Aktivit\u00e4ten genie\u00dfen k\u00f6nnen. Diese Tour erwartet Sie in Alanya. <\/p>\n<h3>Einzelheiten zur Tour:<\/h3>\n<ul>\n<li>Wir holen Sie morgens gegen 09:30 Uhr von Ihrem Hotel ab.<\/li>\n<li>Ankunft im Hafen von Alanya.<\/li>\n<li>Unser Boot wird gegen 10:30 Uhr vom Hafen von Alanya abfahren.<\/li>\n<li>Die erste Badepause findet an der Werft neben dem Roten Turm statt.<\/li>\n<li>Wir werden die Piratenh\u00f6hle, die Phosphorh\u00f6hle und die Liebesh\u00f6hle sehen.<\/li>\n<li>Anschlie\u00dfend fahren wir zum ber\u00fchmten Kleopatra-Strand. Dort machen wir eine halbe Stunde Badepause. <\/li>\n<li>Anschlie\u00dfend fahren wir zum neuen Hafen zum Mittagessen und einer Badepause. Das Mittagessen ist in der Tour inbegriffen (H\u00e4hnchen, Pasta und Salat). <\/li>\n<li>Au\u00dferdem gibt es den ganzen Tag \u00fcber kostenlose Softdrinks, aber im Glas und zur Selbstbedienung (Wasser, Cola, Fanta).<\/li>\n<li>Nach dem Mittagessen gehen wir zu einem Strand neben Ula\u015f Beach und machen eine Badepause.<\/li>\n<li>W\u00e4hrend der Tour gibt es eine Schaumparty, Animationen, Musik und verschiedene Aktivit\u00e4ten.<\/li>\n<li>Wir kehren vom offenen Meer zum Hafen von Alanya zur\u00fcck.<\/li>\n<li>Wenn Sie Gl\u00fcck haben, k\u00f6nnen Sie Delfine sehen.<\/li>\n<li>Die Tour endet gegen 14:30 Uhr und wir bringen Sie gegen 15:00 Uhr zu Ihrem Hotel.<\/li>\n<\/ul>\n<p> Viel Spa\u00df vorab  \ud83d\ude42<\/p>\n<h3>Im Preis inbegriffen:<\/h3>\n<ul>\n<li>Versicherung<\/li>\n<li>F\u00fchrung<\/li>\n<li>Abholung und R\u00fccktransfer<\/li>\n<li>Mittagessen<\/li>\n<li>Erfrischungsgetr\u00e4nke (den ganzen Tag kostenlos)<\/li>\n<\/ul>\n<h3>Optional im Preis ausgeschlossen:<\/h3>\n<ul>\n<li>Foto<\/li>\n<li>Eiscreme<\/li>\n<li>Alkohol<\/li>\n<\/ul>\n<h3>Hinweise und zus\u00e4tzliche Informationen:<\/h3>\n<ul>\n<li>Sie sollten einen Badeanzug, Sonnencreme, eine Sonnenbrille und ein Handtuch mitbringen.<\/li>\n<li>Abhol- und R\u00fcckgabezeiten k\u00f6nnen je nach Standort Ihres Hotels variieren.<\/li>\n<\/ul>\n<h3>Allgemeine Informationen:<\/h3>\n<ul>\n<li>Tourtage: T\u00e4glich<\/li>\n<li>Abholpunkt: Hotel<\/li>\n<li>Abholzeit: 09:30<\/li>\n<li>Abgabepunkt: Hotel<\/li>\n<li>Abgabezeit: 15:00<\/li>\n<li>Tourzeit: 6 (Transport inbegriffen)<\/li>\n<\/ul>\n","protected":false},"excerpt":{"rendered":"<h3>Preisliste<\/h3>\n<table class=\"price-table\">\n<tbody>\n<tr>\n<td>Eine person<\/td>\n<td>Erwachsene (&gt;12)<\/td>\n<td>15 \u20ac<\/td>\n<\/tr>\n<tr>\n<td>Eine Person<\/td>\n<td>Kind (7-11)<\/td>\n<td>10 \u20ac<\/td>\n<\/tr>\n<tr>\n<td>Eine Person<\/td>\n<td>S\u00e4ugling(0-6)<\/td>\n<td>Kostenlos<\/td>\n<\/tr>\n<\/tbody>\n<\/table>\n","protected":false},"featured_media":160,"comment_status":"open","ping_status":"closed","template":"","meta":{"_joinchat":[]},"product_brand":[],"product_cat":[44],"product_tag":[],"class_list":{"0":"post-2487","1":"product","2":"type-product","3":"status-publish","4":"has-post-thumbnail","6":"product_cat-alanya-touren","8":"first","9":"instock","10":"sold-individually","11":"shipping-taxable","12":"purchasable","13":"product-type-booking"},"booking_location":"","booking_location_type":"","booking_duration":1,"booking_duration_unit":"day","booking_buffer":0,"booking_cost":0,"booking_resources":[],"jetpack_sharing_enabled":true,"_links":{"self":[{"href":"https:\/\/tursaytravel.com\/de\/wp-json\/wp\/v2\/product\/2487","targetHints":{"allow":["GET"]}}],"collection":[{"href":"https:\/\/tursaytravel.com\/de\/wp-json\/wp\/v2\/product"}],"about":[{"href":"https:\/\/tursaytravel.com\/de\/wp-json\/wp\/v2\/types\/product"}],"replies":[{"embeddable":true,"href":"https:\/\/tursaytravel.com\/de\/wp-json\/wp\/v2\/comments?post=2487"}],"wp:featuredmedia":[{"embeddable":true,"href":"https:\/\/tursaytravel.com\/de\/wp-json\/wp\/v2\/media\/160"}],"wp:attachment":[{"href":"https:\/\/tursaytravel.com\/de\/wp-json\/wp\/v2\/media?parent=2487"}],"wp:term":[{"taxonomy":"product_brand","embeddable":true,"href":"https:\/\/tursaytravel.com\/de\/wp-json\/wp\/v2\/product_brand?post=2487"},{"taxonomy":"product_cat","embeddable":true,"href":"https:\/\/tursaytravel.com\/de\/wp-json\/wp\/v2\/product_cat?post=2487"},{"taxonomy":"product_tag","embeddable":true,"href":"https:\/\/tursaytravel.com\/de\/wp-json\/wp\/v2\/product_tag?post=2487"}],"curies":[{"name":"wp","href":"https:\/\/api.w.org\/{rel}","templated":true}]}}