{"id":2483,"date":"2024-05-22T18:56:28","date_gmt":"2024-05-22T15:56:28","guid":{"rendered":"https:\/\/tursaytravel.com\/alanya-boot-tour-bei-sonnenuntergang\/"},"modified":"2026-01-31T21:48:34","modified_gmt":"2026-01-31T18:48:34","slug":"alanya-boot-tour-bei-sonnenuntergang","status":"publish","type":"product","link":"https:\/\/tursaytravel.com\/de\/alanya-boot-tour-bei-sonnenuntergang\/","title":{"rendered":"Alanya Boot Tour Bei Sonnenuntergang"},"content":{"rendered":"<h2>Alanya Boot Tour Bei Sonnenuntergang<\/h2>\n<p>Die auf unserem dreist\u00f6ckigen Boot in Alanya organisierte Bootstour bei Sonnenuntergang ist ein ruhiges, romantisches, friedliches und unterhaltsames Bootstourprogramm, das in der K\u00fchle des Abends stattfindet. Sie werden den weltber\u00fchmten Kleopatra-Strand, historische H\u00f6hlen und die sch\u00f6nsten Str\u00e4nde sehen und sich auch \u00fcber unterhaltsame Aktivit\u00e4ten freuen .  <\/p>\n<h3>Einzelheiten zur Tour:<\/h3>\n<ul>\n<li>Wir holen Sie gegen 17:30 Uhr von Ihrem Hotel ab.<\/li>\n<li>Ankunft im Hafen von Alanya.<\/li>\n<li>Wir werden die erste Badepause in der Werft neben Redtower einlegen.<\/li>\n<li>Wir werden die Piratenh\u00f6hle, die Phosphorh\u00f6hle und die Liebesh\u00f6hle sehen.<\/li>\n<li>Eine Badepause am ber\u00fchmten Kleopatra-Strand.<\/li>\n<li>Wir fahren zum Abendessen und zur Badepause zum neuen Hafen.<\/li>\n<li>Das Abendessen ist im Tourpreis enthalten (H\u00e4hnchen, Nudeln und Salat).<\/li>\n<li>Au\u00dferdem gibt es den ganzen Tag \u00fcber kostenlose Softdrinks, aber im Glas und zur Selbstbedienung (Wasser, Cola, Fanta).<\/li>\n<li>Nach der Abendessenpause gehen wir zum Strand neben dem Ula\u015f-Strand und machen eine Badepause.<\/li>\n<li>W\u00e4hrend der Tour gibt es eine Schaumparty, Animationen, Musik und verschiedene Aktivit\u00e4ten.<\/li>\n<li>Wir werden vom offenen Wasser in den Hafen von Alanya zur\u00fcckkehren.<\/li>\n<li>Wir bringen Sie gegen 21:30 Uhr in Ihrem Hotel.<\/li>\n<\/ul>\n<p>Viel Spa\u00df vorab \ud83d\ude42<\/p>\n<h3>Im Preis inbegriffen:<\/h3>\n<ul>\n<li>Versicherung<\/li>\n<li>F\u00fchrung<\/li>\n<li>Abholung und R\u00fccktransfer<\/li>\n<li>Abendessen<\/li>\n<li>Alkoholfreies Getr\u00e4nke (Wasser, Cola, Fanta)<\/li>\n<\/ul>\n<h3>Optional im Preis ausgeschlossen:<\/h3>\n<ul>\n<li>Alkohol<\/li>\n<li>Fotos<\/li>\n<li>Pers\u00f6nliche Ausgaben<\/li>\n<\/ul>\n<h3>Hinweise und zus\u00e4tzliche Informationen:<\/h3>\n<ul>\n<li>Bringen Sie einen Badeanzug und ein Handtuch mit.<\/li>\n<li>Abhol- und R\u00fcckgabezeiten k\u00f6nnen je nach Standort Ihres Hotels variieren.<\/li>\n<\/ul>\n<h3>Allgemeine Informationen:<\/h3>\n<ul>\n<li>Tourtage: Montag, Mittwoch, Freitag<\/li>\n<li>Abholpunkt: Hotel<\/li>\n<li>Abholzeit: 17:30<\/li>\n<li>Abgabepunkt: Hotel<\/li>\n<li>Abgabezeit: 21:30<\/li>\n<li>Tourzeit: 4 (Transport inbegriffen)<\/li>\n<\/ul>\n","protected":false},"excerpt":{"rendered":"<h3>Preisliste<\/h3>\n<table class=\"price-table\">\n<tbody>\n<tr>\n<td>Eine Person<\/td>\n<td>Erwachsene (&gt;12)<\/td>\n<td>20 \u20ac<\/td>\n<\/tr>\n<tr>\n<td>Eine Person<\/td>\n<td>Kind (7-11)<\/td>\n<td>10 \u20ac<\/td>\n<\/tr>\n<tr>\n<td>Eine Person<\/td>\n<td>S\u00e4ugling(0-6)<\/td>\n<td>Kostenlos<\/td>\n<\/tr>\n<\/tbody>\n<\/table>\n","protected":false},"featured_media":1387,"comment_status":"open","ping_status":"closed","template":"","meta":{"_joinchat":[]},"product_brand":[],"product_cat":[42],"product_tag":[],"class_list":{"0":"post-2483","1":"product","2":"type-product","3":"status-publish","4":"has-post-thumbnail","6":"product_cat-tours-in-alanya","8":"first","9":"instock","10":"sold-individually","11":"shipping-taxable","12":"purchasable","13":"product-type-booking"},"booking_location":"","booking_location_type":"","booking_duration":1,"booking_duration_unit":"day","booking_buffer":0,"booking_cost":0,"booking_resources":[],"jetpack_sharing_enabled":true,"_links":{"self":[{"href":"https:\/\/tursaytravel.com\/de\/wp-json\/wp\/v2\/product\/2483","targetHints":{"allow":["GET"]}}],"collection":[{"href":"https:\/\/tursaytravel.com\/de\/wp-json\/wp\/v2\/product"}],"about":[{"href":"https:\/\/tursaytravel.com\/de\/wp-json\/wp\/v2\/types\/product"}],"replies":[{"embeddable":true,"href":"https:\/\/tursaytravel.com\/de\/wp-json\/wp\/v2\/comments?post=2483"}],"wp:featuredmedia":[{"embeddable":true,"href":"https:\/\/tursaytravel.com\/de\/wp-json\/wp\/v2\/media\/1387"}],"wp:attachment":[{"href":"https:\/\/tursaytravel.com\/de\/wp-json\/wp\/v2\/media?parent=2483"}],"wp:term":[{"taxonomy":"product_brand","embeddable":true,"href":"https:\/\/tursaytravel.com\/de\/wp-json\/wp\/v2\/product_brand?post=2483"},{"taxonomy":"product_cat","embeddable":true,"href":"https:\/\/tursaytravel.com\/de\/wp-json\/wp\/v2\/product_cat?post=2483"},{"taxonomy":"product_tag","embeddable":true,"href":"https:\/\/tursaytravel.com\/de\/wp-json\/wp\/v2\/product_tag?post=2483"}],"curies":[{"name":"wp","href":"https:\/\/api.w.org\/{rel}","templated":true}]}}