{"id":2479,"date":"2024-05-21T00:36:10","date_gmt":"2024-05-20T21:36:10","guid":{"rendered":"https:\/\/tursaytravel.com\/alanya-aquapark-tour\/"},"modified":"2026-01-31T21:18:05","modified_gmt":"2026-01-31T18:18:05","slug":"alanya-aquapark-tour","status":"publish","type":"product","link":"https:\/\/tursaytravel.com\/de\/alanya-aquapark-tour\/","title":{"rendered":"Alanya Aquapark Tour"},"content":{"rendered":"<h2>Alanya Aquapark Tour<\/h2>\n<p>Der Eftalia Aquapark ist ein gro\u00dfer Wasserpark in der T\u00fcrkler-Stadt Alanya und bietet ein unterhaltsames Erlebnis f\u00fcr alle Altersgruppen. Mit unbegrenzten Speisen und Getr\u00e4nken am offenen Buffet k\u00f6nnen Sie Ihren Urlaub zu einem k\u00f6stlichen Erlebnis machen. Der Eftalia Aquapark ist f\u00fcr diejenigen gedacht, die hei\u00dfe Sommertage in einer k\u00fchlen und unterhaltsamen Atmosph\u00e4re verbringen m\u00f6chten .   <\/p>\n<h3>Einzelheiten zur Tour:<\/h3>\n<ul>\n<li>Wir holen Sie gegen 09:00 Uhr morgens von Ihrem Hotel ab.<\/li>\n<li>Aquapark befindet sich im T\u00fcrkler-Gebiet, etwa 25 km von Alanya entfernt.<\/li>\n<li>Ankunft im Aquapark und Freizeit.<\/li>\n<li>Unbegrenzte Speisen am offenen Buffet (zwischen 12:00 und 16:00 Uhr)<\/li>\n<li>Unbegrenzte alkoholfreie Getr\u00e4nke und Eiscreme (zwischen 12:00 und 16:00 Uhr)<\/li>\n<li>Unbegrenzte lokale alkoholische Getr\u00e4nke (Bier, Wein). (zwischen 12:00 und 16:00 Uhr)<\/li>\n<li>Im Aquapark gibt es 7 Pools und 19 Rutschen.<\/li>\n<li>Wir bringen Sie gegen 17:30 Uhr in Ihrem Hotel.<\/li>\n<\/ul>\n<p>Viel Spa\u00df vorab \ud83d\ude42<\/p>\n<h3>Im Preis inbegriffen:<\/h3>\n<ul>\n<li>Versicherung<\/li>\n<li>F\u00fchrung<\/li>\n<li>Abholung und R\u00fccktransfer<\/li>\n<li>Eintrittsgeb\u00fchr f\u00fcr den Aquapark<\/li>\n<li>Speisen, Getr\u00e4nke, lokale alkoholische Getr\u00e4nke,Eiscreme<\/li>\n<li>Sonnenliege, Sonnenschirm<\/li>\n<\/ul>\n<h3>Optional im Preis ausgeschlossen:<\/h3>\n<ul>\n<li>Pers\u00f6nliche Ausgaben<\/li>\n<\/ul>\n<h3>Hinweise und zus\u00e4tzliche Informationen:<\/h3>\n<ul>\n<li>Sie k\u00f6nnen Ihre Sachen sicher in unserem Fahrzeug lassen.<\/li>\n<li>Bringen Sie Sonnencreme, ein Handtuch und einen Badeanzug mit.<\/li>\n<li>Abhol- und R\u00fcckgabezeiten k\u00f6nnen je nach Standort Ihres Hotels variieren.<\/li>\n<\/ul>\n<h3>Allgemeine Informationen:<\/h3>\n<ul>\n<li>Tourtage: T\u00e4glich<\/li>\n<li>Abholpunkt: Hotel<\/li>\n<li>Abholzeit: 09:00<\/li>\n<li>Abgabepunkt: Hotel<\/li>\n<li>Drop Off Time: 17:30<\/li>\n<li>Tourzeit: 8 (Transport inbegriffen)<\/li>\n<\/ul>\n","protected":false},"excerpt":{"rendered":"<h3>Preisliste<\/h3>\n<table class=\"price-table\">\n<tbody>\n<tr>\n<td>Eine Person<\/td>\n<td>Erwachsene (&gt;12)<\/td>\n<td>55 \u20ac<\/td>\n<\/tr>\n<tr>\n<td>Eine Person<\/td>\n<td>Kind (6-11)<\/td>\n<td>40 \u20ac<\/td>\n<\/tr>\n<tr>\n<td>Eine Person<\/td>\n<td>S\u00e4ugling (0-5)<\/td>\n<td>Kostenlos<\/td>\n<\/tr>\n<\/tbody>\n<\/table>\n","protected":false},"featured_media":327,"comment_status":"open","ping_status":"closed","template":"","meta":{"_joinchat":[]},"product_brand":[],"product_cat":[44],"product_tag":[],"class_list":{"0":"post-2479","1":"product","2":"type-product","3":"status-publish","4":"has-post-thumbnail","6":"product_cat-alanya-touren","8":"first","9":"instock","10":"sold-individually","11":"shipping-taxable","12":"purchasable","13":"product-type-booking"},"booking_location":"","booking_location_type":"","booking_duration":1,"booking_duration_unit":"day","booking_buffer":0,"booking_cost":0,"booking_resources":[],"jetpack_sharing_enabled":true,"_links":{"self":[{"href":"https:\/\/tursaytravel.com\/de\/wp-json\/wp\/v2\/product\/2479","targetHints":{"allow":["GET"]}}],"collection":[{"href":"https:\/\/tursaytravel.com\/de\/wp-json\/wp\/v2\/product"}],"about":[{"href":"https:\/\/tursaytravel.com\/de\/wp-json\/wp\/v2\/types\/product"}],"replies":[{"embeddable":true,"href":"https:\/\/tursaytravel.com\/de\/wp-json\/wp\/v2\/comments?post=2479"}],"wp:featuredmedia":[{"embeddable":true,"href":"https:\/\/tursaytravel.com\/de\/wp-json\/wp\/v2\/media\/327"}],"wp:attachment":[{"href":"https:\/\/tursaytravel.com\/de\/wp-json\/wp\/v2\/media?parent=2479"}],"wp:term":[{"taxonomy":"product_brand","embeddable":true,"href":"https:\/\/tursaytravel.com\/de\/wp-json\/wp\/v2\/product_brand?post=2479"},{"taxonomy":"product_cat","embeddable":true,"href":"https:\/\/tursaytravel.com\/de\/wp-json\/wp\/v2\/product_cat?post=2479"},{"taxonomy":"product_tag","embeddable":true,"href":"https:\/\/tursaytravel.com\/de\/wp-json\/wp\/v2\/product_tag?post=2479"}],"curies":[{"name":"wp","href":"https:\/\/api.w.org\/{rel}","templated":true}]}}