{"id":2475,"date":"2024-05-20T15:47:15","date_gmt":"2024-05-20T12:47:15","guid":{"rendered":"https:\/\/tursaytravel.com\/alanya-5-in-1-super-combo-tour\/"},"modified":"2026-01-31T21:33:59","modified_gmt":"2026-01-31T18:33:59","slug":"alanya-5-in-1-super-combo-tour","status":"publish","type":"product","link":"https:\/\/tursaytravel.com\/de\/alanya-5-in-1-super-combo-tour\/","title":{"rendered":"Alanya 5 In 1 Super Combo Tour"},"content":{"rendered":"<h2>Alanya 5 In 1 Super Combo Tour<\/h2>\n<p>Dieses ganzt\u00e4gige Abenteuer l\u00e4dt Sie zu einer Caprio- und Buggy-Safari, einem Rafting-Erlebnis und einer Seilrutsche ein. Es besteht auch die M\u00f6glichkeit, im K\u00f6pr\u00fcl\u00fc-Canyon Fotos mit herrlicher Aussicht zu machen. Diese Tourpakete sind ideal f\u00fcr diejenigen, die Adrenalin und Spa\u00df in der Natur suchen. Es beschert den Teilnehmern nicht nur unvergessliche Erinnerungen und spannende Momente, sondern bietet auch die M\u00f6glichkeit, die Natursch\u00f6nheiten der Region hautnah kennenzulernen. Diese unter allen Sicherheitsvorkehrungen durchgef\u00fchrten und von erfahrenen Guides begleiteten Aktivit\u00e4ten werden die Herzen von Abenteuerlustigen im Sturm erobern.    <\/p>\n<h3>Einzelheiten zur Tour:<\/h3>\n<ul>\n<li>Wir holen Sie gegen 08:00 Uhr von Ihrem Hotel ab.<\/li>\n<li>Die Fahrt mit dem klimatisierten Bus dauert zweieinhalb Stunden.<\/li>\n<li>Wir werden zum K\u00f6pr\u00fcl\u00fc Canyon fahren.<\/li>\n<li>Wir werden die Cabrio-Safari starten.<\/li>\n<li>Wir fahren mit dem Cabrio Bus nach Canyon.<\/li>\n<li>Wir machen eine 20 min\u00fctige Ruhepause und Fotopause im Canyon.<\/li>\n<li>Nach der Cabrio Safari gibt Ihnen unser Guide Informationen zur Buggy-Safari.<\/li>\n<li>Etwa 1 Stunde Buggy-Safari in schlammigem Gel\u00e4nde.<\/li>\n<li>Nach der Buggy-Safari gibt Ihnen unser Guide Informationen zur Zipline. Au\u00dferdem geben wir Ihnen die Zipline Ausr\u00fcstung.<\/li>\n<li>1 Stunde Zipline-Dauer (Informationen enthalten) (Zipline-Bereich 250 m, einfache Fahrt)<\/li>\n<li>Nach der Seilrutsche Mittagspause im Restaurant am Flussufer.<\/li>\n<li>Nach dem Mittagessen gibt Ihnen unser Reiseleiter Informationen zum Rafting. Au\u00dferdem geben wir Ihnen Rafting-Ausr\u00fcstung.<\/li>\n<li>Wir werden mit dem Rafting beginnen. (14 km und ca. 2 Stunden)<\/li>\n<li>R\u00fcckkehr nach Alanya.<\/li>\n<li>Wir bringen Sie gegen 19:00 Uhr in Ihrem Hotel.<\/li>\n<\/ul>\n<p>Viel Spa\u00df vorab \ud83d\ude42<\/p>\n<h3>Im Preis inbegriffen:<\/h3>\n<ul>\n<li>Versicherung<\/li>\n<li>F\u00fchrung<\/li>\n<li>Abholung und R\u00fccktransfer<\/li>\n<li>Mittagessen<\/li>\n<li>Ausr\u00fcstung<\/li>\n<\/ul>\n<h3>Optional im Preis ausgeschlossen:<\/h3>\n<ul>\n<li>Getr\u00e4nke<\/li>\n<li>Pers\u00f6nliche Ausgaben<\/li>\n<li>Foto<\/li>\n<\/ul>\n<h3>Hinweise und zus\u00e4tzliche Informationen:<\/h3>\n<ul>\n<li>Die Reihenfolge der Tour kann sich je nach Gruppendichte \u00e4ndern.<\/li>\n<li>Bringen Sie eine Sonnenbrille und ein bandana mit, um Sand und Staub zu vermeiden.<\/li>\n<li>Sie sollten ein Handtuch, Badeanzug, Shorts, Sonnencreme, wasserfeste Schuhe und Sandalen mitbringen.<\/li>\n<li>Sie k\u00f6nnen diese Schuhe und Bandanas in unserem Reisef\u00fchrer kaufen (extra)<\/li>\n<li>Schwangere Frauen k\u00f6nnen an dieser Tour nicht teilnehmen.<\/li>\n<li>Teilnehmer m\u00fcssen \u00fcber 3 Jahre alt sein<\/li>\n<li>Abhol- und R\u00fcckgabezeiten k\u00f6nnen je nach Standort Ihres Hotels variieren.<\/li>\n<\/ul>\n<h3>Allgemeine Informationen:<\/h3>\n<ul>\n<li>Tourtage: T\u00e4glich<\/li>\n<li>Abholpunkt: Hotel<\/li>\n<li>Abholzeit: 08:00<\/li>\n<li>Abgabepunkt: Hotel<\/li>\n<li>Abgabezeit: 19:00<\/li>\n<li>Tourzeit: 11 (Transport inbegriffen)<\/li>\n<\/ul>\n","protected":false},"excerpt":{"rendered":"<h3>Preisliste<\/h3>\n<table class=\"price-table\">\n<tbody>\n<tr>\n<td>Eine Person<\/td>\n<td>Erwachsene (&gt;11)<\/td>\n<td>35 \u20ac<\/td>\n<\/tr>\n<tr>\n<td>Eine Person<\/td>\n<td>Kind (5-10)<\/td>\n<td>20 \u20ac<\/td>\n<\/tr>\n<tr>\n<td>Eine Person<\/td>\n<td>S\u00e4ugling (0-4)<\/td>\n<td>Kostenlos<\/td>\n<\/tr>\n<\/tbody>\n<\/table>\n","protected":false},"featured_media":238,"comment_status":"open","ping_status":"closed","template":"","meta":{"_joinchat":[]},"product_brand":[],"product_cat":[44],"product_tag":[],"class_list":{"0":"post-2475","1":"product","2":"type-product","3":"status-publish","4":"has-post-thumbnail","6":"product_cat-alanya-touren","8":"first","9":"instock","10":"sold-individually","11":"shipping-taxable","12":"purchasable","13":"product-type-booking"},"booking_location":"","booking_location_type":"","booking_duration":1,"booking_duration_unit":"day","booking_buffer":0,"booking_cost":0,"booking_resources":[],"jetpack_sharing_enabled":true,"_links":{"self":[{"href":"https:\/\/tursaytravel.com\/de\/wp-json\/wp\/v2\/product\/2475","targetHints":{"allow":["GET"]}}],"collection":[{"href":"https:\/\/tursaytravel.com\/de\/wp-json\/wp\/v2\/product"}],"about":[{"href":"https:\/\/tursaytravel.com\/de\/wp-json\/wp\/v2\/types\/product"}],"replies":[{"embeddable":true,"href":"https:\/\/tursaytravel.com\/de\/wp-json\/wp\/v2\/comments?post=2475"}],"wp:featuredmedia":[{"embeddable":true,"href":"https:\/\/tursaytravel.com\/de\/wp-json\/wp\/v2\/media\/238"}],"wp:attachment":[{"href":"https:\/\/tursaytravel.com\/de\/wp-json\/wp\/v2\/media?parent=2475"}],"wp:term":[{"taxonomy":"product_brand","embeddable":true,"href":"https:\/\/tursaytravel.com\/de\/wp-json\/wp\/v2\/product_brand?post=2475"},{"taxonomy":"product_cat","embeddable":true,"href":"https:\/\/tursaytravel.com\/de\/wp-json\/wp\/v2\/product_cat?post=2475"},{"taxonomy":"product_tag","embeddable":true,"href":"https:\/\/tursaytravel.com\/de\/wp-json\/wp\/v2\/product_tag?post=2475"}],"curies":[{"name":"wp","href":"https:\/\/api.w.org\/{rel}","templated":true}]}}