{"id":21216,"date":"2026-05-09T01:40:49","date_gmt":"2026-05-08T22:40:49","guid":{"rendered":"https:\/\/tursaytravel.com\/?post_type=product&#038;p=21216"},"modified":"2026-05-11T16:30:23","modified_gmt":"2026-05-11T13:30:23","slug":"alanya-stadt-boots-combo-tour","status":"publish","type":"product","link":"https:\/\/tursaytravel.com\/de\/alanya-stadt-boots-combo-tour\/","title":{"rendered":"Alanya Stadt &#038; Boots Combo Tour"},"content":{"rendered":"<h2>Alanya Stadt &#038; Boots Combo Tour<\/h2>\n<p>Dies ist ein ganzt\u00e4giges Tourprogramm, bei dem Sie die einzigartige historische Sch\u00f6nheit von Alanya zusammen mit der unterhaltsamen und lebhaften Atmosph\u00e4re einer Mittelmeer-Bootstour erleben k\u00f6nnen. Auf dieser besonderen Tour genie\u00dfen Sie sowohl kulturelle Entdeckungen als auch Meer und Sonne gleichzeitig. Den ganzen Tag \u00fcber erleben Sie unvergessliche Momente mit Panoramablicken, historischen Orten und nat\u00fcrlicher Sch\u00f6nheit. Au\u00dferdem sorgt die Piratenboot-Tour mit Musik, Animation und einer Schaumparty f\u00fcr zus\u00e4tzlichen Spa\u00df im Urlaub. Diese Tour verbindet Entdeckung, Meer und Unterhaltung in einem Programm und ist die perfekte M\u00f6glichkeit, Ihren Tag in Alanya zu verbringen.    <\/p>\n<h2>Einzelheiten zur Tour:<\/h2>\n<ul>\n<li>Abholung vom Hotel gegen 08:30 Uhr.<\/li>\n<li>Fotopause und Panoramablick auf der I Love Alanya Aussichtsplattform.<\/li>\n<li>Besuch der Alanya Antike Stadt (Innenburg): Ehmedek, Bedesten und historische S\u00fcleymaniye Moschee.<\/li>\n<li>1\u20131,5 Stunden Freizeit am Kleopatra Strand.<br \/>\nOptional: Damlata\u015f H\u00f6hle, Seilbahn, Schwimmen und Sonnenbaden am Kleopatra Strand. (H\u00f6hle und Seilbahn extra.) <\/li>\n<li>Mittagessen im Restaurant (gegrilltes H\u00e4hnchen, Salat, Pasta).<br \/>\nMittagessen ist im Preis enthalten, Getr\u00e4nke extra.<\/li>\n<li>Nach dem Mittagessen Fahrt zum Hafen von Alanya.<\/li>\n<li>1\u20131,5 Stunden Piraten-Bootstour.<\/li>\n<li>W\u00e4hrend der Bootstour: Werft, Piratenh\u00f6hle, Liebesh\u00f6hle, Phosphorh\u00f6hle, Badepause am Kleopatra Strand, Animation, Musik und Schaumparty.<\/li>\n<li>Am Ende der Tour bringen wir Sie gegen 17:30 Uhr zur\u00fcck zu Ihren Hotels.<\/li>\n<\/ul>\n<p>Viel Spa\u00df vorab\ud83d\ude42<\/p>\n<h2>Im Preis inbegriffen:<\/h2>\n<ul>\n<li>Versicherung<\/li>\n<li>F\u00fchrung<\/li>\n<li>Abholung und R\u00fccktransfer<\/li>\n<li>Mittagessen<\/li>\n<li>Bootstour<\/li>\n<\/ul>\n<h2>Optional im Preis ausgeschlossen:<\/h2>\n<ul>\n<li>Eintrittsgeb\u00fchr f\u00fcr die Damlata\u015f-H\u00f6hle<\/li>\n<li>Eintrittskarte f\u00fcr die Seilbahn<\/li>\n<li>Getr\u00e4nke<\/li>\n<li>Pers\u00f6nliche Ausgaben<\/li>\n<\/ul>\n<h2>Hinweise und zus\u00e4tzliche Informationen:<\/h2>\n<ul>\n<li>Abholzeiten k\u00f6nnen je nach Hotel variieren.<\/li>\n<li>Wenn Sie schwimmen m\u00f6chten, empfehlen wir Ihnen, Badekleidung und Handtuch mitzubringen.<\/li>\n<\/ul>\n<h2>Allgemeine Informationen:<\/h2>\n<ul>\n<li>Tourtage: Montag, Donnerstag, Samstag<\/li>\n<li>Abholpunkt: Hotel<\/li>\n<li>Abholzeit: 08:30<\/li>\n<li>Abgabepunkt: Hotel<\/li>\n<li>Abgabezeit: 17:30<\/li>\n<li>Tourzeit: 9 (Transport inbegriffen)<\/li>\n<\/ul>\n","protected":false},"excerpt":{"rendered":"<h3>Preisliste<\/h3>\n<table class=\"price-table\">\n<tbody>\n<tr>\n<td>Eine person<\/td>\n<td>Erwachsene (&gt;12)<\/td>\n<td>15 \u20ac<\/td>\n<\/tr>\n<tr>\n<td>Eine Person<\/td>\n<td>Kind (7-11)<\/td>\n<td>10 \u20ac<\/td>\n<\/tr>\n<tr>\n<td>Eine Person<\/td>\n<td>S\u00e4ugling(0-6)<\/td>\n<td>Kostenlos<\/td>\n<\/tr>\n<\/tbody>\n<\/table>\n","protected":false},"featured_media":21224,"comment_status":"open","ping_status":"closed","template":"","meta":{"_joinchat":[]},"product_brand":[],"product_cat":[44],"product_tag":[],"class_list":{"0":"post-21216","1":"product","2":"type-product","3":"status-publish","4":"has-post-thumbnail","6":"product_cat-alanya-touren","8":"first","9":"instock","10":"sold-individually","11":"shipping-taxable","12":"purchasable","13":"product-type-booking"},"booking_location":"","booking_location_type":"","booking_duration":1,"booking_duration_unit":"day","booking_buffer":0,"booking_cost":0,"booking_resources":[],"jetpack_sharing_enabled":true,"_links":{"self":[{"href":"https:\/\/tursaytravel.com\/de\/wp-json\/wp\/v2\/product\/21216","targetHints":{"allow":["GET"]}}],"collection":[{"href":"https:\/\/tursaytravel.com\/de\/wp-json\/wp\/v2\/product"}],"about":[{"href":"https:\/\/tursaytravel.com\/de\/wp-json\/wp\/v2\/types\/product"}],"replies":[{"embeddable":true,"href":"https:\/\/tursaytravel.com\/de\/wp-json\/wp\/v2\/comments?post=21216"}],"wp:featuredmedia":[{"embeddable":true,"href":"https:\/\/tursaytravel.com\/de\/wp-json\/wp\/v2\/media\/21224"}],"wp:attachment":[{"href":"https:\/\/tursaytravel.com\/de\/wp-json\/wp\/v2\/media?parent=21216"}],"wp:term":[{"taxonomy":"product_brand","embeddable":true,"href":"https:\/\/tursaytravel.com\/de\/wp-json\/wp\/v2\/product_brand?post=21216"},{"taxonomy":"product_cat","embeddable":true,"href":"https:\/\/tursaytravel.com\/de\/wp-json\/wp\/v2\/product_cat?post=21216"},{"taxonomy":"product_tag","embeddable":true,"href":"https:\/\/tursaytravel.com\/de\/wp-json\/wp\/v2\/product_tag?post=21216"}],"curies":[{"name":"wp","href":"https:\/\/api.w.org\/{rel}","templated":true}]}}