{"id":20743,"date":"2026-05-04T21:45:24","date_gmt":"2026-05-04T18:45:24","guid":{"rendered":"https:\/\/tursaytravel.com\/?post_type=product&#038;p=20743"},"modified":"2026-05-09T01:44:09","modified_gmt":"2026-05-08T22:44:09","slug":"side-bei-nacht-green-lake-bootstour-von-alanya","status":"publish","type":"product","link":"https:\/\/tursaytravel.com\/de\/side-bei-nacht-green-lake-bootstour-von-alanya\/","title":{"rendered":"Side bei Nacht &#038; Green Lake Bootstour von Alanya"},"content":{"rendered":"<h2>Side bei Nacht &#038; Green Lake Bootstour von Alanya<\/h2>\n<p>Diese besondere Tour ab Alanya verbindet Natur und Geschichte an einem Tag. Sie genie\u00dfen eine entspannte Bootsfahrt auf dem ruhigen Green Lake und erkunden am Abend die faszinierende Atmosph\u00e4re der Antike Stadt Side. Ein abwechslungsreiches Programm mit Abendessen bei Sonnenuntergang am See und einem Besuch des Manavgat Wasserfall erwartet Sie.  <\/p>\n<h2>Einzelheiten zur Tour:<\/h2>\n<ul>\n<li>Abholung vom Hotel gegen 15:00 Uhr mit klimatisierten Bussen<\/li>\n<li>Treffpunkt im G\u00f6lba\u015f\u0131 Restaurant am Manavgat Staudamm<\/li>\n<li>Ankunft am Hafen des Staudamms und Beginn der Green Lake Bootstour<\/li>\n<li>Unterhaltung und Badepausen w\u00e4hrend der Bootsfahrt<\/li>\n<li>R\u00fcckkehr zum Hafen<\/li>\n<li>Abendessen am See bei Sonnenuntergang<br \/>\n (Abendessen inklusive, Getr\u00e4nke extra)<\/li>\n<li>Besuch des Manavgat Wasserfall mit Fotopause<br \/>\n (Eintritt inklusive)<\/li>\n<li>Fahrt zur Antike Stadt Side<\/li>\n<li>2 Stunden Freizeit mit professionellem Guide zur Erkundung<\/li>\n<li>R\u00fcckkehr zu den Hotels gegen 23:30 Uhr<\/li>\n<\/ul>\n<p>Viel Spa\u00df vorab\ud83d\ude42<\/p>\n<h3>Im Preis inbegriffen:<\/h3>\n<ul>\n<li>Versicherung<\/li>\n<li>F\u00fchrung<\/li>\n<li>Abholung und R\u00fccktransfer<\/li>\n<li>Boat Tour<\/li>\n<li>Abendessen<\/li>\n<li>Eintritt zum Manavgat-Wasserfall<\/li>\n<\/ul>\n<h3>Optional im Preis ausgeschlossen:<\/h3>\n<ul>\n<li>Getr\u00e4nke<\/li>\n<li>Pers\u00f6nliche Ausgaben<\/li>\n<li>Foto<\/li>\n<\/ul>\n<h2>Hinweise und zus\u00e4tzliche Informationen:<\/h2>\n<ul>\n<li>Bringen Sie Badeanzug und Handtuch mit, wenn Sie schwimmen m\u00f6chten.<\/li>\n<li>Nach der Bootstour k\u00f6nnen Sie sich bei uns umziehen und Ihre Haare trocknen. Gerne k\u00f6nnen Sie auch Wechselkleidung mitbringen. <\/li>\n<li>Die Abhol- und R\u00fcckfahrzeiten k\u00f6nnen je nach Lage Ihres Hotels variieren.<\/li>\n<\/ul>\n<h2>Allgemeine Informationen:<\/h2>\n<ul>\n<li>Tourtage: Montag, Mittwoch, Freitag<\/li>\n<li>Abholpunkt: Hotel<\/li>\n<li>Abholzeit: 15:00<\/li>\n<li>Abgabepunkt: Hotel<\/li>\n<li>Abgabezeit: 23:30<\/li>\n<li>Tourzeit: 9 (Transport inbegriffen)<\/li>\n<\/ul>\n","protected":false},"excerpt":{"rendered":"<h3>Preisliste<\/h3>\n<table class=\"price-table\">\n<tbody>\n<tr>\n<td>Eine person<\/td>\n<td>Erwachsene (&gt;12)<\/td>\n<td>15 \u20ac<\/td>\n<\/tr>\n<tr>\n<td>Eine Person<\/td>\n<td>Kind (7-11)<\/td>\n<td>10 \u20ac<\/td>\n<\/tr>\n<tr>\n<td>Eine Person<\/td>\n<td>S\u00e4ugling(0-6)<\/td>\n<td>Kostenlos<\/td>\n<\/tr>\n<\/tbody>\n<\/table>\n","protected":false},"featured_media":20756,"comment_status":"open","ping_status":"closed","template":"","meta":{"_joinchat":[]},"product_brand":[],"product_cat":[44],"product_tag":[],"class_list":{"0":"post-20743","1":"product","2":"type-product","3":"status-publish","4":"has-post-thumbnail","6":"product_cat-alanya-touren","8":"first","9":"instock","10":"sold-individually","11":"shipping-taxable","12":"purchasable","13":"product-type-booking"},"booking_location":"","booking_location_type":"","booking_duration":1,"booking_duration_unit":"day","booking_buffer":0,"booking_cost":0,"booking_resources":[],"jetpack_sharing_enabled":true,"_links":{"self":[{"href":"https:\/\/tursaytravel.com\/de\/wp-json\/wp\/v2\/product\/20743","targetHints":{"allow":["GET"]}}],"collection":[{"href":"https:\/\/tursaytravel.com\/de\/wp-json\/wp\/v2\/product"}],"about":[{"href":"https:\/\/tursaytravel.com\/de\/wp-json\/wp\/v2\/types\/product"}],"replies":[{"embeddable":true,"href":"https:\/\/tursaytravel.com\/de\/wp-json\/wp\/v2\/comments?post=20743"}],"wp:featuredmedia":[{"embeddable":true,"href":"https:\/\/tursaytravel.com\/de\/wp-json\/wp\/v2\/media\/20756"}],"wp:attachment":[{"href":"https:\/\/tursaytravel.com\/de\/wp-json\/wp\/v2\/media?parent=20743"}],"wp:term":[{"taxonomy":"product_brand","embeddable":true,"href":"https:\/\/tursaytravel.com\/de\/wp-json\/wp\/v2\/product_brand?post=20743"},{"taxonomy":"product_cat","embeddable":true,"href":"https:\/\/tursaytravel.com\/de\/wp-json\/wp\/v2\/product_cat?post=20743"},{"taxonomy":"product_tag","embeddable":true,"href":"https:\/\/tursaytravel.com\/de\/wp-json\/wp\/v2\/product_tag?post=20743"}],"curies":[{"name":"wp","href":"https:\/\/api.w.org\/{rel}","templated":true}]}}