{"id":20658,"date":"2026-05-04T21:14:21","date_gmt":"2026-05-04T18:14:21","guid":{"rendered":"https:\/\/tursaytravel.com\/?post_type=product&#038;p=20658"},"modified":"2026-05-12T15:53:27","modified_gmt":"2026-05-12T12:53:27","slug":"alanya-sapadere-canyon-und-dim-fluss-combo-tour","status":"publish","type":"product","link":"https:\/\/tursaytravel.com\/de\/alanya-sapadere-canyon-und-dim-fluss-combo-tour\/","title":{"rendered":"Alanya Sapadere Canyon und Dim Fluss Combo Tour"},"content":{"rendered":"<h2>Alanya Sapadere Canyon &#038; Dim Fluss Combo Tour<\/h2>\n<p>Diese Tour ist ideal f\u00fcr alle, die die nat\u00fcrliche Sch\u00f6nheit von Alanya entdecken m\u00f6chten. Sie spazieren durch die erfrischenden Gew\u00e4sser des Sapadere Canyon und genie\u00dfen beeindruckende Ausblicke inmitten der Natur. Eine entspannte Pause am Dim Fluss mit Mittagessen erwartet Sie.   <\/p>\n<h2>Einzelheiten zur Tour:<\/h2>\n<ul>\n<li>Abholung von den Hotels gegen 08:00 Uhr<\/li>\n<li>Besuch einer Bananenplantage<\/li>\n<li>Fahrt zum Sapadere Canyon<\/li>\n<li>Freizeit (ca. 1 Stunde) zum Wandern und Schwimmen im Canyon<\/li>\n<li>Besuch eines Lavendelfeldes und eines Dorfmarktes<\/li>\n<li>Besuch der Zwergenh\u00f6hle (Eintritt extra)<\/li>\n<li>Fahrt zur Antiken R\u00f6mischen Br\u00fccke<\/li>\n<li>Schwimmen, Spaziergang und Fotopause<\/li>\n<li>Weiterfahrt zum Dim Fluss f\u00fcr die Mittagspause (ca. 1 Stunde)<\/li>\n<li>Schwimmen optional<\/li>\n<li>(Mittagessen inklusive, Getr\u00e4nke extra)<\/li>\n<li>R\u00fcckkehr zu den Hotels gegen 16:30 Uhr<\/li>\n<\/ul>\n<p>Viel Spa\u00df vorab\ud83d\ude42<\/p>\n<h3>Im Preis inbegriffen:<\/h3>\n<ul>\n<li>Versicherung<\/li>\n<li>F\u00fchrung<\/li>\n<li>Abholung und R\u00fccktransfer<\/li>\n<li>Mittagessen<\/li>\n<li>Eintrittsgeb\u00fchr f\u00fcr den Sapadere Canyon<\/li>\n<\/ul>\n<h3>Optional im Preis ausgeschlossen:<\/h3>\n<ul>\n<li>Getr\u00e4nke<\/li>\n<li>Pers\u00f6nliche Ausgaben<\/li>\n<li>Eintrittsgeb\u00fchr f\u00fcr die Zwergenh\u00f6hle<\/li>\n<\/ul>\n<h3>Hinweise und zus\u00e4tzliche Informationen:<\/h3>\n<ul>\n<li>Wenn Sie schwimmen m\u00f6chten, empfehlen wir Ihnen, Badekleidung und Handtuch mitzubringen.<\/li>\n<li>Abholzeiten k\u00f6nnen je nach Hotel variieren.<\/li>\n<\/ul>\n<h2>Allgemeine Informationen:<\/h2>\n<ul>\n<li>Tourtage: T\u00e4glich<\/li>\n<li>Abholpunkt: Hotel<\/li>\n<li>Abholzeit: 08:00<\/li>\n<li>Abgabepunkt: Hotel<\/li>\n<li>Abgabezeit: 16:30<\/li>\n<li>Tourzeit: 9 (Transport inbegriffen)<\/li>\n<\/ul>\n","protected":false},"excerpt":{"rendered":"<h3>Preisliste<\/h3>\n<table class=\"price-table\">\n<tbody>\n<tr>\n<td>Eine person<\/td>\n<td>Erwachsene (&gt;12)<\/td>\n<td>15 \u20ac<\/td>\n<\/tr>\n<tr>\n<td>Eine Person<\/td>\n<td>Kind (7-11)<\/td>\n<td>10 \u20ac<\/td>\n<\/tr>\n<tr>\n<td>Eine Person<\/td>\n<td>S\u00e4ugling(0-6)<\/td>\n<td>Kostenlos<\/td>\n<\/tr>\n<\/tbody>\n<\/table>\n","protected":false},"featured_media":20666,"comment_status":"open","ping_status":"closed","template":"","meta":{"_joinchat":[]},"product_brand":[],"product_cat":[44],"product_tag":[],"class_list":{"0":"post-20658","1":"product","2":"type-product","3":"status-publish","4":"has-post-thumbnail","6":"product_cat-alanya-touren","8":"first","9":"instock","10":"sold-individually","11":"shipping-taxable","12":"purchasable","13":"product-type-booking"},"booking_location":"","booking_location_type":"","booking_duration":1,"booking_duration_unit":"day","booking_buffer":0,"booking_cost":0,"booking_resources":[],"jetpack_sharing_enabled":true,"_links":{"self":[{"href":"https:\/\/tursaytravel.com\/de\/wp-json\/wp\/v2\/product\/20658","targetHints":{"allow":["GET"]}}],"collection":[{"href":"https:\/\/tursaytravel.com\/de\/wp-json\/wp\/v2\/product"}],"about":[{"href":"https:\/\/tursaytravel.com\/de\/wp-json\/wp\/v2\/types\/product"}],"replies":[{"embeddable":true,"href":"https:\/\/tursaytravel.com\/de\/wp-json\/wp\/v2\/comments?post=20658"}],"wp:featuredmedia":[{"embeddable":true,"href":"https:\/\/tursaytravel.com\/de\/wp-json\/wp\/v2\/media\/20666"}],"wp:attachment":[{"href":"https:\/\/tursaytravel.com\/de\/wp-json\/wp\/v2\/media?parent=20658"}],"wp:term":[{"taxonomy":"product_brand","embeddable":true,"href":"https:\/\/tursaytravel.com\/de\/wp-json\/wp\/v2\/product_brand?post=20658"},{"taxonomy":"product_cat","embeddable":true,"href":"https:\/\/tursaytravel.com\/de\/wp-json\/wp\/v2\/product_cat?post=20658"},{"taxonomy":"product_tag","embeddable":true,"href":"https:\/\/tursaytravel.com\/de\/wp-json\/wp\/v2\/product_tag?post=20658"}],"curies":[{"name":"wp","href":"https:\/\/api.w.org\/{rel}","templated":true}]}}