{"id":19941,"date":"2026-04-20T01:02:09","date_gmt":"2026-04-19T22:02:09","guid":{"rendered":"https:\/\/tursaytravel.com\/?post_type=product&#038;p=19941"},"modified":"2026-04-20T01:18:05","modified_gmt":"2026-04-19T22:18:05","slug":"green-canyon-manavgat-wasserfall-zoo-tour-von-belek","status":"publish","type":"product","link":"https:\/\/tursaytravel.com\/de\/green-canyon-manavgat-wasserfall-zoo-tour-von-belek\/","title":{"rendered":"Green Canyon, Manavgat Wasserfall &amp; Zoo Tour von Belek"},"content":{"rendered":"<h2>Green Canyon, Manavgat Wasserfall &amp; Zoo Tour von Belek<\/h2>\n<p>Freuen Sie sich auf einen erlebnisreichen Tag voller Natur, Entspannung und unvergesslicher Eindr\u00fccke! Entdecken Sie die atemberaubende Sch\u00f6nheit des Green Canyon bei einer Bootstour, genie\u00dfen Sie ein entspanntes Mittagessen am See und erleben Sie die erfrischende Atmosph\u00e4re des Manavgat-Wasserfalls. Der Besuch im Zoo sorgt zus\u00e4tzlich f\u00fcr Abwechslung und macht diesen Ausflug perfekt f\u00fcr Ihren Urlaub.<\/p>\n<h2>Einzelheiten zur Tour:<\/h2>\n<ul>\n<li>Abholung von den Hotels gegen 08:30 Uhr<\/li>\n<li>Ankunft am Treffpunkt und Information durch den Reiseleiter<\/li>\n<li>Beginn der Tour<\/li>\n<li>Ankunft im Zoo (Eintritt inklusive) \u2013 45 Minuten Freizeit<\/li>\n<li>Pause bei einem traditionellen G\u00f6zleme-Stand (ca. 30 Minuten)<\/li>\n<li>Mittagspause im Restaurant am Green Canyon See<br \/>\n(Mittagessen inklusive, Getr\u00e4nke extra)<\/li>\n<li>Nach dem Mittagessen: Bootstour im Green Canyon (Originalroute)<\/li>\n<li>Alkoholfreie Getr\u00e4nke auf dem Boot inklusive<\/li>\n<li>Letzter Stopp: Besuch des Manavgat Wasserfalls<br \/>\n(Eintritt inklusive)<\/li>\n<li>R\u00fcckfahrt<\/li>\n<li>R\u00fcckkehr zu den Hotels gegen 18:00 Uhr<\/li>\n<\/ul>\n<p>Viel Spa\u00df vorab\ud83d\ude42<\/p>\n<h3>Im Preis inbegriffen:<\/h3>\n<ul>\n<li>Versicherung<\/li>\n<li>F\u00fchrung<\/li>\n<li>Abholung und R\u00fccktransfer<\/li>\n<li>Mittagessen<\/li>\n<li>Eintritt in den Zoo<\/li>\n<li>Bootstour im Green Canyon (Original Green Canyon)<\/li>\n<li>alkoholfreie Getr\u00e4nke (nur an Bord)<\/li>\n<li>Eintritt zum Manavgat-Wasserfall<\/li>\n<\/ul>\n<h3>Optional im Preis ausgeschlossen:<\/h3>\n<ul>\n<li>Foto und video<\/li>\n<li>Pers\u00f6nliche Ausgaben<\/li>\n<li>Getr\u00e4nke<\/li>\n<\/ul>\n<h2>Hinweise und zus\u00e4tzliche Informationen:<\/h2>\n<ul>\n<li>Wenn Sie schwimmen m\u00f6chten, bringen Sie Badeanzug und Handtuch mit.<\/li>\n<li>Abhol- und R\u00fcckgabezeiten k\u00f6nnen je nach Standort Ihres Hotels variieren.<\/li>\n<\/ul>\n<h2>Allgemeine Informationen:<\/h2>\n<ul>\n<li>Tourtage: T\u00e4glich<\/li>\n<li>Abholpunkt: Hotel<\/li>\n<li>Abholzeit: 08:30<\/li>\n<li>Abgabepunkt: Hotel<\/li>\n<li>Abgabezeit: 18:00<\/li>\n<li>Tourzeit: 10 (Transport inbegriffen)<\/li>\n<\/ul>\n","protected":false},"excerpt":{"rendered":"<h3>Preisliste<\/h3>\n<table class=\"price-table\">\n<tbody>\n<tr>\n<td>Eine person<\/td>\n<td>Erwachsene (&gt;12)<\/td>\n<td>15 \u20ac<\/td>\n<\/tr>\n<tr>\n<td>Eine Person<\/td>\n<td>Kind (7-11)<\/td>\n<td>10 \u20ac<\/td>\n<\/tr>\n<tr>\n<td>Eine Person<\/td>\n<td>S\u00e4ugling(0-6)<\/td>\n<td>Kostenlos<\/td>\n<\/tr>\n<\/tbody>\n<\/table>\n","protected":false},"featured_media":19949,"comment_status":"open","ping_status":"closed","template":"","meta":{"_joinchat":[]},"product_brand":[],"product_cat":[68],"product_tag":[],"class_list":{"0":"post-19941","1":"product","2":"type-product","3":"status-publish","4":"has-post-thumbnail","6":"product_cat-touren-in-belek","8":"first","9":"instock","10":"sold-individually","11":"shipping-taxable","12":"purchasable","13":"product-type-booking"},"booking_location":"","booking_location_type":"","booking_duration":1,"booking_duration_unit":"day","booking_buffer":0,"booking_cost":0,"booking_resources":[],"jetpack_sharing_enabled":true,"_links":{"self":[{"href":"https:\/\/tursaytravel.com\/de\/wp-json\/wp\/v2\/product\/19941","targetHints":{"allow":["GET"]}}],"collection":[{"href":"https:\/\/tursaytravel.com\/de\/wp-json\/wp\/v2\/product"}],"about":[{"href":"https:\/\/tursaytravel.com\/de\/wp-json\/wp\/v2\/types\/product"}],"replies":[{"embeddable":true,"href":"https:\/\/tursaytravel.com\/de\/wp-json\/wp\/v2\/comments?post=19941"}],"wp:featuredmedia":[{"embeddable":true,"href":"https:\/\/tursaytravel.com\/de\/wp-json\/wp\/v2\/media\/19949"}],"wp:attachment":[{"href":"https:\/\/tursaytravel.com\/de\/wp-json\/wp\/v2\/media?parent=19941"}],"wp:term":[{"taxonomy":"product_brand","embeddable":true,"href":"https:\/\/tursaytravel.com\/de\/wp-json\/wp\/v2\/product_brand?post=19941"},{"taxonomy":"product_cat","embeddable":true,"href":"https:\/\/tursaytravel.com\/de\/wp-json\/wp\/v2\/product_cat?post=19941"},{"taxonomy":"product_tag","embeddable":true,"href":"https:\/\/tursaytravel.com\/de\/wp-json\/wp\/v2\/product_tag?post=19941"}],"curies":[{"name":"wp","href":"https:\/\/api.w.org\/{rel}","templated":true}]}}