{"id":19860,"date":"2026-04-20T00:32:31","date_gmt":"2026-04-19T21:32:31","guid":{"rendered":"https:\/\/tursaytravel.com\/?post_type=product&#038;p=19860"},"modified":"2026-04-20T01:01:23","modified_gmt":"2026-04-19T22:01:23","slug":"belek-tauchen-tour","status":"publish","type":"product","link":"https:\/\/tursaytravel.com\/de\/belek-tauchen-tour\/","title":{"rendered":"Belek Tauchen Tour"},"content":{"rendered":"<h2>Belek Tauchen Tour<\/h2>\n<p>Unsere Tauchtour ab Belek bietet ein sicheres und angenehmes Erlebnis in den klaren Gew\u00e4ssern des Mittelmeers. In Begleitung professioneller Tauchlehrer ist diese Tour auch f\u00fcr Anf\u00e4nger geeignet.<\/p>\n<p>Vor den Tauchg\u00e4ngen erfolgt eine ausf\u00fchrliche Einweisung auf dem Boot, und alle Tauchg\u00e4nge werden unter direkter Aufsicht durchgef\u00fchrt. Mit einer durchschnittlichen Tiefe von 7 Metern k\u00f6nnen Sie die Unterwasserwelt sicher entdecken.<\/p>\n<p>Neben den zwei Tauchg\u00e4ngen haben Sie Zeit zum Schwimmen, Sonnenbaden und Entspannen. Das Mittagessen ist im Preis inbegriffen.<\/p>\n<h3>Einzelheiten zur Tour:<\/h3>\n<ul>\n<li>Abholung vom Hotel gegen 08:00 Uhr<\/li>\n<li>Transfer zur Marina und Einweisung auf dem Boot<\/li>\n<li>2 Tauchg\u00e4nge mit dem Tauchlehrer<\/li>\n<li>(Durchschnittlich 7 Meter Tiefe)<\/li>\n<li>Nach dem ersten Tauchgang Mittagspause<\/li>\n<li>(Mittagessen: H\u00e4hnchen oder Fisch, Pasta und Salat)<\/li>\n<li>Mittagessen inklusive, Getr\u00e4nke extra<\/li>\n<li>Zweiter Tauchgang nach dem Mittagessen<\/li>\n<li>Freies Schwimmen und Sonnenbaden nach den Tauchg\u00e4ngen<\/li>\n<li>Ende der Tour<\/li>\n<li>R\u00fcckkehr zu den Hotels gegen 16:30 Uhr<\/li>\n<\/ul>\n<p>Viel Spa\u00df vorab! \ud83d\ude42<\/p>\n<h3>Im Preis inbegriffen:<\/h3>\n<ul>\n<li>Versicherung<\/li>\n<li>Abholung und R\u00fccktransfer<\/li>\n<li>F\u00fchrer, Erzieher<\/li>\n<li>Ausr\u00fcstung<\/li>\n<li>Mittagessen<\/li>\n<\/ul>\n<h3>Optional im Preis ausgeschlossen:<\/h3>\n<ul>\n<li>Getr\u00e4nke<\/li>\n<li>Foto und Video unter Wasser<\/li>\n<\/ul>\n<h3>Hinweise und zus\u00e4tzliche Informationen:<\/h3>\n<ul>\n<li>Wenn Sie nicht schwimmen k\u00f6nnen, ist es kein Problem, tauchen zu k\u00f6nnen, da es dort einen professionellen Ausbilder gibt. P\u00e4dagogen werden Ihnen helfen.<\/li>\n<li>Abhol- und R\u00fcckgabezeiten k\u00f6nnen je nach Standort Ihres Hotels variieren.<\/li>\n<\/ul>\n<h2>Allgemeine Informationen:<\/h2>\n<ul>\n<li>Tourtage: T\u00e4glich<\/li>\n<li>Abholpunkt: Hotel<\/li>\n<li>Abholzeit: 08:00<\/li>\n<li>Abgabepunkt: Hotel<\/li>\n<li>Abgabezeit: 16:30<\/li>\n<li>Tourzeit: 9 (Transport inbegriffen)<\/li>\n<\/ul>\n","protected":false},"excerpt":{"rendered":"<h3>Preisliste<\/h3>\n<table class=\"price-table\">\n<tbody>\n<tr>\n<td>Eine person<\/td>\n<td>Erwachsene (&gt;12)<\/td>\n<td>15 \u20ac<\/td>\n<\/tr>\n<tr>\n<td>Eine Person<\/td>\n<td>Kind (7-11)<\/td>\n<td>10 \u20ac<\/td>\n<\/tr>\n<tr>\n<td>Eine Person<\/td>\n<td>S\u00e4ugling(0-6)<\/td>\n<td>Kostenlos<\/td>\n<\/tr>\n<\/tbody>\n<\/table>\n","protected":false},"featured_media":19868,"comment_status":"open","ping_status":"closed","template":"","meta":{"_joinchat":[]},"product_brand":[],"product_cat":[68],"product_tag":[],"class_list":{"0":"post-19860","1":"product","2":"type-product","3":"status-publish","4":"has-post-thumbnail","6":"product_cat-touren-in-belek","8":"first","9":"instock","10":"sold-individually","11":"shipping-taxable","12":"purchasable","13":"product-type-booking"},"booking_location":"","booking_location_type":"","booking_duration":1,"booking_duration_unit":"day","booking_buffer":0,"booking_cost":0,"booking_resources":[],"jetpack_sharing_enabled":true,"_links":{"self":[{"href":"https:\/\/tursaytravel.com\/de\/wp-json\/wp\/v2\/product\/19860","targetHints":{"allow":["GET"]}}],"collection":[{"href":"https:\/\/tursaytravel.com\/de\/wp-json\/wp\/v2\/product"}],"about":[{"href":"https:\/\/tursaytravel.com\/de\/wp-json\/wp\/v2\/types\/product"}],"replies":[{"embeddable":true,"href":"https:\/\/tursaytravel.com\/de\/wp-json\/wp\/v2\/comments?post=19860"}],"wp:featuredmedia":[{"embeddable":true,"href":"https:\/\/tursaytravel.com\/de\/wp-json\/wp\/v2\/media\/19868"}],"wp:attachment":[{"href":"https:\/\/tursaytravel.com\/de\/wp-json\/wp\/v2\/media?parent=19860"}],"wp:term":[{"taxonomy":"product_brand","embeddable":true,"href":"https:\/\/tursaytravel.com\/de\/wp-json\/wp\/v2\/product_brand?post=19860"},{"taxonomy":"product_cat","embeddable":true,"href":"https:\/\/tursaytravel.com\/de\/wp-json\/wp\/v2\/product_cat?post=19860"},{"taxonomy":"product_tag","embeddable":true,"href":"https:\/\/tursaytravel.com\/de\/wp-json\/wp\/v2\/product_tag?post=19860"}],"curies":[{"name":"wp","href":"https:\/\/api.w.org\/{rel}","templated":true}]}}