{"id":2782,"date":"2024-05-23T02:30:06","date_gmt":"2024-05-22T23:30:06","guid":{"rendered":"https:\/\/tursaytravel.com\/kontakt\/"},"modified":"2026-04-04T02:13:57","modified_gmt":"2026-04-03T23:13:57","slug":"kontakt","status":"publish","type":"page","link":"https:\/\/tursaytravel.com\/de\/kontakt\/","title":{"rendered":"Kontakt"},"content":{"rendered":"\n<div class=\"row row-collapse row-full-width\"  id=\"row-1829116520\">\n\n\n\t<div id=\"col-347637824\" class=\"col small-12 large-12\"  >\n\t\t\t\t<div class=\"col-inner\"  >\n\t\t\t\n\t\t\t\n\n\n\t<section class=\"section\" id=\"section_27196225\">\n\t\t<div class=\"section-bg fill\" >\n\t\t\t<img loading=\"lazy\" decoding=\"async\" width=\"1500\" height=\"1125\" src=\"https:\/\/tursaytravel.com\/wp-content\/uploads\/2024\/05\/Our-Office-Tursay-Travel.webp\" class=\"bg attachment-original size-original\" alt=\"\">\t\t\t\t\t\t<div class=\"section-bg-overlay absolute fill\"><\/div>\n\t\t\t\n\n\t\t<\/div>\n\n\t\t\n\n\t\t<div class=\"section-content relative\">\n\t\t\t\n\n<div class=\"row row-collapse align-center\" style=\"max-width:\" id=\"row-1982941251\">\n\n\n\t<div id=\"col-351824147\" class=\"col small-12 large-12\"  >\n\t\t\t\t<div class=\"col-inner text-center dark\"  >\n\t\t\t\n\t\t\t\n\n<h1><span style=\"font-size: 250%;\">Kontakt<\/span><\/h1>\n\n\t\t<\/div>\n\t\t\t\t\n<style>\n#col-351824147 > .col-inner {\n  padding: 100px 20px 200px 0px;\n}\n@media (min-width:550px) {\n  #col-351824147 > .col-inner {\n    padding: 100px 0px 200px 0px;\n  }\n}\n<\/style>\n\t<\/div>\n\n\t\n\n<\/div>\n\n\t\t<\/div>\n\n\t\t\n<style>\n#section_27196225 {\n  padding-top: 0px;\n  padding-bottom: 0px;\n  min-height: 0px;\n}\n#section_27196225 .section-bg-overlay {\n  background-color: rgba(0, 0, 0, 0.12);\n}\n#section_27196225 .section-bg img {\n  object-position: 37% 74%;\n}\n@media (min-width:550px) {\n  #section_27196225 {\n    padding-top: 0px;\n    padding-bottom: 0px;\n  }\n  #section_27196225 .section-bg-overlay {\n    background-color: rgba(0, 0, 0, 0.21);\n  }\n}\n@media (min-width:850px) {\n  #section_27196225 {\n    padding-top: 100px;\n    padding-bottom: 100px;\n  }\n  #section_27196225 .section-bg-overlay {\n    background-color: rgba(0,0,0,.5);\n  }\n}\n<\/style>\n\t<\/section>\n\t\n\n\t\t<\/div>\n\t\t\t\t\t<\/div>\n\n\t\n\n<\/div>\n<div class=\"row row-large\" style=\"max-width:1400px\" id=\"row-1824522829\">\n\n\n\t<div id=\"col-1194763690\" class=\"col small-12 large-12\"  >\n\t\t\t\t<div class=\"col-inner\" style=\"background-color:rgb(255, 255, 255);\" >\n\t\t\t\n\t\t\t\n\n<div class=\"row row-collapse row-full-width\"  id=\"row-296268554\">\n\n\n\t<div id=\"col-105927013\" class=\"col medium-12 small-12 large-6\"  >\n\t\t\t\t<div class=\"col-inner\"  >\n\t\t\t\n\t\t\t\n\n<h2><span style=\"font-size: 120%;\">kontaktieren Sie uns<\/span><\/h2>\n\t<div id=\"gap-1958226707\" class=\"gap-element clearfix\" style=\"display:block; height:auto;\">\n\t\t\n<style>\n#gap-1958226707 {\n  padding-top: 20px;\n}\n@media (min-width:550px) {\n  #gap-1958226707 {\n    padding-top: 20px;\n  }\n}\n@media (min-width:850px) {\n  #gap-1958226707 {\n    padding-top: 30px;\n  }\n}\n<\/style>\n\t<\/div>\n\t\n\n<div class=\"row\"  id=\"row-1356740715\">\n\n\n\t<div id=\"col-342709446\" class=\"col medium-6 small-12 large-6\"  >\n\t\t\t\t<div class=\"col-inner\"  >\n\t\t\t\n\t\t\t\n\n\t<div class=\"img has-hover x md-x lg-x y md-y lg-y\" id=\"image_753286785\">\n\t\t\t\t\t\t\t\t<div class=\"img-inner dark\" >\n\t\t\t<img loading=\"lazy\" decoding=\"async\" width=\"512\" height=\"512\" src=\"https:\/\/tursaytravel.com\/wp-content\/uploads\/2024\/05\/5.webp\" class=\"attachment-large size-large\" alt=\"\" srcset=\"https:\/\/tursaytravel.com\/wp-content\/uploads\/2024\/05\/5.webp 512w, https:\/\/tursaytravel.com\/wp-content\/uploads\/2024\/05\/5-400x400.webp 400w, https:\/\/tursaytravel.com\/wp-content\/uploads\/2024\/05\/5-100x100.webp 100w, https:\/\/tursaytravel.com\/wp-content\/uploads\/2024\/05\/5-300x300.webp 300w, https:\/\/tursaytravel.com\/wp-content\/uploads\/2024\/05\/5-150x150.webp 150w\" sizes=\"auto, (max-width: 512px) 100vw, 512px\">\t\t\t\t\t\t\n\t\t\t\t\t<\/div>\n\t\t\t\t\t\t\t\t\n<style>\n#image_753286785 {\n  width: 15%;\n}\n@media (min-width:550px) {\n  #image_753286785 {\n    width: 20%;\n  }\n}\n<\/style>\n\t<\/div>\n\t\n\n<h3 class=\"uppercase\">Address<\/h3>\n<p>G\u00fcller P\u0131nar\u0131, Ahmet Toku\u015f Blv. No:141 D:A<\/p>\n<p>Alanya\/Antalya<\/p>\n\n\t\t<\/div>\n\t\t\t\t\t<\/div>\n\n\t\n\n\t<div id=\"col-139395612\" class=\"col medium-5 small-12 large-6\"  >\n\t\t\t\t<div class=\"col-inner\"  >\n\t\t\t\n\t\t\t\n\n\t<div class=\"img has-hover x md-x lg-x y md-y lg-y\" id=\"image_81257543\">\n\t\t\t\t\t\t\t\t<div class=\"img-inner dark\" >\n\t\t\t<img loading=\"lazy\" decoding=\"async\" width=\"512\" height=\"512\" src=\"https:\/\/tursaytravel.com\/wp-content\/uploads\/2024\/05\/6.webp\" class=\"attachment-large size-large\" alt=\"\" srcset=\"https:\/\/tursaytravel.com\/wp-content\/uploads\/2024\/05\/6.webp 512w, https:\/\/tursaytravel.com\/wp-content\/uploads\/2024\/05\/6-400x400.webp 400w, https:\/\/tursaytravel.com\/wp-content\/uploads\/2024\/05\/6-100x100.webp 100w, https:\/\/tursaytravel.com\/wp-content\/uploads\/2024\/05\/6-300x300.webp 300w, https:\/\/tursaytravel.com\/wp-content\/uploads\/2024\/05\/6-150x150.webp 150w\" sizes=\"auto, (max-width: 512px) 100vw, 512px\">\t\t\t\t\t\t\n\t\t\t\t\t<\/div>\n\t\t\t\t\t\t\t\t\n<style>\n#image_81257543 {\n  width: 15%;\n}\n@media (min-width:550px) {\n  #image_81257543 {\n    width: 20%;\n  }\n}\n<\/style>\n\t<\/div>\n\t\n\n<h3 class=\"uppercase\">\u00d6ffnungszeit<\/h3>\n<p>09:00 &#8211; 00:00<\/p>\n\n\t\t<\/div>\n\t\t\t\t\t<\/div>\n\n\t\n\n<\/div>\n<div class=\"row\"  id=\"row-531072910\">\n\n\n\t<div id=\"col-1161544249\" class=\"col medium-6 small-12 large-6\"  >\n\t\t\t\t<div class=\"col-inner\"  >\n\t\t\t\n\t\t\t\n\n\t<div class=\"img has-hover x md-x lg-x y md-y lg-y\" id=\"image_183260138\">\n\t\t\t\t\t\t\t\t<div class=\"img-inner dark\" >\n\t\t\t<img loading=\"lazy\" decoding=\"async\" width=\"512\" height=\"512\" src=\"https:\/\/tursaytravel.com\/wp-content\/uploads\/2024\/05\/7.webp\" class=\"attachment-large size-large\" alt=\"\" srcset=\"https:\/\/tursaytravel.com\/wp-content\/uploads\/2024\/05\/7.webp 512w, https:\/\/tursaytravel.com\/wp-content\/uploads\/2024\/05\/7-400x400.webp 400w, https:\/\/tursaytravel.com\/wp-content\/uploads\/2024\/05\/7-100x100.webp 100w, https:\/\/tursaytravel.com\/wp-content\/uploads\/2024\/05\/7-300x300.webp 300w, https:\/\/tursaytravel.com\/wp-content\/uploads\/2024\/05\/7-150x150.webp 150w\" sizes=\"auto, (max-width: 512px) 100vw, 512px\">\t\t\t\t\t\t\n\t\t\t\t\t<\/div>\n\t\t\t\t\t\t\t\t\n<style>\n#image_183260138 {\n  width: 15%;\n}\n@media (min-width:550px) {\n  #image_183260138 {\n    width: 20%;\n  }\n}\n<\/style>\n\t<\/div>\n\t\n\n<h3 class=\"uppercase\">E-mail<\/h3>\n<p><a href=\"mailto:info@tursaytravel.com\">info@tursaytravel.com<\/a><\/p>\n\n\t\t<\/div>\n\t\t\t\t\t<\/div>\n\n\t\n\n\t<div id=\"col-168656572\" class=\"col medium-6 small-12 large-6\"  >\n\t\t\t\t<div class=\"col-inner\"  >\n\t\t\t\n\t\t\t\n\n\t<div class=\"img has-hover x md-x lg-x y md-y lg-y\" id=\"image_1441176597\">\n\t\t\t\t\t\t\t\t<div class=\"img-inner dark\" >\n\t\t\t<img loading=\"lazy\" decoding=\"async\" width=\"512\" height=\"512\" src=\"https:\/\/tursaytravel.com\/wp-content\/uploads\/2024\/05\/8.webp\" class=\"attachment-large size-large\" alt=\"\" srcset=\"https:\/\/tursaytravel.com\/wp-content\/uploads\/2024\/05\/8.webp 512w, https:\/\/tursaytravel.com\/wp-content\/uploads\/2024\/05\/8-400x400.webp 400w, https:\/\/tursaytravel.com\/wp-content\/uploads\/2024\/05\/8-100x100.webp 100w, https:\/\/tursaytravel.com\/wp-content\/uploads\/2024\/05\/8-300x300.webp 300w, https:\/\/tursaytravel.com\/wp-content\/uploads\/2024\/05\/8-150x150.webp 150w\" sizes=\"auto, (max-width: 512px) 100vw, 512px\">\t\t\t\t\t\t\n\t\t\t\t\t<\/div>\n\t\t\t\t\t\t\t\t\n<style>\n#image_1441176597 {\n  width: 15%;\n}\n@media (min-width:550px) {\n  #image_1441176597 {\n    width: 20%;\n  }\n}\n<\/style>\n\t<\/div>\n\t\n\n<h3 class=\"uppercase\">Telefon<\/h3>\n<p><a href=\"tel:+905011559496\">+90 501 155 94 96<\/a><\/p>\n<p><i class=\"icon-whatsapp\" style=\"font-size: 18px;\"><\/i><a href=\"https:\/\/wa.me\/905011559496\" rel=\"nofollow noopener\" target=\"_blank\"> WhatsApp<\/a><\/p>\n<p> <\/p>\n\n\n\t\t<\/div>\n\t\t\t\t\t<\/div>\n\n\t\n\n<\/div>\n\n\t\t<\/div>\n\t\t\t\t\n<style>\n#col-105927013 > .col-inner {\n  padding: 0px 0px 0px 20px;\n}\n<\/style>\n\t<\/div>\n\n\t\n\n\t<div id=\"col-1518937233\" class=\"col medium-6 small-12 large-6\"  >\n\t\t\t\t<div class=\"col-inner\"  >\n\t\t\t\n\t\t\t\n\n\n\n<iframe src=\"https:\/\/www.google.com\/maps\/embed?pb=!1m18!1m12!1m3!1d3205.455858063298!2d32.017221899999996!3d36.54312!2m3!1f0!2f0!3f0!3m2!1i1024!2i768!4f13.1!3m3!1m2!1s0x14dc9913cf131929%3A0x2195843fc6b474aa!2sTursay%20Travel!5e0!3m2!1str!2str!4v1716493447537!5m2!1str!2str\" width=\"800\" height=\"600\" style=\"border:0;\" allowfullscreen=\"\" loading=\"lazy\" referrerpolicy=\"no-referrer-when-downgrade\"><\/iframe>\n\n\n\t\t<\/div>\n\t\t\t\t\t<\/div>\n\n\t\n\n\n<style>\n#row-296268554 > .col > .col-inner {\n  padding: 0px 15px 0px 15px;\n}\n<\/style>\n<\/div>\n\n\t\t<\/div>\n\t\t\t\t\n<style>\n#col-1194763690 > .col-inner {\n  padding: 50px 20px 0px 20px;\n  margin: -0 0px 0px 0px;\n}\n@media (min-width:550px) {\n  #col-1194763690 > .col-inner {\n    padding: 50px 20px 30px 20px;\n    margin: 0 0px 0px 0px;\n  }\n}\n@media (min-width:850px) {\n  #col-1194763690 > .col-inner {\n    padding: 66px 5% 16px 5%;\n    margin: -135px 0px 0px 0px;\n  }\n}\n<\/style>\n\t<\/div>\n\n\t\n\n<\/div>\n\n","protected":false},"excerpt":{"rendered":"","protected":false},"author":1661,"featured_media":0,"parent":0,"menu_order":0,"comment_status":"closed","ping_status":"closed","template":"page-blank.php","meta":{"_joinchat":[],"footnotes":""},"class_list":["post-2782","page","type-page","status-publish","hentry"],"jetpack_sharing_enabled":true,"_links":{"self":[{"href":"https:\/\/tursaytravel.com\/de\/wp-json\/wp\/v2\/pages\/2782","targetHints":{"allow":["GET"]}}],"collection":[{"href":"https:\/\/tursaytravel.com\/de\/wp-json\/wp\/v2\/pages"}],"about":[{"href":"https:\/\/tursaytravel.com\/de\/wp-json\/wp\/v2\/types\/page"}],"author":[{"embeddable":true,"href":"https:\/\/tursaytravel.com\/de\/wp-json\/wp\/v2\/users\/1661"}],"replies":[{"embeddable":true,"href":"https:\/\/tursaytravel.com\/de\/wp-json\/wp\/v2\/comments?post=2782"}],"version-history":[{"count":0,"href":"https:\/\/tursaytravel.com\/de\/wp-json\/wp\/v2\/pages\/2782\/revisions"}],"wp:attachment":[{"href":"https:\/\/tursaytravel.com\/de\/wp-json\/wp\/v2\/media?parent=2782"}],"curies":[{"name":"wp","href":"https:\/\/api.w.org\/{rel}","templated":true}]}}